{"id":771,"date":"2023-09-20T13:36:30","date_gmt":"2023-09-20T11:36:30","guid":{"rendered":"http:\/\/sp52.betulait.pl\/?page_id=771"},"modified":"2023-11-29T13:29:15","modified_gmt":"2023-11-29T12:29:15","slug":"swietlica","status":"publish","type":"page","link":"https:\/\/sp5.kwidzyn.pl\/?page_id=771","title":{"rendered":"\u015awietlica"},"content":{"rendered":"\t\t<div data-elementor-type=\"wp-page\" data-elementor-id=\"771\" class=\"elementor elementor-771\" data-elementor-post-type=\"page\">\n\t\t\t\t<div class=\"elementor-element elementor-element-23976524 e-con-full e-flex wpr-particle-no wpr-jarallax-no wpr-parallax-no wpr-sticky-section-no e-con e-parent\" data-id=\"23976524\" data-element_type=\"container\" data-e-type=\"container\" data-settings=\"{&quot;background_background&quot;:&quot;classic&quot;}\">\n\t\t\t\t<div class=\"elementor-element elementor-element-4df8fafa elementor-widget elementor-widget-html\" data-id=\"4df8fafa\" data-element_type=\"widget\" data-e-type=\"widget\" data-widget_type=\"html.default\">\n\t\t\t\t<div class=\"elementor-widget-container\">\n\t\t\t\t\t<nav aria-label=\"breadcrumbs\" class=\"rank-math-breadcrumb\"><p><span class=\"last\">Strona g\u0142\u00f3wna<\/span><\/p><\/nav>\t\t\t\t<\/div>\n\t\t\t\t<\/div>\n\t\t\t\t<\/div>\n\t\t<div class=\"elementor-element elementor-element-1f1fccc6 e-flex e-con-boxed wpr-particle-no wpr-jarallax-no wpr-parallax-no wpr-sticky-section-no e-con e-parent\" data-id=\"1f1fccc6\" data-element_type=\"container\" data-e-type=\"container\">\n\t\t\t\t\t<div class=\"e-con-inner\">\n\t\t\t\t<div class=\"elementor-element elementor-element-249fd0dd elementor-widget-divider--view-line elementor-widget elementor-widget-divider\" data-id=\"249fd0dd\" data-element_type=\"widget\" data-e-type=\"widget\" data-widget_type=\"divider.default\">\n\t\t\t\t<div class=\"elementor-widget-container\">\n\t\t\t\t\t\t\t<div class=\"elementor-divider\">\n\t\t\t<span class=\"elementor-divider-separator\">\n\t\t\t\t\t\t<\/span>\n\t\t<\/div>\n\t\t\t\t\t\t<\/div>\n\t\t\t\t<\/div>\n\t\t\t\t\t<\/div>\n\t\t\t\t<\/div>\n\t\t<div class=\"elementor-element elementor-element-e4bda0c e-flex e-con-boxed wpr-particle-no wpr-jarallax-no wpr-parallax-no wpr-sticky-section-no e-con e-parent\" data-id=\"e4bda0c\" data-element_type=\"container\" data-e-type=\"container\">\n\t\t\t\t\t<div class=\"e-con-inner\">\n\t\t\t\t<div class=\"elementor-element elementor-element-b997f25 elementor-widget elementor-widget-text-editor\" data-id=\"b997f25\" data-element_type=\"widget\" data-e-type=\"widget\" data-widget_type=\"text-editor.default\">\n\t\t\t\t<div class=\"elementor-widget-container\">\n\t\t\t\t\t\t\t\t\t<p>\u015awietlica mie\u015bci si\u0119 w budynku przy ul. Hallera 4&nbsp;<\/p>\n<p>\u015awietlica w roku szkolnym&nbsp;<strong>2023\/2024 czynna jest od poniedzia\u0142ku do pi\u0105tku w godzinach 06:45 \u2013 16:00<\/strong>.<\/p>\t\t\t\t\t\t\t\t<\/div>\n\t\t\t\t<\/div>\n\t\t\t\t<div class=\"elementor-element elementor-element-c064f67 elementor-widget elementor-widget-heading\" data-id=\"c064f67\" data-element_type=\"widget\" data-e-type=\"widget\" data-widget_type=\"heading.default\">\n\t\t\t\t<div class=\"elementor-widget-container\">\n\t\t\t\t\t<h2 class=\"elementor-heading-title elementor-size-default\">Regulamin \u015awietlicy<\/h2>\t\t\t\t<\/div>\n\t\t\t\t<\/div>\n\t\t\t\t<div class=\"elementor-element elementor-element-0306add elementor-widget elementor-widget-text-editor\" data-id=\"0306add\" data-element_type=\"widget\" data-e-type=\"widget\" data-widget_type=\"text-editor.default\">\n\t\t\t\t<div class=\"elementor-widget-container\">\n\t\t\t\t\t\t\t\t\t<ol><li>Do \u015bwietlicy przyjmowane s\u0105 dzieci rodzic\u00f3w pracuj\u0105cych z klas I-III.<\/li><li>Warunkiem przyj\u0119cia dziecka do \u015bwietlicy jest z\u0142o\u017cenie wniosku, po pozytywnym jego rozpatrzeniu. Obowi\u0105zek wype\u0142nienia u wychowawczy\u0144 \u015bwietlicy karty zg\u0142oszenia z podaniem danych osobowych dziecka.<\/li><li>Je\u017celi w trakcie trwania roku szkolnego rodzic postanowi wypisa\u0107 dziecko ze \u015bwietlicy powinien fakt ten zg\u0142osi\u0107 nauczycielowi \u015bwietlicy.<\/li><li>Uczestnik\u00f3w \u015bwietlicy obowi\u0105zuje codzienne zg\u0142aszanie si\u0119 do wychowawcy (w momencie przyj\u015bcia do \u015bwietlicy i przed wyj\u015bciem do domu).<\/li><li>Dzieci odbierane s\u0105 wy\u0142\u0105cznie przez rodzic\u00f3w lub osoby upowa\u017cnione przez nich na pi\u015bmie.<br \/>Upowa\u017cnienie musi zawiera\u0107 dane osoby upowa\u017cnionej (imi\u0119 i nazwisko, numer i seria dowodu os.), dat\u0119 oraz czytelny podpis rodzica.<\/li><li>Dzieci nie mog\u0105 by\u0107 odbierane przez osoby niepe\u0142noletnie (zgod\u0119 rodzic\u00f3w lub opiekun\u00f3w na wyj\u015bcie dziecka z niepe\u0142noletnim rodze\u0144stwem nale\u017cy rozumie\u0107 jako zgod\u0119 na samodzielne wyj\u015bcie dziecka ze \u015bwietlicy). Zgoda na samodzielne wyj\u015bcie dziecka ze \u015bwietlicy udzielana b\u0119dzie jedynie w wyj\u0105tkowych sytuacjach na pisemny wniosek rodzic\u00f3w, dotyczy tylko dzieci, kt\u00f3re uko\u0144czy\u0142y 7 rok \u017cycia. Rodzic\/opiekun prawny przyjmuje na siebie ca\u0142kowit\u0105 odpowiedzialno\u015b\u0107 za bezpiecze\u0144stwo dziecka podczas jego samodzielnego powrotu do domu.<\/li><li>Dzieci nie b\u0119d\u0105 wydawane osobom, kt\u00f3rych stan wskazuje na spo\u017cycie alkoholu.<\/li><li>Ucze\u0144, kt\u00f3rego zachowanie zagra\u017ca bezpiecze\u0144stwu innych dzieci mo\u017ce by\u0107 usuni\u0119ty z listy uczestnik\u00f3w \u015bwietlicy.<\/li><li>Za warto\u015bciowe rzeczy przynoszone przez dzieci (np. pieni\u0105dze, kom\u00f3rki, zabawki) \u015bwietlica nie bierze odpowiedzialno\u015bci (rzeczy te mo\u017cna odda\u0107 wychowawcom do przechowania).<\/li><li>Za celowo wyrz\u0105dzone szkody w \u015bwietlicy szkolnej odpowiedzialno\u015b\u0107 materialn\u0105 ponosz\u0105 rodzice \/opiekunowie prawni.<\/li><li>Zaj\u0119cia \u015bwietlicowe odbywaj\u0105 si\u0119 wed\u0142ug planu pracy \u015bwietlicy. \u015awietlica jest terenem pracy opieku\u0144czo-wychowawczej i dydaktycznej.<\/li><li>Podczas pobytu w \u015bwietlicy wychowawcy podejmuj\u0105 wszelkie decyzje odno\u015bnie zaj\u0119\u0107 dydaktyczno-wychowawczych.<\/li><li>Wychowawcy \u015bwietlicy maj\u0105 wp\u0142yw na ocen\u0119 z zachowania dziecka.<\/li><li>\u015awietlica \u015bci\u015ble wsp\u00f3\u0142pracuje z dyrekcj\u0105 szko\u0142y, wychowawcami klas, rodzicami, pedagogiem oraz piel\u0119gniark\u0105.<\/li><\/ol>\t\t\t\t\t\t\t\t<\/div>\n\t\t\t\t<\/div>\n\t\t\t\t<div class=\"elementor-element elementor-element-5740940 elementor-widget elementor-widget-heading\" data-id=\"5740940\" data-element_type=\"widget\" data-e-type=\"widget\" data-widget_type=\"heading.default\">\n\t\t\t\t<div class=\"elementor-widget-container\">\n\t\t\t\t\t<h2 class=\"elementor-heading-title elementor-size-default\">Zasady zachowania w \u015awietlicy<\/h2>\t\t\t\t<\/div>\n\t\t\t\t<\/div>\n\t\t\t\t<div class=\"elementor-element elementor-element-38a65bb elementor-widget elementor-widget-text-editor\" data-id=\"38a65bb\" data-element_type=\"widget\" data-e-type=\"widget\" data-widget_type=\"text-editor.default\">\n\t\t\t\t<div class=\"elementor-widget-container\">\n\t\t\t\t\t\t\t\t\t<p>\u015awietlik powinien:<\/p><ol><li>przestrzega\u0107 zasad kulturalnego zachowania: jest grzeczny, mi\u0142y i uprzejmy wobec nauczycieli i koleg\u00f3w. U\u017cywa zwrot\u00f3w grzeczno\u015bciowych: prosz\u0119, dzi\u0119kuj\u0119, przepraszam,<\/li><li>zg\u0142asza\u0107 nauczycielowi ka\u017cde swoje przyj\u015bcie i odej\u015bcie, nie wychodzi z sali bez pozwolenia wychowawcy, nie oddala si\u0119 od grupy w czasie spacer\u00f3w i zabaw na boisku szkolnym,<\/li><li>s\u0142ucha\u0107 uwa\u017cnie pr\u00f3\u015bb i polece\u0144 nauczyciela \u2013 stara si\u0119 jak najlepiej je wykona\u0107, nie przeszkadza nauczycielom w prowadzonych zaj\u0119ciach, kole\u017cankom i kolegom w pracy i zabawie, stara si\u0119 cicho pracowa\u0107 i bawi\u0107,<\/li><li>szanowa\u0107 innych, nikomu nie dokucza, nie u\u017cywa przemocy, brzydkich s\u0142\u00f3w, nikogo nie przezywa, nie obra\u017ca, nie wy\u015bmiewa, przestrzega zasad bezpiecznego zachowania si\u0119, bawi si\u0119 i pracuje w spos\u00f3b bezpieczny dla siebie i innych,<\/li><li>dba\u0107 o porz\u0105dek w sali: tornistry, ksi\u0105\u017cki, gry i zabawki k\u0142adzie w wyznaczonym miejscu, po zaj\u0119ciach i zabawie zawsze porz\u0105dkuje swoje otoczenie,<\/li><li>dba\u0107 o estetyczny wygl\u0105d sali, nie niszczy sprz\u0119tu, zabawek, gier, szanuje cudz\u0105 i swoj\u0105 w\u0142asno\u015b\u0107,<\/li><li>bra\u0107 aktywny udzia\u0142 w zaj\u0119ciach, imprezach i uroczysto\u015bciach oraz pracach na terenie \u015bwietlicy.<\/li><li>prowadzi\u0107 sw\u00f3j zeszyt sprawno\u015bci, nagr\u00f3d i pochwa\u0142 na miano \u201cZ\u0142otego \u015awietlika\u201d.<\/li><\/ol>\t\t\t\t\t\t\t\t<\/div>\n\t\t\t\t<\/div>\n\t\t\t\t<div class=\"elementor-element elementor-element-024850d elementor-widget elementor-widget-heading\" data-id=\"024850d\" data-element_type=\"widget\" data-e-type=\"widget\" data-widget_type=\"heading.default\">\n\t\t\t\t<div class=\"elementor-widget-container\">\n\t\t\t\t\t<h2 class=\"elementor-heading-title elementor-size-default\">Regulamin odbioru dziecka ze \u015bwietlicy<\/h2>\t\t\t\t<\/div>\n\t\t\t\t<\/div>\n\t\t\t\t<div class=\"elementor-element elementor-element-b4954fc elementor-widget elementor-widget-text-editor\" data-id=\"b4954fc\" data-element_type=\"widget\" data-e-type=\"widget\" data-widget_type=\"text-editor.default\">\n\t\t\t\t<div class=\"elementor-widget-container\">\n\t\t\t\t\t\t\t\t\t<ol><li>Rodzice \/Opiekunowie prawni na pocz\u0105tku roku szkolnego zapisuj\u0105c dziecko do \u015bwietlicy szkolnej wype\u0142niaj\u0105 kart\u0119 zg\u0142oszenia, w kt\u00f3rej deklaruj\u0105 w jaki spos\u00f3b i przez kogo b\u0119dzie odbierane dziecko. Ka\u017cdy z nich zobowi\u0105zany jest do pozostawienia wiarygodnego telefonu kontaktowego.<\/li><li>W sytuacji, gdy rodzic zmienia zdanie o sposobie odbierania dziecka ze \u015bwietlicy musi poinformowa\u0107 wychowawc\u0119 klasy, a przede wszystkim wychowawc\u00f3w \u015bwietlicy pisemnie. Musi podpisa\u0107 upowa\u017cnienie do samodzielnego powrotu ucznia do domu.<\/li><li>W przypadku nieodebrania dziecka ze \u015bwietlicy nauczyciel pr\u00f3buje skontaktowa\u0107 si\u0119 z prawnymi opiekunami dziecka. Po bezskutecznej pr\u00f3bie kontaktu z rodzicami\/opiekunami prawnymi o ca\u0142ej sytuacji zawiadamia dyrekcj\u0119 szko\u0142y.<\/li><li>Po up\u0142ywie 1,5 godzinnych poszukiwa\u0144 rodzic\u00f3w\/opiekun\u00f3w prawnych\u00a0 ucznia fakt ten zg\u0142aszany zostaje na policj\u0119, by pomog\u0142a w rozwi\u0105zaniu tej sytuacji.<\/li><li>Dziecko pozostaje pod opiek\u0105 wychowawcy \u015bwietlicy do godziny 22.00. Uczniowi, kt\u00f3ry zosta\u0142 nieodebrany organizuje si\u0119 opiek\u0119 w szkole.<\/li><\/ol>\t\t\t\t\t\t\t\t<\/div>\n\t\t\t\t<\/div>\n\t\t\t\t<div class=\"elementor-element elementor-element-43106d7 elementor-widget elementor-widget-heading\" data-id=\"43106d7\" data-element_type=\"widget\" data-e-type=\"widget\" data-widget_type=\"heading.default\">\n\t\t\t\t<div class=\"elementor-widget-container\">\n\t\t\t\t\t<h2 class=\"elementor-heading-title elementor-size-default\">Wypadki, urazy<\/h2>\t\t\t\t<\/div>\n\t\t\t\t<\/div>\n\t\t\t\t<div class=\"elementor-element elementor-element-ceb413d elementor-widget elementor-widget-text-editor\" data-id=\"ceb413d\" data-element_type=\"widget\" data-e-type=\"widget\" data-widget_type=\"text-editor.default\">\n\t\t\t\t<div class=\"elementor-widget-container\">\n\t\t\t\t\t\t\t\t\t<p>1.W sytuacji, gdy ucze\u0144 ulegnie w szkole wypadkowi wychowawca \u015bwietlicy zaprowadza ucznia do piel\u0119gniarki szkolnej, drugi wychowawca pozostaje z pozosta\u0142ymi uczniami z grupy \u015bwietlicowej. W przypadku nieobecno\u015bci jednego z wychowawc\u00f3w, nauczyciel obecny w \u015bwietlicy zawiadamia o tej sytuacji dyrekcj\u0119 szko\u0142y.<br \/>2.Podczas nieobecno\u015bci piel\u0119gniarki szkolnej wychowawca \u015bwietlicy sam udziela dora\u017anej pomocy uczniowi, kt\u00f3ry uleg\u0142 wypadkowi.<br \/>3.W przypadku, gdy ucze\u0144 wymaga przewiezienia do szpitala i nie mo\u017cna skontaktowa\u0107 si\u0119 z rodzicami ucznia decyzj\u0119 o dalszym post\u0119powaniu podejmuje dyrekcja szko\u0142y.<\/p>\t\t\t\t\t\t\t\t<\/div>\n\t\t\t\t<\/div>\n\t\t\t\t<div class=\"elementor-element elementor-element-0ed4278 elementor-widget elementor-widget-heading\" data-id=\"0ed4278\" data-element_type=\"widget\" data-e-type=\"widget\" data-widget_type=\"heading.default\">\n\t\t\t\t<div class=\"elementor-widget-container\">\n\t\t\t\t\t<h2 class=\"elementor-heading-title elementor-size-default\">Wypadki, Post\u0119powanie w sytuacji nieobecno\u015bci jednego z wychowawc\u00f3w.<\/h2>\t\t\t\t<\/div>\n\t\t\t\t<\/div>\n\t\t\t\t<div class=\"elementor-element elementor-element-d01250b elementor-widget elementor-widget-text-editor\" data-id=\"d01250b\" data-element_type=\"widget\" data-e-type=\"widget\" data-widget_type=\"text-editor.default\">\n\t\t\t\t<div class=\"elementor-widget-container\">\n\t\t\t\t\t\t\t\t\t<p>W sytuacji nieobecno\u015bci jednego z wychowawc\u00f3w \u015bwietlicy (wynikaj\u0105cych z r\u00f3\u017cnych przyczyn) dyrekcja szko\u0142y w ramach pomocy kole\u017ce\u0144skiej wyznacza dy\u017cur pozosta\u0142ym nauczycielom w godzinach najwi\u0119kszego nasilenia uczni\u00f3w (w godzinach 12.00-14.00).<\/p>\t\t\t\t\t\t\t\t<\/div>\n\t\t\t\t<\/div>\n\t\t\t\t\t<\/div>\n\t\t\t\t<\/div>\n\t\t\t\t<\/div>\n\t\t","protected":false},"excerpt":{"rendered":"<p>\u015awietlica mie\u015bci si\u0119 w budynku przy ul. Hallera 4&nbsp; \u015awietlica w roku szkolnym&nbsp;2023\/2024 czynna jest od poniedzia\u0142ku do pi\u0105tku w godzinach 06:45 \u2013 16:00. Regulamin \u015awietlicy Do \u015bwietlicy przyjmowane s\u0105 dzieci rodzic\u00f3w pracuj\u0105cych z klas I-III. Warunkiem przyj\u0119cia dziecka do \u015bwietlicy jest z\u0142o\u017cenie wniosku, po pozytywnym jego rozpatrzeniu. Obowi\u0105zek wype\u0142nienia u wychowawczy\u0144 \u015bwietlicy karty zg\u0142oszenia z podaniem danych osobowych dziecka. Je\u017celi w trakcie trwania roku szkolnego rodzic postanowi wypisa\u0107 dziecko ze \u015bwietlicy powinien fakt ten zg\u0142osi\u0107 nauczycielowi \u015bwietlicy. Uczestnik\u00f3w \u015bwietlicy obowi\u0105zuje codzienne zg\u0142aszanie si\u0119 do wychowawcy (w momencie przyj\u015bcia do \u015bwietlicy i przed wyj\u015bciem do domu). Dzieci odbierane s\u0105 wy\u0142\u0105cznie przez rodzic\u00f3w lub osoby upowa\u017cnione przez nich na pi\u015bmie.Upowa\u017cnienie musi zawiera\u0107 dane osoby upowa\u017cnionej (imi\u0119 i nazwisko, numer i seria dowodu os.), dat\u0119 oraz czytelny podpis rodzica. Dzieci nie mog\u0105 by\u0107 odbierane przez osoby niepe\u0142noletnie (zgod\u0119 rodzic\u00f3w lub opiekun\u00f3w na wyj\u015bcie dziecka z niepe\u0142noletnim rodze\u0144stwem nale\u017cy rozumie\u0107 jako zgod\u0119 na samodzielne wyj\u015bcie dziecka ze \u015bwietlicy). Zgoda na samodzielne wyj\u015bcie dziecka ze \u015bwietlicy udzielana b\u0119dzie jedynie w wyj\u0105tkowych sytuacjach na pisemny wniosek rodzic\u00f3w, dotyczy tylko dzieci, kt\u00f3re uko\u0144czy\u0142y 7 rok \u017cycia. Rodzic\/opiekun prawny przyjmuje na siebie ca\u0142kowit\u0105 odpowiedzialno\u015b\u0107 za bezpiecze\u0144stwo dziecka podczas jego samodzielnego powrotu do domu. Dzieci nie b\u0119d\u0105 wydawane osobom, kt\u00f3rych stan wskazuje na spo\u017cycie alkoholu. Ucze\u0144, kt\u00f3rego zachowanie zagra\u017ca bezpiecze\u0144stwu innych dzieci mo\u017ce by\u0107 usuni\u0119ty z listy uczestnik\u00f3w \u015bwietlicy. Za warto\u015bciowe rzeczy przynoszone przez dzieci (np. pieni\u0105dze, kom\u00f3rki, zabawki) \u015bwietlica nie bierze odpowiedzialno\u015bci (rzeczy te mo\u017cna odda\u0107 wychowawcom do przechowania). Za celowo wyrz\u0105dzone szkody w \u015bwietlicy szkolnej odpowiedzialno\u015b\u0107 materialn\u0105 ponosz\u0105 rodzice \/opiekunowie prawni. Zaj\u0119cia \u015bwietlicowe odbywaj\u0105 si\u0119 wed\u0142ug planu pracy \u015bwietlicy. \u015awietlica jest terenem pracy opieku\u0144czo-wychowawczej i dydaktycznej. Podczas pobytu w \u015bwietlicy wychowawcy podejmuj\u0105 wszelkie decyzje odno\u015bnie zaj\u0119\u0107 dydaktyczno-wychowawczych. Wychowawcy \u015bwietlicy maj\u0105 wp\u0142yw na ocen\u0119 z zachowania dziecka. \u015awietlica \u015bci\u015ble wsp\u00f3\u0142pracuje z dyrekcj\u0105 szko\u0142y, wychowawcami klas, rodzicami, pedagogiem oraz piel\u0119gniark\u0105. Zasady zachowania w \u015awietlicy \u015awietlik powinien: przestrzega\u0107 zasad kulturalnego zachowania: jest grzeczny, mi\u0142y i uprzejmy wobec nauczycieli i koleg\u00f3w. U\u017cywa zwrot\u00f3w grzeczno\u015bciowych: prosz\u0119, dzi\u0119kuj\u0119, przepraszam, zg\u0142asza\u0107 nauczycielowi ka\u017cde swoje przyj\u015bcie i odej\u015bcie, nie wychodzi z sali bez pozwolenia wychowawcy, nie oddala si\u0119 od grupy w czasie spacer\u00f3w i zabaw na boisku szkolnym, s\u0142ucha\u0107 uwa\u017cnie pr\u00f3\u015bb i polece\u0144 nauczyciela \u2013 stara si\u0119 jak najlepiej je wykona\u0107, nie przeszkadza nauczycielom w prowadzonych zaj\u0119ciach, kole\u017cankom i kolegom w pracy i zabawie, stara si\u0119 cicho pracowa\u0107 i bawi\u0107, szanowa\u0107 innych, nikomu nie dokucza, nie u\u017cywa przemocy, brzydkich s\u0142\u00f3w, nikogo nie przezywa, nie obra\u017ca, nie wy\u015bmiewa, przestrzega zasad bezpiecznego zachowania si\u0119, bawi si\u0119 i pracuje w spos\u00f3b bezpieczny dla siebie i innych, dba\u0107 o porz\u0105dek w sali: tornistry, ksi\u0105\u017cki, gry i zabawki k\u0142adzie w wyznaczonym miejscu, po zaj\u0119ciach i zabawie zawsze porz\u0105dkuje swoje otoczenie, dba\u0107 o estetyczny wygl\u0105d sali, nie niszczy sprz\u0119tu, zabawek, gier, szanuje cudz\u0105 i swoj\u0105 w\u0142asno\u015b\u0107, bra\u0107 aktywny udzia\u0142 w zaj\u0119ciach, imprezach i uroczysto\u015bciach oraz pracach na terenie \u015bwietlicy. prowadzi\u0107 sw\u00f3j zeszyt sprawno\u015bci, nagr\u00f3d i pochwa\u0142 na miano \u201cZ\u0142otego \u015awietlika\u201d. Regulamin odbioru dziecka ze \u015bwietlicy Rodzice \/Opiekunowie prawni na pocz\u0105tku roku szkolnego zapisuj\u0105c dziecko do \u015bwietlicy szkolnej wype\u0142niaj\u0105 kart\u0119 zg\u0142oszenia, w kt\u00f3rej deklaruj\u0105 w jaki spos\u00f3b i przez kogo b\u0119dzie odbierane dziecko. Ka\u017cdy z nich zobowi\u0105zany jest do pozostawienia wiarygodnego telefonu kontaktowego. W sytuacji, gdy rodzic zmienia zdanie o sposobie odbierania dziecka ze \u015bwietlicy musi poinformowa\u0107 wychowawc\u0119 klasy, a przede wszystkim wychowawc\u00f3w \u015bwietlicy pisemnie. Musi podpisa\u0107 upowa\u017cnienie do samodzielnego powrotu ucznia do domu. W przypadku nieodebrania dziecka ze \u015bwietlicy nauczyciel pr\u00f3buje skontaktowa\u0107 si\u0119 z prawnymi opiekunami dziecka. Po bezskutecznej pr\u00f3bie kontaktu z rodzicami\/opiekunami prawnymi o ca\u0142ej sytuacji zawiadamia dyrekcj\u0119 szko\u0142y. Po up\u0142ywie 1,5 godzinnych poszukiwa\u0144 rodzic\u00f3w\/opiekun\u00f3w prawnych\u00a0 ucznia fakt ten zg\u0142aszany zostaje na policj\u0119, by pomog\u0142a w rozwi\u0105zaniu tej sytuacji. Dziecko pozostaje pod opiek\u0105 wychowawcy \u015bwietlicy do godziny 22.00. Uczniowi, kt\u00f3ry zosta\u0142 nieodebrany organizuje si\u0119 opiek\u0119 w szkole. Wypadki, urazy 1.W sytuacji, gdy ucze\u0144 ulegnie w szkole wypadkowi wychowawca \u015bwietlicy zaprowadza ucznia do piel\u0119gniarki szkolnej, drugi wychowawca pozostaje z pozosta\u0142ymi uczniami z grupy \u015bwietlicowej. W przypadku nieobecno\u015bci jednego z wychowawc\u00f3w, nauczyciel obecny w \u015bwietlicy zawiadamia o tej sytuacji dyrekcj\u0119 szko\u0142y.2.Podczas nieobecno\u015bci piel\u0119gniarki szkolnej wychowawca \u015bwietlicy sam udziela dora\u017anej pomocy uczniowi, kt\u00f3ry uleg\u0142 wypadkowi.3.W przypadku, gdy ucze\u0144 wymaga przewiezienia do szpitala i nie mo\u017cna skontaktowa\u0107 si\u0119 z rodzicami ucznia decyzj\u0119 o dalszym post\u0119powaniu podejmuje dyrekcja szko\u0142y. Wypadki, Post\u0119powanie w sytuacji nieobecno\u015bci jednego z wychowawc\u00f3w. W sytuacji nieobecno\u015bci jednego z wychowawc\u00f3w \u015bwietlicy (wynikaj\u0105cych z r\u00f3\u017cnych przyczyn) dyrekcja szko\u0142y w ramach pomocy kole\u017ce\u0144skiej wyznacza dy\u017cur pozosta\u0142ym nauczycielom w godzinach najwi\u0119kszego nasilenia uczni\u00f3w (w godzinach 12.00-14.00).<\/p>\n","protected":false},"author":1,"featured_media":0,"parent":0,"menu_order":0,"comment_status":"closed","ping_status":"closed","template":"","meta":{"footnotes":""},"class_list":["post-771","page","type-page","status-publish","hentry"],"acf":[],"_links":{"self":[{"href":"https:\/\/sp5.kwidzyn.pl\/index.php?rest_route=\/wp\/v2\/pages\/771","targetHints":{"allow":["GET"]}}],"collection":[{"href":"https:\/\/sp5.kwidzyn.pl\/index.php?rest_route=\/wp\/v2\/pages"}],"about":[{"href":"https:\/\/sp5.kwidzyn.pl\/index.php?rest_route=\/wp\/v2\/types\/page"}],"author":[{"embeddable":true,"href":"https:\/\/sp5.kwidzyn.pl\/index.php?rest_route=\/wp\/v2\/users\/1"}],"replies":[{"embeddable":true,"href":"https:\/\/sp5.kwidzyn.pl\/index.php?rest_route=%2Fwp%2Fv2%2Fcomments&post=771"}],"version-history":[{"count":19,"href":"https:\/\/sp5.kwidzyn.pl\/index.php?rest_route=\/wp\/v2\/pages\/771\/revisions"}],"predecessor-version":[{"id":2576,"href":"https:\/\/sp5.kwidzyn.pl\/index.php?rest_route=\/wp\/v2\/pages\/771\/revisions\/2576"}],"wp:attachment":[{"href":"https:\/\/sp5.kwidzyn.pl\/index.php?rest_route=%2Fwp%2Fv2%2Fmedia&parent=771"}],"curies":[{"name":"wp","href":"https:\/\/api.w.org\/{rel}","templated":true}]}}