{"id":761,"date":"2023-09-20T13:32:19","date_gmt":"2023-09-20T11:32:19","guid":{"rendered":"http:\/\/sp52.betulait.pl\/?page_id=761"},"modified":"2024-09-05T21:34:40","modified_gmt":"2024-09-05T19:34:40","slug":"egzamin-osmoklasisty","status":"publish","type":"page","link":"https:\/\/sp5.kwidzyn.pl\/?page_id=761","title":{"rendered":"Egzamin \u00f3smoklasisty"},"content":{"rendered":"\t\t<div data-elementor-type=\"wp-page\" data-elementor-id=\"761\" class=\"elementor elementor-761\" data-elementor-post-type=\"page\">\n\t\t\t\t<div class=\"elementor-element elementor-element-59b80c9c e-con-full e-flex wpr-particle-no wpr-jarallax-no wpr-parallax-no wpr-sticky-section-no e-con e-parent\" data-id=\"59b80c9c\" data-element_type=\"container\" data-e-type=\"container\" data-settings=\"{&quot;background_background&quot;:&quot;classic&quot;}\">\n\t\t\t\t<div class=\"elementor-element elementor-element-4a51c66c elementor-widget elementor-widget-html\" data-id=\"4a51c66c\" data-element_type=\"widget\" data-e-type=\"widget\" data-widget_type=\"html.default\">\n\t\t\t\t<div class=\"elementor-widget-container\">\n\t\t\t\t\t<nav aria-label=\"breadcrumbs\" class=\"rank-math-breadcrumb\"><p><span class=\"last\">Strona g\u0142\u00f3wna<\/span><\/p><\/nav>\t\t\t\t<\/div>\n\t\t\t\t<\/div>\n\t\t\t\t<\/div>\n\t\t<div class=\"elementor-element elementor-element-15ed9daa e-flex e-con-boxed wpr-particle-no wpr-jarallax-no wpr-parallax-no wpr-sticky-section-no e-con e-parent\" data-id=\"15ed9daa\" data-element_type=\"container\" data-e-type=\"container\">\n\t\t\t\t\t<div class=\"e-con-inner\">\n\t\t\t\t<div class=\"elementor-element elementor-element-1c3dd9db elementor-widget-divider--view-line elementor-widget elementor-widget-divider\" data-id=\"1c3dd9db\" data-element_type=\"widget\" data-e-type=\"widget\" data-widget_type=\"divider.default\">\n\t\t\t\t<div class=\"elementor-widget-container\">\n\t\t\t\t\t\t\t<div class=\"elementor-divider\">\n\t\t\t<span class=\"elementor-divider-separator\">\n\t\t\t\t\t\t<\/span>\n\t\t<\/div>\n\t\t\t\t\t\t<\/div>\n\t\t\t\t<\/div>\n\t\t\t\t\t<\/div>\n\t\t\t\t<\/div>\n\t\t<div class=\"elementor-element elementor-element-29deb69 e-flex e-con-boxed wpr-particle-no wpr-jarallax-no wpr-parallax-no wpr-sticky-section-no e-con e-parent\" data-id=\"29deb69\" data-element_type=\"container\" data-e-type=\"container\">\n\t\t\t\t\t<div class=\"e-con-inner\">\n\t\t\t\t<div class=\"elementor-element elementor-element-ab0b710 elementor-widget elementor-widget-text-editor\" data-id=\"ab0b710\" data-element_type=\"widget\" data-e-type=\"widget\" data-widget_type=\"text-editor.default\">\n\t\t\t\t<div class=\"elementor-widget-container\">\n\t\t\t\t\t\t\t\t\t<p>Egzamin jest powszechny i obowi\u0105zkowy, co oznacza, \u017ce\u00a0musi przyst\u0105pi\u0107 do niego ka\u017cdy ucze\u0144 (s\u0142uchacz) ko\u0144cz\u0105cy szko\u0142\u0119.\u00a0Przyst\u0105pienie do egzaminu jest bowiem jednym z warunk\u00f3w jej uko\u0144czenia.\u00a0<\/p><p>Do egzaminu \u00f3smoklasisty przyst\u0119puj\u0105 uczniowie\u00a0<strong>VIII<\/strong>\u00a0klasy szko\u0142y podstawowej.<\/p><p><strong>Egzamin \u00f3smoklasisty jest egzaminem\u00a0obowi\u0105zkowym, co oznacza, \u017ce ka\u017cdy ucze\u0144 musi do niego przyst\u0105pi\u0107, aby uko\u0144czy\u0107 szko\u0142\u0119. Nie jest okre\u015blony minimalny wynik, jaki ucze\u0144 powinien uzyska\u0107, dlatego egzaminu \u00f3smoklasisty nie mo\u017cna nie zda\u0107.<\/strong><\/p><p>Egzamin \u00f3smoklasisty jest przeprowadzany w formie pisemnej.<\/p><p><strong>Od roku 2024\u00a0\u00a0<\/strong>\u00f3smoklasista przyst\u0119puje do egzaminu z\u00a0<strong>trzech\u00a0<\/strong>przedmiot\u00f3w obowi\u0105zkowych, tj.:<\/p><ul><li>j\u0119zyka polskiego<\/li><li>matematyki<\/li><li>j\u0119zyka obcego nowo\u017cytnego<\/li><\/ul><p>\u00d3smoklasista przyst\u0119puje do egzaminu z jednego z nast\u0119puj\u0105cych j\u0119zyk\u00f3w obcych nowo\u017cytnych: angielskiego, francuskiego, hiszpa\u0144skiego, niemieckiego, rosyjskiego, ukrai\u0144skiego lub w\u0142oskiego.<\/p><p><strong>Ucze\u0144 mo\u017ce wybra\u0107 tylko ten j\u0119zyk, kt\u00f3rego uczy si\u0119 w\u00a0szkole w ramach obowi\u0105zkowych zaj\u0119\u0107 edukacyjnych.<\/strong><\/p><p>Egzamin b\u0119dzie odbywa\u0142 si\u0119 w maju. Ucze\u0144, kt\u00f3ry z przyczyn losowych lub zdrowotnych nie \u200eprzyst\u0105pi do egzaminu w tym terminie, przyst\u0119puje do niego w czerwcu.\u200e<\/p><p>Egzamin \u00f3smoklasisty w roku szkolnym\u00a0<strong>2024\/2025<\/strong> b\u0119dzie przeprowadzany przez trzy kolejne dni:<\/p><ol><li>pierwszego dnia \u2013 egzamin z j\u0119zyka polskiego, kt\u00f3ry trwa 120 minut<\/li><li>drugiego dnia \u2013 egzamin z matematyki, kt\u00f3ry trwa 100 minut<\/li><li>trzeciego dnia \u2013 egzamin z j\u0119zyka obcego nowo\u017cytnego, kt\u00f3ry trwa 90 minut<\/li><\/ol><p><strong>Przysz\u0142orocznych \u00f3smoklasist\u00f3w zach\u0119camy do zapoznania si\u0119 z informatorami Centralnej Komisji Egzaminacyjnej:<\/strong><\/p>\t\t\t\t\t\t\t\t<\/div>\n\t\t\t\t<\/div>\n\t\t\t\t<div class=\"elementor-element elementor-element-a7aa520 elementor-widget elementor-widget-button\" data-id=\"a7aa520\" data-element_type=\"widget\" data-e-type=\"widget\" data-widget_type=\"button.default\">\n\t\t\t\t<div class=\"elementor-widget-container\">\n\t\t\t\t\t\t\t\t\t<div class=\"elementor-button-wrapper\">\n\t\t\t\t\t<a class=\"elementor-button elementor-button-link elementor-size-sm elementor-animation-grow\" href=\"http:\/\/sp52.betulait.pl\/wp-content\/uploads\/2024\/09\/harmonogram-egzaminow-2024-2025.pdf\" target=\"_blank\" rel=\"noopener\">\n\t\t\t\t\t\t<span class=\"elementor-button-content-wrapper\">\n\t\t\t\t\t\t<span class=\"elementor-button-icon\">\n\t\t\t\t<i aria-hidden=\"true\" class=\"fas fa-arrow-right\"><\/i>\t\t\t<\/span>\n\t\t\t\t\t\t\t\t\t<span class=\"elementor-button-text\">INFORMATOR O EGZAMINIE \u00d3SMOKLASISTY 2024\/2025<\/span>\n\t\t\t\t\t<\/span>\n\t\t\t\t\t<\/a>\n\t\t\t\t<\/div>\n\t\t\t\t\t\t\t\t<\/div>\n\t\t\t\t<\/div>\n\t\t\t\t<div class=\"elementor-element elementor-element-cc6fde4 elementor-widget elementor-widget-button\" data-id=\"cc6fde4\" data-element_type=\"widget\" data-e-type=\"widget\" data-widget_type=\"button.default\">\n\t\t\t\t<div class=\"elementor-widget-container\">\n\t\t\t\t\t\t\t\t\t<div class=\"elementor-button-wrapper\">\n\t\t\t\t\t<a class=\"elementor-button elementor-button-link elementor-size-sm elementor-animation-grow\" href=\"http:\/\/sp52.betulait.pl\/wp-content\/uploads\/2024\/09\/informacja-o-dostosowaniach-na-egzaminie-2024-2025.pdf\" target=\"_blank\" rel=\"noopener\">\n\t\t\t\t\t\t<span class=\"elementor-button-content-wrapper\">\n\t\t\t\t\t\t<span class=\"elementor-button-icon\">\n\t\t\t\t<i aria-hidden=\"true\" class=\"fas fa-arrow-right\"><\/i>\t\t\t<\/span>\n\t\t\t\t\t\t\t\t\t<span class=\"elementor-button-text\">informacja o dostosowaniach na egzaminie 2024 2025<\/span>\n\t\t\t\t\t<\/span>\n\t\t\t\t\t<\/a>\n\t\t\t\t<\/div>\n\t\t\t\t\t\t\t\t<\/div>\n\t\t\t\t<\/div>\n\t\t\t\t<div class=\"elementor-element elementor-element-fdb9013 elementor-widget elementor-widget-button\" data-id=\"fdb9013\" data-element_type=\"widget\" data-e-type=\"widget\" data-widget_type=\"button.default\">\n\t\t\t\t<div class=\"elementor-widget-container\">\n\t\t\t\t\t\t\t\t\t<div class=\"elementor-button-wrapper\">\n\t\t\t\t\t<a class=\"elementor-button elementor-button-link elementor-size-sm elementor-animation-grow\" href=\"http:\/\/sp52.betulait.pl\/wp-content\/uploads\/2024\/09\/komunikat-o-przyborach-i-materialach-na-egzamin-2024-2025.pdf\" target=\"_blank\" rel=\"noopener\">\n\t\t\t\t\t\t<span class=\"elementor-button-content-wrapper\">\n\t\t\t\t\t\t<span class=\"elementor-button-icon\">\n\t\t\t\t<i aria-hidden=\"true\" class=\"fas fa-arrow-right\"><\/i>\t\t\t<\/span>\n\t\t\t\t\t\t\t\t\t<span class=\"elementor-button-text\">komunikat o przyborach i materia\u0142ach na egzamin 2024 2025<\/span>\n\t\t\t\t\t<\/span>\n\t\t\t\t\t<\/a>\n\t\t\t\t<\/div>\n\t\t\t\t\t\t\t\t<\/div>\n\t\t\t\t<\/div>\n\t\t\t\t\t<\/div>\n\t\t\t\t<\/div>\n\t\t\t\t<\/div>\n\t\t","protected":false},"excerpt":{"rendered":"<p>Egzamin jest powszechny i obowi\u0105zkowy, co oznacza, \u017ce\u00a0musi przyst\u0105pi\u0107 do niego ka\u017cdy ucze\u0144 (s\u0142uchacz) ko\u0144cz\u0105cy szko\u0142\u0119.\u00a0Przyst\u0105pienie do egzaminu jest bowiem jednym z warunk\u00f3w jej uko\u0144czenia.\u00a0 Do egzaminu \u00f3smoklasisty przyst\u0119puj\u0105 uczniowie\u00a0VIII\u00a0klasy szko\u0142y podstawowej. Egzamin \u00f3smoklasisty jest egzaminem\u00a0obowi\u0105zkowym, co oznacza, \u017ce ka\u017cdy ucze\u0144 musi do niego przyst\u0105pi\u0107, aby uko\u0144czy\u0107 szko\u0142\u0119. Nie jest okre\u015blony minimalny wynik, jaki ucze\u0144 powinien uzyska\u0107, dlatego egzaminu \u00f3smoklasisty nie mo\u017cna nie zda\u0107. Egzamin \u00f3smoklasisty jest przeprowadzany w formie pisemnej. Od roku 2024\u00a0\u00a0\u00f3smoklasista przyst\u0119puje do egzaminu z\u00a0trzech\u00a0przedmiot\u00f3w obowi\u0105zkowych, tj.: j\u0119zyka polskiego matematyki j\u0119zyka obcego nowo\u017cytnego \u00d3smoklasista przyst\u0119puje do egzaminu z jednego z nast\u0119puj\u0105cych j\u0119zyk\u00f3w obcych nowo\u017cytnych: angielskiego, francuskiego, hiszpa\u0144skiego, niemieckiego, rosyjskiego, ukrai\u0144skiego lub w\u0142oskiego. Ucze\u0144 mo\u017ce wybra\u0107 tylko ten j\u0119zyk, kt\u00f3rego uczy si\u0119 w\u00a0szkole w ramach obowi\u0105zkowych zaj\u0119\u0107 edukacyjnych. Egzamin b\u0119dzie odbywa\u0142 si\u0119 w maju. Ucze\u0144, kt\u00f3ry z przyczyn losowych lub zdrowotnych nie \u200eprzyst\u0105pi do egzaminu w tym terminie, przyst\u0119puje do niego w czerwcu.\u200e Egzamin \u00f3smoklasisty w roku szkolnym\u00a02024\/2025 b\u0119dzie przeprowadzany przez trzy kolejne dni: pierwszego dnia \u2013 egzamin z j\u0119zyka polskiego, kt\u00f3ry trwa 120 minut drugiego dnia \u2013 egzamin z matematyki, kt\u00f3ry trwa 100 minut trzeciego dnia \u2013 egzamin z j\u0119zyka obcego nowo\u017cytnego, kt\u00f3ry trwa 90 minut Przysz\u0142orocznych \u00f3smoklasist\u00f3w zach\u0119camy do zapoznania si\u0119 z informatorami Centralnej Komisji Egzaminacyjnej: INFORMATOR O EGZAMINIE \u00d3SMOKLASISTY 2024\/2025 informacja o dostosowaniach na egzaminie 2024 2025 komunikat o przyborach i materia\u0142ach na egzamin 2024 2025<\/p>\n","protected":false},"author":1,"featured_media":0,"parent":0,"menu_order":0,"comment_status":"closed","ping_status":"closed","template":"","meta":{"footnotes":""},"class_list":["post-761","page","type-page","status-publish","hentry"],"acf":[],"_links":{"self":[{"href":"https:\/\/sp5.kwidzyn.pl\/index.php?rest_route=\/wp\/v2\/pages\/761","targetHints":{"allow":["GET"]}}],"collection":[{"href":"https:\/\/sp5.kwidzyn.pl\/index.php?rest_route=\/wp\/v2\/pages"}],"about":[{"href":"https:\/\/sp5.kwidzyn.pl\/index.php?rest_route=\/wp\/v2\/types\/page"}],"author":[{"embeddable":true,"href":"https:\/\/sp5.kwidzyn.pl\/index.php?rest_route=\/wp\/v2\/users\/1"}],"replies":[{"embeddable":true,"href":"https:\/\/sp5.kwidzyn.pl\/index.php?rest_route=%2Fwp%2Fv2%2Fcomments&post=761"}],"version-history":[{"count":34,"href":"https:\/\/sp5.kwidzyn.pl\/index.php?rest_route=\/wp\/v2\/pages\/761\/revisions"}],"predecessor-version":[{"id":3855,"href":"https:\/\/sp5.kwidzyn.pl\/index.php?rest_route=\/wp\/v2\/pages\/761\/revisions\/3855"}],"wp:attachment":[{"href":"https:\/\/sp5.kwidzyn.pl\/index.php?rest_route=%2Fwp%2Fv2%2Fmedia&parent=761"}],"curies":[{"name":"wp","href":"https:\/\/api.w.org\/{rel}","templated":true}]}}