{"id":757,"date":"2023-09-20T13:31:53","date_gmt":"2023-09-20T11:31:53","guid":{"rendered":"http:\/\/sp52.betulait.pl\/?page_id=757"},"modified":"2024-06-04T19:23:19","modified_gmt":"2024-06-04T17:23:19","slug":"informacje-ogolne","status":"publish","type":"page","link":"https:\/\/sp5.kwidzyn.pl\/?page_id=757","title":{"rendered":"Informacje og\u00f3lne"},"content":{"rendered":"\t\t<div data-elementor-type=\"wp-page\" data-elementor-id=\"757\" class=\"elementor elementor-757\" data-elementor-post-type=\"page\">\n\t\t\t\t<div class=\"elementor-element elementor-element-1af83724 e-con-full e-flex wpr-particle-no wpr-jarallax-no wpr-parallax-no wpr-sticky-section-no e-con e-parent\" data-id=\"1af83724\" data-element_type=\"container\" data-e-type=\"container\" data-settings=\"{&quot;background_background&quot;:&quot;classic&quot;}\">\n\t\t\t\t<div class=\"elementor-element elementor-element-2d330b37 elementor-widget elementor-widget-html\" data-id=\"2d330b37\" data-element_type=\"widget\" data-e-type=\"widget\" data-widget_type=\"html.default\">\n\t\t\t\t<div class=\"elementor-widget-container\">\n\t\t\t\t\t<nav aria-label=\"breadcrumbs\" class=\"rank-math-breadcrumb\"><p><span class=\"last\">Strona g\u0142\u00f3wna<\/span><\/p><\/nav>\t\t\t\t<\/div>\n\t\t\t\t<\/div>\n\t\t\t\t<\/div>\n\t\t<div class=\"elementor-element elementor-element-c9004d7 e-flex e-con-boxed wpr-particle-no wpr-jarallax-no wpr-parallax-no wpr-sticky-section-no e-con e-parent\" data-id=\"c9004d7\" data-element_type=\"container\" data-e-type=\"container\">\n\t\t\t\t\t<div class=\"e-con-inner\">\n\t\t\t\t<div class=\"elementor-element elementor-element-7f84501b elementor-widget-divider--view-line elementor-widget elementor-widget-divider\" data-id=\"7f84501b\" data-element_type=\"widget\" data-e-type=\"widget\" data-widget_type=\"divider.default\">\n\t\t\t\t<div class=\"elementor-widget-container\">\n\t\t\t\t\t\t\t<div class=\"elementor-divider\">\n\t\t\t<span class=\"elementor-divider-separator\">\n\t\t\t\t\t\t<\/span>\n\t\t<\/div>\n\t\t\t\t\t\t<\/div>\n\t\t\t\t<\/div>\n\t\t\t\t\t<\/div>\n\t\t\t\t<\/div>\n\t\t<div class=\"elementor-element elementor-element-a576533 e-flex e-con-boxed wpr-particle-no wpr-jarallax-no wpr-parallax-no wpr-sticky-section-no e-con e-parent\" data-id=\"a576533\" data-element_type=\"container\" data-e-type=\"container\">\n\t\t\t\t\t<div class=\"e-con-inner\">\n\t\t<div class=\"elementor-element elementor-element-8d7cf0d e-con-full e-flex wpr-particle-no wpr-jarallax-no wpr-parallax-no wpr-sticky-section-no e-con e-child\" data-id=\"8d7cf0d\" data-element_type=\"container\" data-e-type=\"container\">\n\t\t\t\t<div class=\"elementor-element elementor-element-0a2af6e elementor-widget elementor-widget-text-editor\" data-id=\"0a2af6e\" data-element_type=\"widget\" data-e-type=\"widget\" data-widget_type=\"text-editor.default\">\n\t\t\t\t<div class=\"elementor-widget-container\">\n\t\t\t\t\t\t\t\t\t<p><strong>PRZERWY I CZAS TRWANIA LEKCJI W OBU BUDYNKACH<\/strong><\/p><p>0. 7:05 \u2013 7:50 \u2013 10 min przerwa<\/p><p>1.\u00a0 8:00 \u2013\u00a0 8:45 \u2013 10 min przerwa<\/p><p>2.\u00a0 8:55 \u2013\u00a0 9:40 \u2013 10 min przerwa<\/p><p>3.\u00a0 9:50 \u2013 10:35 \u2013 15 min przerwa<\/p><p>4. 10:50 \u2013 11:35 \u2013 10 min przerwa<\/p><p>5. 11:45 \u2013 12:30 \u2013 15 min przerwa<\/p><p>6. 12:45 \u2013 13:30 \u2013 15 min przerwa<\/p><p>7. 13:45 \u2013 14:30 \u2013 10 min przerwa<\/p><p>8. 14:40 \u2013 15:25 \u2013 10 min przerwa<\/p><p>9. 15:35 \u2013 16:20<\/p><p>\u00a0<\/p>\t\t\t\t\t\t\t\t<\/div>\n\t\t\t\t<\/div>\n\t\t\t\t<\/div>\n\t\t<div class=\"elementor-element elementor-element-09f4564 e-con-full elementor-hidden-mobile e-flex wpr-particle-no wpr-jarallax-no wpr-parallax-no wpr-sticky-section-no e-con e-child\" data-id=\"09f4564\" data-element_type=\"container\" data-e-type=\"container\" data-settings=\"{&quot;background_background&quot;:&quot;classic&quot;}\">\n\t\t\t\t<\/div>\n\t\t\t\t\t<\/div>\n\t\t\t\t<\/div>\n\t\t<div class=\"elementor-element elementor-element-c1fc54a e-flex e-con-boxed wpr-particle-no wpr-jarallax-no wpr-parallax-no wpr-sticky-section-no e-con e-parent\" data-id=\"c1fc54a\" data-element_type=\"container\" data-e-type=\"container\">\n\t\t\t\t\t<div class=\"e-con-inner\">\n\t\t<div class=\"elementor-element elementor-element-7cf6e03 e-con-full e-flex wpr-particle-no wpr-jarallax-no wpr-parallax-no wpr-sticky-section-no e-con e-child\" data-id=\"7cf6e03\" data-element_type=\"container\" data-e-type=\"container\">\n\t\t\t\t<div class=\"elementor-element elementor-element-a60be63 elementor-widget elementor-widget-text-editor\" data-id=\"a60be63\" data-element_type=\"widget\" data-e-type=\"widget\" data-widget_type=\"text-editor.default\">\n\t\t\t\t<div class=\"elementor-widget-container\">\n\t\t\t\t\t\t\t\t\t<p><strong>POZOSTA\u0141E INFORMACJE<\/strong><\/p><p><strong>W szkole uczniowie posiadaj\u0105 szafk\u0119 uczniowsk\u0105.\u00a0Kluczyk do szafki otrzymuj\u0105 od\u00a0wychowawcy.\u00a0<\/strong><\/p><p>W przypadku gdy ucze\u0144 zgubi kluczyk op\u0142ata za nowy wynosi\u00a0<strong>20 z\u0142<\/strong>. Kwot\u0119 t\u0119 nale\u017cy wp\u0142aci\u0107 na konto bankowe Rady Rodzic\u00f3w (szczeg\u00f3\u0142owe informacje w sekretariacie).<\/p><p><strong>STO\u0141\u00d3WKA ul. Hallera<\/strong><\/p><p>\u00a0<\/p><p><strong>STO\u0141\u00d3WKA ul. Kamienna<\/strong><\/p><p>\u00a0<\/p><p>S\u0105 to zawsze obiady dwudaniowe, a dekadowe jad\u0142ospisy uk\u0142adane s\u0105 zgodnie z zasadami prawid\u0142owego \u017cywienia. Przeprowadzone przez SANEPiD badania pr\u00f3bek pokarmowych wykaza\u0142, \u017ce obiady s\u0105 prawid\u0142owo skomponowane pod wzgl\u0119dem zawarto\u015bci bia\u0142ka, t\u0142uszczu i w\u0119glowodan\u00f3w oraz maj\u0105 odpowiedni\u0105 kaloryczno\u015b\u0107. Na bie\u017c\u0105co ajent wsp\u00f3\u0142pracuje z dyrektorem szk\u00f3l, pedagogiem oraz Miejskim i Gminnym O\u015brodkiem Pomocy Spo\u0142ecznej. Dzi\u0119ki tej owocnej wsp\u00f3\u0142pracy wszystkie dzieci, kt\u00f3re potrzebuj\u0105 pomocy w formie do\u017cywiania maj\u0105 mo\u017cliwo\u015b\u0107 korzystania z bezp\u0142atnych posi\u0142k\u00f3w.<\/p>\t\t\t\t\t\t\t\t<\/div>\n\t\t\t\t<\/div>\n\t\t\t\t<\/div>\n\t\t<div class=\"elementor-element elementor-element-b00df0d e-con-full e-flex wpr-particle-no wpr-jarallax-no wpr-parallax-no wpr-sticky-section-no e-con e-child\" data-id=\"b00df0d\" data-element_type=\"container\" data-e-type=\"container\" data-settings=\"{&quot;background_background&quot;:&quot;classic&quot;}\">\n\t\t\t\t<\/div>\n\t\t\t\t\t<\/div>\n\t\t\t\t<\/div>\n\t\t\t\t<\/div>\n\t\t","protected":false},"excerpt":{"rendered":"<p>PRZERWY I CZAS TRWANIA LEKCJI W OBU BUDYNKACH 0. 7:05 \u2013 7:50 \u2013 10 min przerwa 1.\u00a0 8:00 \u2013\u00a0 8:45 \u2013 10 min przerwa 2.\u00a0 8:55 \u2013\u00a0 9:40 \u2013 10 min przerwa 3.\u00a0 9:50 \u2013 10:35 \u2013 15 min przerwa 4. 10:50 \u2013 11:35 \u2013 10 min przerwa 5. 11:45 \u2013 12:30 \u2013 15 min przerwa 6. 12:45 \u2013 13:30 \u2013 15 min przerwa 7. 13:45 \u2013 14:30 \u2013 10 min przerwa 8. 14:40 \u2013 15:25 \u2013 10 min przerwa 9. 15:35 \u2013 16:20 \u00a0 POZOSTA\u0141E INFORMACJE W szkole uczniowie posiadaj\u0105 szafk\u0119 uczniowsk\u0105.\u00a0Kluczyk do szafki otrzymuj\u0105 od\u00a0wychowawcy.\u00a0 W przypadku gdy ucze\u0144 zgubi kluczyk op\u0142ata za nowy wynosi\u00a020 z\u0142. Kwot\u0119 t\u0119 nale\u017cy wp\u0142aci\u0107 na konto bankowe Rady Rodzic\u00f3w (szczeg\u00f3\u0142owe informacje w sekretariacie). STO\u0141\u00d3WKA ul. Hallera \u00a0 STO\u0141\u00d3WKA ul. Kamienna \u00a0 S\u0105 to zawsze obiady dwudaniowe, a dekadowe jad\u0142ospisy uk\u0142adane s\u0105 zgodnie z zasadami prawid\u0142owego \u017cywienia. Przeprowadzone przez SANEPiD badania pr\u00f3bek pokarmowych wykaza\u0142, \u017ce obiady s\u0105 prawid\u0142owo skomponowane pod wzgl\u0119dem zawarto\u015bci bia\u0142ka, t\u0142uszczu i w\u0119glowodan\u00f3w oraz maj\u0105 odpowiedni\u0105 kaloryczno\u015b\u0107. Na bie\u017c\u0105co ajent wsp\u00f3\u0142pracuje z dyrektorem szk\u00f3l, pedagogiem oraz Miejskim i Gminnym O\u015brodkiem Pomocy Spo\u0142ecznej. Dzi\u0119ki tej owocnej wsp\u00f3\u0142pracy wszystkie dzieci, kt\u00f3re potrzebuj\u0105 pomocy w formie do\u017cywiania maj\u0105 mo\u017cliwo\u015b\u0107 korzystania z bezp\u0142atnych posi\u0142k\u00f3w.<\/p>\n","protected":false},"author":1,"featured_media":0,"parent":0,"menu_order":0,"comment_status":"closed","ping_status":"closed","template":"","meta":{"footnotes":""},"class_list":["post-757","page","type-page","status-publish","hentry"],"acf":[],"_links":{"self":[{"href":"https:\/\/sp5.kwidzyn.pl\/index.php?rest_route=\/wp\/v2\/pages\/757","targetHints":{"allow":["GET"]}}],"collection":[{"href":"https:\/\/sp5.kwidzyn.pl\/index.php?rest_route=\/wp\/v2\/pages"}],"about":[{"href":"https:\/\/sp5.kwidzyn.pl\/index.php?rest_route=\/wp\/v2\/types\/page"}],"author":[{"embeddable":true,"href":"https:\/\/sp5.kwidzyn.pl\/index.php?rest_route=\/wp\/v2\/users\/1"}],"replies":[{"embeddable":true,"href":"https:\/\/sp5.kwidzyn.pl\/index.php?rest_route=%2Fwp%2Fv2%2Fcomments&post=757"}],"version-history":[{"count":25,"href":"https:\/\/sp5.kwidzyn.pl\/index.php?rest_route=\/wp\/v2\/pages\/757\/revisions"}],"predecessor-version":[{"id":2907,"href":"https:\/\/sp5.kwidzyn.pl\/index.php?rest_route=\/wp\/v2\/pages\/757\/revisions\/2907"}],"wp:attachment":[{"href":"https:\/\/sp5.kwidzyn.pl\/index.php?rest_route=%2Fwp%2Fv2%2Fmedia&parent=757"}],"curies":[{"name":"wp","href":"https:\/\/api.w.org\/{rel}","templated":true}]}}