{"id":5596,"date":"2026-03-05T07:03:17","date_gmt":"2026-03-05T06:03:17","guid":{"rendered":"https:\/\/sp5.kwidzyn.pl\/?page_id=5596"},"modified":"2026-03-05T07:10:05","modified_gmt":"2026-03-05T06:10:05","slug":"harmonogram-rekrutacji","status":"publish","type":"page","link":"https:\/\/sp5.kwidzyn.pl\/?page_id=5596","title":{"rendered":"Harmonogram rekrutacji"},"content":{"rendered":"\t\t<div data-elementor-type=\"wp-page\" data-elementor-id=\"5596\" class=\"elementor elementor-5596\" data-elementor-post-type=\"page\">\n\t\t\t\t<div class=\"elementor-element elementor-element-19b9910 e-con-full e-flex wpr-particle-no wpr-jarallax-no wpr-parallax-no wpr-sticky-section-no e-con e-parent\" data-id=\"19b9910\" data-element_type=\"container\" data-e-type=\"container\" data-settings=\"{&quot;background_background&quot;:&quot;classic&quot;}\">\n\t\t\t\t<div class=\"elementor-element elementor-element-e560cc3 elementor-widget elementor-widget-html\" data-id=\"e560cc3\" data-element_type=\"widget\" data-e-type=\"widget\" data-widget_type=\"html.default\">\n\t\t\t\t<div class=\"elementor-widget-container\">\n\t\t\t\t\t<nav aria-label=\"breadcrumbs\" class=\"rank-math-breadcrumb\"><p><span class=\"last\">Strona g\u0142\u00f3wna<\/span><\/p><\/nav>\t\t\t\t<\/div>\n\t\t\t\t<\/div>\n\t\t\t\t<\/div>\n\t\t<div class=\"elementor-element elementor-element-a30d0d7 e-flex e-con-boxed wpr-particle-no wpr-jarallax-no wpr-parallax-no wpr-sticky-section-no e-con e-parent\" data-id=\"a30d0d7\" data-element_type=\"container\" data-e-type=\"container\">\n\t\t\t\t\t<div class=\"e-con-inner\">\n\t\t\t\t<div class=\"elementor-element elementor-element-25d699e elementor-widget elementor-widget-heading\" data-id=\"25d699e\" data-element_type=\"widget\" data-e-type=\"widget\" data-widget_type=\"heading.default\">\n\t\t\t\t<div class=\"elementor-widget-container\">\n\t\t\t\t\t<h2 class=\"elementor-heading-title elementor-size-default\">harmonogram rekrutacji<\/h2>\t\t\t\t<\/div>\n\t\t\t\t<\/div>\n\t\t\t\t<div class=\"elementor-element elementor-element-733fe81 elementor-widget-divider--view-line elementor-widget elementor-widget-divider\" data-id=\"733fe81\" data-element_type=\"widget\" data-e-type=\"widget\" data-widget_type=\"divider.default\">\n\t\t\t\t<div class=\"elementor-widget-container\">\n\t\t\t\t\t\t\t<div class=\"elementor-divider\">\n\t\t\t<span class=\"elementor-divider-separator\">\n\t\t\t\t\t\t<\/span>\n\t\t<\/div>\n\t\t\t\t\t\t<\/div>\n\t\t\t\t<\/div>\n\t\t\t\t\t<\/div>\n\t\t\t\t<\/div>\n\t\t<div class=\"elementor-element elementor-element-6986861 e-flex e-con-boxed wpr-particle-no wpr-jarallax-no wpr-parallax-no wpr-sticky-section-no e-con e-parent\" data-id=\"6986861\" data-element_type=\"container\" data-e-type=\"container\">\n\t\t\t\t\t<div class=\"e-con-inner\">\n\t\t\t\t<div class=\"elementor-element elementor-element-e1fbdeb elementor-widget elementor-widget-heading\" data-id=\"e1fbdeb\" data-element_type=\"widget\" data-e-type=\"widget\" data-widget_type=\"heading.default\">\n\t\t\t\t<div class=\"elementor-widget-container\">\n\t\t\t\t\t<h2 class=\"elementor-heading-title elementor-size-default\">NAJWA\u017bNIEJSZE DATY: <\/h2>\t\t\t\t<\/div>\n\t\t\t\t<\/div>\n\t\t\t\t<div class=\"elementor-element elementor-element-9a6b114 elementor-widget__width-initial elementor-widget-tablet__width-inherit elementor-widget elementor-widget-text-editor\" data-id=\"9a6b114\" data-element_type=\"widget\" data-e-type=\"widget\" data-widget_type=\"text-editor.default\">\n\t\t\t\t<div class=\"elementor-widget-container\">\n\t\t\t\t\t\t\t\t\t<ul>\n  <li>\n    <strong>9\u201316 marca \u2013 kluczowy termin<\/strong> \u2013 to najwa\u017cniejszy etap rekrutacji!\n    <ul>\n      <li>Zarejestruj dziecko w systemie: <strong>nabor.pcss.pl\/kwidzyn<\/strong><\/li>\n      <li>Wydrukuj, podpisz i z\u0142\u00f3\u017c dokumenty (Zg\u0142oszenie lub Wniosek) w wybranej szkole.<\/li>\n    <\/ul>\n  <\/li>\n\n  <li>\n    <strong>8 kwietnia (godz. 14:00)<\/strong> \u2013 publikacja list kandydat\u00f3w: zakwalifikowanych i niezakwalifikowanych.\n    <ul>\n      <li>Sprawd\u017a koniecznie status dziecka w systemie.<\/li>\n    <\/ul>\n  <\/li>\n\n  <li>\n    <strong>Do 24 kwietnia (do godz. 10:00)<\/strong> \u2013 obowi\u0105zkowe potwierdzenie woli zapisu w szkole, do kt\u00f3rej dziecko zosta\u0142o zakwalifikowane.\n    <ul>\n      <li>Brak z\u0142o\u017cenia o\u015bwiadczenia = rezygnacja z miejsca.<\/li>\n    <\/ul>\n  <\/li>\n\n  <li>\n    <strong>27 kwietnia (godz. 14:00)<\/strong> \u2013 og\u0142oszenie ostatecznych list dzieci przyj\u0119tych do szk\u00f3\u0142.\n  <\/li>\n<\/ul>\t\t\t\t\t\t\t\t<\/div>\n\t\t\t\t<\/div>\n\t\t\t\t<div class=\"elementor-element elementor-element-4a271f0 elementor-widget elementor-widget-button\" data-id=\"4a271f0\" data-element_type=\"widget\" data-e-type=\"widget\" data-widget_type=\"button.default\">\n\t\t\t\t<div class=\"elementor-widget-container\">\n\t\t\t\t\t\t\t\t\t<div class=\"elementor-button-wrapper\">\n\t\t\t\t\t<a class=\"elementor-button elementor-button-link elementor-size-sm elementor-animation-grow\" href=\"http:\/\/nabor.pcss.pl\/kwidzyn\/szkolapodstawowa\/dokumenty\" target=\"_blank\" rel=\"noopener\">\n\t\t\t\t\t\t<span class=\"elementor-button-content-wrapper\">\n\t\t\t\t\t\t<span class=\"elementor-button-icon\">\n\t\t\t\t<i aria-hidden=\"true\" class=\"fas fa-arrow-right\"><\/i>\t\t\t<\/span>\n\t\t\t\t\t\t\t\t\t<span class=\"elementor-button-text\">WSZYSTKIE WYMAGANE WZORY O\u015aWIADCZE\u0143 I FORMULARZY DOST\u0118PNE S\u0104 TUTAJ<\/span>\n\t\t\t\t\t<\/span>\n\t\t\t\t\t<\/a>\n\t\t\t\t<\/div>\n\t\t\t\t\t\t\t\t<\/div>\n\t\t\t\t<\/div>\n\t\t\t\t\t<\/div>\n\t\t\t\t<\/div>\n\t\t\t\t<\/div>\n\t\t","protected":false},"excerpt":{"rendered":"<p>harmonogram rekrutacji NAJWA\u017bNIEJSZE DATY: 9\u201316 marca \u2013 kluczowy termin \u2013 to najwa\u017cniejszy etap rekrutacji! Zarejestruj dziecko w systemie: nabor.pcss.pl\/kwidzyn Wydrukuj, podpisz i z\u0142\u00f3\u017c dokumenty (Zg\u0142oszenie lub Wniosek) w wybranej szkole. 8 kwietnia (godz. 14:00) \u2013 publikacja list kandydat\u00f3w: zakwalifikowanych i niezakwalifikowanych. Sprawd\u017a koniecznie status dziecka w systemie. Do 24 kwietnia (do godz. 10:00) \u2013 obowi\u0105zkowe potwierdzenie woli zapisu w szkole, do kt\u00f3rej dziecko zosta\u0142o zakwalifikowane. Brak z\u0142o\u017cenia o\u015bwiadczenia = rezygnacja z miejsca. 27 kwietnia (godz. 14:00) \u2013 og\u0142oszenie ostatecznych list dzieci przyj\u0119tych do szk\u00f3\u0142. WSZYSTKIE WYMAGANE WZORY O\u015aWIADCZE\u0143 I FORMULARZY DOST\u0118PNE S\u0104 TUTAJ<\/p>\n","protected":false},"author":9,"featured_media":0,"parent":0,"menu_order":0,"comment_status":"closed","ping_status":"closed","template":"","meta":{"footnotes":""},"class_list":["post-5596","page","type-page","status-publish","hentry"],"acf":[],"_links":{"self":[{"href":"https:\/\/sp5.kwidzyn.pl\/index.php?rest_route=\/wp\/v2\/pages\/5596","targetHints":{"allow":["GET"]}}],"collection":[{"href":"https:\/\/sp5.kwidzyn.pl\/index.php?rest_route=\/wp\/v2\/pages"}],"about":[{"href":"https:\/\/sp5.kwidzyn.pl\/index.php?rest_route=\/wp\/v2\/types\/page"}],"author":[{"embeddable":true,"href":"https:\/\/sp5.kwidzyn.pl\/index.php?rest_route=\/wp\/v2\/users\/9"}],"replies":[{"embeddable":true,"href":"https:\/\/sp5.kwidzyn.pl\/index.php?rest_route=%2Fwp%2Fv2%2Fcomments&post=5596"}],"version-history":[{"count":4,"href":"https:\/\/sp5.kwidzyn.pl\/index.php?rest_route=\/wp\/v2\/pages\/5596\/revisions"}],"predecessor-version":[{"id":5602,"href":"https:\/\/sp5.kwidzyn.pl\/index.php?rest_route=\/wp\/v2\/pages\/5596\/revisions\/5602"}],"wp:attachment":[{"href":"https:\/\/sp5.kwidzyn.pl\/index.php?rest_route=%2Fwp%2Fv2%2Fmedia&parent=5596"}],"curies":[{"name":"wp","href":"https:\/\/api.w.org\/{rel}","templated":true}]}}