{"id":542,"date":"2023-09-19T11:31:46","date_gmt":"2023-09-19T09:31:46","guid":{"rendered":"http:\/\/sp52.betulait.pl\/?page_id=542"},"modified":"2023-11-29T13:15:37","modified_gmt":"2023-11-29T12:15:37","slug":"izba-pamieci","status":"publish","type":"page","link":"https:\/\/sp5.kwidzyn.pl\/?page_id=542","title":{"rendered":"Izba pami\u0119ci"},"content":{"rendered":"\t\t<div data-elementor-type=\"wp-page\" data-elementor-id=\"542\" class=\"elementor elementor-542\" data-elementor-post-type=\"page\">\n\t\t\t\t<div class=\"elementor-element elementor-element-506a48a2 e-con-full e-flex wpr-particle-no wpr-jarallax-no wpr-parallax-no wpr-sticky-section-no e-con e-parent\" data-id=\"506a48a2\" data-element_type=\"container\" data-e-type=\"container\" data-settings=\"{&quot;background_background&quot;:&quot;classic&quot;}\">\n\t\t\t\t<div class=\"elementor-element elementor-element-13238ed8 elementor-widget elementor-widget-html\" data-id=\"13238ed8\" data-element_type=\"widget\" data-e-type=\"widget\" data-widget_type=\"html.default\">\n\t\t\t\t<div class=\"elementor-widget-container\">\n\t\t\t\t\t<nav aria-label=\"breadcrumbs\" class=\"rank-math-breadcrumb\"><p><span class=\"last\">Strona g\u0142\u00f3wna<\/span><\/p><\/nav>\t\t\t\t<\/div>\n\t\t\t\t<\/div>\n\t\t\t\t<\/div>\n\t\t<div class=\"elementor-element elementor-element-79ea348e e-flex e-con-boxed wpr-particle-no wpr-jarallax-no wpr-parallax-no wpr-sticky-section-no e-con e-parent\" data-id=\"79ea348e\" data-element_type=\"container\" data-e-type=\"container\">\n\t\t\t\t\t<div class=\"e-con-inner\">\n\t\t\t\t<div class=\"elementor-element elementor-element-5412ce79 elementor-widget-divider--view-line elementor-widget elementor-widget-divider\" data-id=\"5412ce79\" data-element_type=\"widget\" data-e-type=\"widget\" data-widget_type=\"divider.default\">\n\t\t\t\t<div class=\"elementor-widget-container\">\n\t\t\t\t\t\t\t<div class=\"elementor-divider\">\n\t\t\t<span class=\"elementor-divider-separator\">\n\t\t\t\t\t\t<\/span>\n\t\t<\/div>\n\t\t\t\t\t\t<\/div>\n\t\t\t\t<\/div>\n\t\t\t\t\t<\/div>\n\t\t\t\t<\/div>\n\t\t<div class=\"elementor-element elementor-element-02b82e3 e-flex e-con-boxed wpr-particle-no wpr-jarallax-no wpr-parallax-no wpr-sticky-section-no e-con e-parent\" data-id=\"02b82e3\" data-element_type=\"container\" data-e-type=\"container\">\n\t\t\t\t\t<div class=\"e-con-inner\">\n\t\t\t\t<div class=\"elementor-element elementor-element-429c965 elementor-widget elementor-widget-text-editor\" data-id=\"429c965\" data-element_type=\"widget\" data-e-type=\"widget\" data-widget_type=\"text-editor.default\">\n\t\t\t\t<div class=\"elementor-widget-container\">\n\t\t\t\t\t\t\t\t\t<p>W 2018 roku w budynku przy ulicy Kamiennej 18 w sali nr 5 odby\u0142o si\u0119 uroczyste uroczyste otwarcie Izby Pami\u0119ci, w kt\u00f3rej zgromadzono pami\u0105tki zwi\u0105zane z imieniem Gimnazjum nr 3. Izba nosi nazw\u0119 \u201c5 prawd Polak\u00f3w spod Znaku Rod\u0142a\u201d. Opiekunem izby jest nauczyciel historii pan <b>Jaros\u0142aw Szumowski<\/b>.<\/p><p>Zapraszamy wszystkich zainteresowanych do odwiedzenia naszego miejsca po\u015bwi\u0119conemu historii, gdzie zosta\u0142y zgromadzone pami\u0105tki z nadania imienia Gimnazjum nr 3 im. Znaku Rod\u0142a i inne materia\u0142y o tematyce zwi\u0105zanej z prawdami Polak\u00f3w spod Znaku Rod\u0142a.<\/p><p>Przed przybyciem do naszej Izby Pami\u0119ci nale\u017cy si\u0119 skontaktowa\u0107 telefonicznie z p. Szumowskim pod numerem telefonu\u00a0<b>500 601 471<\/b>.<\/p>\t\t\t\t\t\t\t\t<\/div>\n\t\t\t\t<\/div>\n\t\t\t\t\t<\/div>\n\t\t\t\t<\/div>\n\t\t\t\t<\/div>\n\t\t","protected":false},"excerpt":{"rendered":"<p>W 2018 roku w budynku przy ulicy Kamiennej 18 w sali nr 5 odby\u0142o si\u0119 uroczyste uroczyste otwarcie Izby Pami\u0119ci, w kt\u00f3rej zgromadzono pami\u0105tki zwi\u0105zane z imieniem Gimnazjum nr 3. Izba nosi nazw\u0119 \u201c5 prawd Polak\u00f3w spod Znaku Rod\u0142a\u201d. Opiekunem izby jest nauczyciel historii pan Jaros\u0142aw Szumowski. Zapraszamy wszystkich zainteresowanych do odwiedzenia naszego miejsca po\u015bwi\u0119conemu historii, gdzie zosta\u0142y zgromadzone pami\u0105tki z nadania imienia Gimnazjum nr 3 im. Znaku Rod\u0142a i inne materia\u0142y o tematyce zwi\u0105zanej z prawdami Polak\u00f3w spod Znaku Rod\u0142a. Przed przybyciem do naszej Izby Pami\u0119ci nale\u017cy si\u0119 skontaktowa\u0107 telefonicznie z p. Szumowskim pod numerem telefonu\u00a0500 601 471.<\/p>\n","protected":false},"author":1,"featured_media":0,"parent":0,"menu_order":0,"comment_status":"closed","ping_status":"closed","template":"","meta":{"footnotes":""},"class_list":["post-542","page","type-page","status-publish","hentry"],"acf":[],"_links":{"self":[{"href":"https:\/\/sp5.kwidzyn.pl\/index.php?rest_route=\/wp\/v2\/pages\/542","targetHints":{"allow":["GET"]}}],"collection":[{"href":"https:\/\/sp5.kwidzyn.pl\/index.php?rest_route=\/wp\/v2\/pages"}],"about":[{"href":"https:\/\/sp5.kwidzyn.pl\/index.php?rest_route=\/wp\/v2\/types\/page"}],"author":[{"embeddable":true,"href":"https:\/\/sp5.kwidzyn.pl\/index.php?rest_route=\/wp\/v2\/users\/1"}],"replies":[{"embeddable":true,"href":"https:\/\/sp5.kwidzyn.pl\/index.php?rest_route=%2Fwp%2Fv2%2Fcomments&post=542"}],"version-history":[{"count":13,"href":"https:\/\/sp5.kwidzyn.pl\/index.php?rest_route=\/wp\/v2\/pages\/542\/revisions"}],"predecessor-version":[{"id":2540,"href":"https:\/\/sp5.kwidzyn.pl\/index.php?rest_route=\/wp\/v2\/pages\/542\/revisions\/2540"}],"wp:attachment":[{"href":"https:\/\/sp5.kwidzyn.pl\/index.php?rest_route=%2Fwp%2Fv2%2Fmedia&parent=542"}],"curies":[{"name":"wp","href":"https:\/\/api.w.org\/{rel}","templated":true}]}}