{"id":538,"date":"2023-09-19T11:25:13","date_gmt":"2023-09-19T09:25:13","guid":{"rendered":"http:\/\/sp52.betulait.pl\/?page_id=538"},"modified":"2024-10-29T19:16:02","modified_gmt":"2024-10-29T18:16:02","slug":"samorzad-uczniowski","status":"publish","type":"page","link":"https:\/\/sp5.kwidzyn.pl\/?page_id=538","title":{"rendered":"Samorz\u0105d uczniowski"},"content":{"rendered":"\t\t<div data-elementor-type=\"wp-page\" data-elementor-id=\"538\" class=\"elementor elementor-538\" data-elementor-post-type=\"page\">\n\t\t\t\t<div class=\"elementor-element elementor-element-49f48dca e-con-full e-flex wpr-particle-no wpr-jarallax-no wpr-parallax-no wpr-sticky-section-no e-con e-parent\" data-id=\"49f48dca\" data-element_type=\"container\" data-e-type=\"container\" data-settings=\"{&quot;background_background&quot;:&quot;classic&quot;}\">\n\t\t\t\t<div class=\"elementor-element elementor-element-162c3982 elementor-widget elementor-widget-html\" data-id=\"162c3982\" data-element_type=\"widget\" data-e-type=\"widget\" data-widget_type=\"html.default\">\n\t\t\t\t<div class=\"elementor-widget-container\">\n\t\t\t\t\t<nav aria-label=\"breadcrumbs\" class=\"rank-math-breadcrumb\"><p><span class=\"last\">Strona g\u0142\u00f3wna<\/span><\/p><\/nav>\t\t\t\t<\/div>\n\t\t\t\t<\/div>\n\t\t\t\t<\/div>\n\t\t<div class=\"elementor-element elementor-element-c52bf0e e-flex e-con-boxed wpr-particle-no wpr-jarallax-no wpr-parallax-no wpr-sticky-section-no e-con e-parent\" data-id=\"c52bf0e\" data-element_type=\"container\" data-e-type=\"container\">\n\t\t\t\t\t<div class=\"e-con-inner\">\n\t\t\t\t<div class=\"elementor-element elementor-element-44dc2407 elementor-widget-divider--view-line elementor-widget elementor-widget-divider\" data-id=\"44dc2407\" data-element_type=\"widget\" data-e-type=\"widget\" data-widget_type=\"divider.default\">\n\t\t\t\t<div class=\"elementor-widget-container\">\n\t\t\t\t\t\t\t<div class=\"elementor-divider\">\n\t\t\t<span class=\"elementor-divider-separator\">\n\t\t\t\t\t\t<\/span>\n\t\t<\/div>\n\t\t\t\t\t\t<\/div>\n\t\t\t\t<\/div>\n\t\t\t\t\t<\/div>\n\t\t\t\t<\/div>\n\t\t<div class=\"elementor-element elementor-element-b3c8cd3 e-flex e-con-boxed wpr-particle-no wpr-jarallax-no wpr-parallax-no wpr-sticky-section-no e-con e-parent\" data-id=\"b3c8cd3\" data-element_type=\"container\" data-e-type=\"container\">\n\t\t\t\t\t<div class=\"e-con-inner\">\n\t\t<div class=\"elementor-element elementor-element-eae99c4 e-con-full e-flex wpr-particle-no wpr-jarallax-no wpr-parallax-no wpr-sticky-section-no e-con e-child\" data-id=\"eae99c4\" data-element_type=\"container\" data-e-type=\"container\">\n\t\t\t\t<div class=\"elementor-element elementor-element-a41213f elementor-widget elementor-widget-text-editor\" data-id=\"a41213f\" data-element_type=\"widget\" data-e-type=\"widget\" data-widget_type=\"text-editor.default\">\n\t\t\t\t<div class=\"elementor-widget-container\">\n\t\t\t\t\t\t\t\t\t<p>SU Budynek ul. Kamienna 18<\/p><p><strong>Sk\u0142ad Samorz\u0105du Szkolnego 2024\/2025:<\/strong><\/p><p>Przewodnicz\u0105ca\/y: <strong>Lena Piskorz<\/strong><\/p><p>Z-ca przewodnicz\u0105cej: <strong>Zuzanna Topolska<\/strong><\/p><p>Sekretarz: <strong>Faustyna Radomi\u0144ska<\/strong><\/p><p>Opiekun SU klas IV-VIII: <strong>Natalia Po\u0142e\u0107, Marlena Olszewska, Ma\u0142gorzata Magrowska<\/strong><\/p><p>Rzecznik Praw Ucznia\u00a0<span style=\"text-align: var(--text-align);\">klas IV-VIII<\/span><span style=\"text-align: var(--text-align);\">: <strong>Gracjan Galicki<\/strong><\/span><\/p><p>Opiekun MINI SU: <strong>Agnieszka Radomi\u0144ska, Izabela Lemkowska, s.Dawida<\/strong><\/p><p>Rzecznik Praw Ucznia klas I-III: <strong>Gabriela M\u0142y\u0144ska<\/strong><\/p>\t\t\t\t\t\t\t\t<\/div>\n\t\t\t\t<\/div>\n\t\t\t\t<\/div>\n\t\t<div class=\"elementor-element elementor-element-87b5fb9 e-con-full elementor-hidden-mobile e-flex wpr-particle-no wpr-jarallax-no wpr-parallax-no wpr-sticky-section-no e-con e-child\" data-id=\"87b5fb9\" data-element_type=\"container\" data-e-type=\"container\" data-settings=\"{&quot;background_background&quot;:&quot;classic&quot;}\">\n\t\t\t\t<\/div>\n\t\t\t\t\t<\/div>\n\t\t\t\t<\/div>\n\t\t<div class=\"elementor-element elementor-element-2ded338 e-flex e-con-boxed wpr-particle-no wpr-jarallax-no wpr-parallax-no wpr-sticky-section-no e-con e-parent\" data-id=\"2ded338\" data-element_type=\"container\" data-e-type=\"container\" data-settings=\"{&quot;background_background&quot;:&quot;classic&quot;}\">\n\t\t\t\t\t<div class=\"e-con-inner\">\n\t\t<div class=\"elementor-element elementor-element-d8e6c06 e-con-full e-flex wpr-particle-no wpr-jarallax-no wpr-parallax-no wpr-sticky-section-no e-con e-child\" data-id=\"d8e6c06\" data-element_type=\"container\" data-e-type=\"container\">\n\t\t\t\t<div class=\"elementor-element elementor-element-9d6d46d elementor-position-top elementor-widget elementor-widget-image-box\" data-id=\"9d6d46d\" data-element_type=\"widget\" data-e-type=\"widget\" data-widget_type=\"image-box.default\">\n\t\t\t\t<div class=\"elementor-widget-container\">\n\t\t\t\t\t<div class=\"elementor-image-box-wrapper\"><figure class=\"elementor-image-box-img\"><img fetchpriority=\"high\" decoding=\"async\" width=\"256\" height=\"256\" src=\"https:\/\/sp5.kwidzyn.pl\/wp-content\/uploads\/2023\/09\/paint-brush-art-svgrepo-com.png\" class=\"attachment-full size-full wp-image-689\" alt=\"\" srcset=\"https:\/\/sp5.kwidzyn.pl\/wp-content\/uploads\/2023\/09\/paint-brush-art-svgrepo-com.png 256w, https:\/\/sp5.kwidzyn.pl\/wp-content\/uploads\/2023\/09\/paint-brush-art-svgrepo-com-150x150.png 150w\" sizes=\"(max-width: 256px) 100vw, 256px\" \/><\/figure><div class=\"elementor-image-box-content\"><h3 class=\"elementor-image-box-title\">SEKCJA PLASTYCZNA<\/h3><p class=\"elementor-image-box-description\">Przewodnicz\u0105cy sekcji:\nCz\u0142onkowie:<\/p><\/div><\/div>\t\t\t\t<\/div>\n\t\t\t\t<\/div>\n\t\t\t\t<\/div>\n\t\t<div class=\"elementor-element elementor-element-025bbc8 e-con-full e-flex wpr-particle-no wpr-jarallax-no wpr-parallax-no wpr-sticky-section-no e-con e-child\" data-id=\"025bbc8\" data-element_type=\"container\" data-e-type=\"container\">\n\t\t\t\t<div class=\"elementor-element elementor-element-8cde642 elementor-position-top elementor-widget elementor-widget-image-box\" data-id=\"8cde642\" data-element_type=\"widget\" data-e-type=\"widget\" data-widget_type=\"image-box.default\">\n\t\t\t\t<div class=\"elementor-widget-container\">\n\t\t\t\t\t<div class=\"elementor-image-box-wrapper\"><figure class=\"elementor-image-box-img\"><img decoding=\"async\" width=\"256\" height=\"256\" src=\"https:\/\/sp5.kwidzyn.pl\/wp-content\/uploads\/2023\/09\/networking-collaboration-svgrepo-com.png\" class=\"attachment-full size-full wp-image-107\" alt=\"\" srcset=\"https:\/\/sp5.kwidzyn.pl\/wp-content\/uploads\/2023\/09\/networking-collaboration-svgrepo-com.png 256w, https:\/\/sp5.kwidzyn.pl\/wp-content\/uploads\/2023\/09\/networking-collaboration-svgrepo-com-150x150.png 150w\" sizes=\"(max-width: 256px) 100vw, 256px\" \/><\/figure><div class=\"elementor-image-box-content\"><h3 class=\"elementor-image-box-title\">SEKCJA GOSPODARCZA<\/h3><p class=\"elementor-image-box-description\">Przewodnicz\u0105cy sekcji:\nCz\u0142onkowie:<\/p><\/div><\/div>\t\t\t\t<\/div>\n\t\t\t\t<\/div>\n\t\t\t\t<\/div>\n\t\t<div class=\"elementor-element elementor-element-8740a81 e-con-full e-flex wpr-particle-no wpr-jarallax-no wpr-parallax-no wpr-sticky-section-no e-con e-child\" data-id=\"8740a81\" data-element_type=\"container\" data-e-type=\"container\">\n\t\t\t\t<div class=\"elementor-element elementor-element-26894c5 elementor-position-top elementor-widget elementor-widget-image-box\" data-id=\"26894c5\" data-element_type=\"widget\" data-e-type=\"widget\" data-widget_type=\"image-box.default\">\n\t\t\t\t<div class=\"elementor-widget-container\">\n\t\t\t\t\t<div class=\"elementor-image-box-wrapper\"><figure class=\"elementor-image-box-img\"><img decoding=\"async\" width=\"256\" height=\"256\" src=\"https:\/\/sp5.kwidzyn.pl\/wp-content\/uploads\/2023\/09\/blackboard-svgrepo-com.png\" class=\"attachment-full size-full wp-image-110\" alt=\"\" srcset=\"https:\/\/sp5.kwidzyn.pl\/wp-content\/uploads\/2023\/09\/blackboard-svgrepo-com.png 256w, https:\/\/sp5.kwidzyn.pl\/wp-content\/uploads\/2023\/09\/blackboard-svgrepo-com-150x150.png 150w\" sizes=\"(max-width: 256px) 100vw, 256px\" \/><\/figure><div class=\"elementor-image-box-content\"><h3 class=\"elementor-image-box-title\">SEKCJA NAUKOWA<\/h3><p class=\"elementor-image-box-description\">Przewodnicz\u0105cy sekcji:\nCz\u0142onkowie:<\/p><\/div><\/div>\t\t\t\t<\/div>\n\t\t\t\t<\/div>\n\t\t\t\t<\/div>\n\t\t<div class=\"elementor-element elementor-element-80c8864 e-con-full e-flex wpr-particle-no wpr-jarallax-no wpr-parallax-no wpr-sticky-section-no e-con e-child\" data-id=\"80c8864\" data-element_type=\"container\" data-e-type=\"container\">\n\t\t\t\t<div class=\"elementor-element elementor-element-e77fb88 elementor-position-top elementor-widget elementor-widget-image-box\" data-id=\"e77fb88\" data-element_type=\"widget\" data-e-type=\"widget\" data-widget_type=\"image-box.default\">\n\t\t\t\t<div class=\"elementor-widget-container\">\n\t\t\t\t\t<div class=\"elementor-image-box-wrapper\"><figure class=\"elementor-image-box-img\"><img loading=\"lazy\" decoding=\"async\" width=\"256\" height=\"256\" src=\"https:\/\/sp5.kwidzyn.pl\/wp-content\/uploads\/2023\/09\/basketball-svgrepo-com.png\" class=\"attachment-full size-full wp-image-688\" alt=\"\" srcset=\"https:\/\/sp5.kwidzyn.pl\/wp-content\/uploads\/2023\/09\/basketball-svgrepo-com.png 256w, https:\/\/sp5.kwidzyn.pl\/wp-content\/uploads\/2023\/09\/basketball-svgrepo-com-150x150.png 150w\" sizes=\"(max-width: 256px) 100vw, 256px\" \/><\/figure><div class=\"elementor-image-box-content\"><h3 class=\"elementor-image-box-title\">SEKCJA SPORTOWA<\/h3><p class=\"elementor-image-box-description\">Przewodnicz\u0105cy sekcji:\nCz\u0142onkowie:<\/p><\/div><\/div>\t\t\t\t<\/div>\n\t\t\t\t<\/div>\n\t\t\t\t<\/div>\n\t\t\t\t\t<\/div>\n\t\t\t\t<\/div>\n\t\t\t\t<\/div>\n\t\t","protected":false},"excerpt":{"rendered":"<p>SU Budynek ul. Kamienna 18 Sk\u0142ad Samorz\u0105du Szkolnego 2024\/2025: Przewodnicz\u0105ca\/y: Lena Piskorz Z-ca przewodnicz\u0105cej: Zuzanna Topolska Sekretarz: Faustyna Radomi\u0144ska Opiekun SU klas IV-VIII: Natalia Po\u0142e\u0107, Marlena Olszewska, Ma\u0142gorzata Magrowska Rzecznik Praw Ucznia\u00a0klas IV-VIII: Gracjan Galicki Opiekun MINI SU: Agnieszka Radomi\u0144ska, Izabela Lemkowska, s.Dawida Rzecznik Praw Ucznia klas I-III: Gabriela M\u0142y\u0144ska SEKCJA PLASTYCZNA Przewodnicz\u0105cy sekcji: Cz\u0142onkowie: SEKCJA GOSPODARCZA Przewodnicz\u0105cy sekcji: Cz\u0142onkowie: SEKCJA NAUKOWA Przewodnicz\u0105cy sekcji: Cz\u0142onkowie: SEKCJA SPORTOWA Przewodnicz\u0105cy sekcji: Cz\u0142onkowie:<\/p>\n","protected":false},"author":1,"featured_media":0,"parent":0,"menu_order":0,"comment_status":"closed","ping_status":"closed","template":"","meta":{"footnotes":""},"class_list":["post-538","page","type-page","status-publish","hentry"],"acf":[],"_links":{"self":[{"href":"https:\/\/sp5.kwidzyn.pl\/index.php?rest_route=\/wp\/v2\/pages\/538","targetHints":{"allow":["GET"]}}],"collection":[{"href":"https:\/\/sp5.kwidzyn.pl\/index.php?rest_route=\/wp\/v2\/pages"}],"about":[{"href":"https:\/\/sp5.kwidzyn.pl\/index.php?rest_route=\/wp\/v2\/types\/page"}],"author":[{"embeddable":true,"href":"https:\/\/sp5.kwidzyn.pl\/index.php?rest_route=\/wp\/v2\/users\/1"}],"replies":[{"embeddable":true,"href":"https:\/\/sp5.kwidzyn.pl\/index.php?rest_route=%2Fwp%2Fv2%2Fcomments&post=538"}],"version-history":[{"count":32,"href":"https:\/\/sp5.kwidzyn.pl\/index.php?rest_route=\/wp\/v2\/pages\/538\/revisions"}],"predecessor-version":[{"id":4475,"href":"https:\/\/sp5.kwidzyn.pl\/index.php?rest_route=\/wp\/v2\/pages\/538\/revisions\/4475"}],"wp:attachment":[{"href":"https:\/\/sp5.kwidzyn.pl\/index.php?rest_route=%2Fwp%2Fv2%2Fmedia&parent=538"}],"curies":[{"name":"wp","href":"https:\/\/api.w.org\/{rel}","templated":true}]}}