{"id":532,"date":"2023-09-19T11:24:12","date_gmt":"2023-09-19T09:24:12","guid":{"rendered":"http:\/\/sp52.betulait.pl\/?page_id=532"},"modified":"2023-11-26T10:06:33","modified_gmt":"2023-11-26T09:06:33","slug":"informacje-o-szkole","status":"publish","type":"page","link":"https:\/\/sp5.kwidzyn.pl\/?page_id=532","title":{"rendered":"Informacje o szkole"},"content":{"rendered":"\t\t<div data-elementor-type=\"wp-page\" data-elementor-id=\"532\" class=\"elementor elementor-532\" data-elementor-post-type=\"page\">\n\t\t\t\t<div class=\"elementor-element elementor-element-4d3f8a48 e-con-full e-flex wpr-particle-no wpr-jarallax-no wpr-parallax-no wpr-sticky-section-no e-con e-parent\" data-id=\"4d3f8a48\" data-element_type=\"container\" data-e-type=\"container\" data-settings=\"{&quot;background_background&quot;:&quot;classic&quot;}\">\n\t\t\t\t<div class=\"elementor-element elementor-element-180e6d1c elementor-widget elementor-widget-html\" data-id=\"180e6d1c\" data-element_type=\"widget\" data-e-type=\"widget\" data-widget_type=\"html.default\">\n\t\t\t\t<div class=\"elementor-widget-container\">\n\t\t\t\t\t<nav aria-label=\"breadcrumbs\" class=\"rank-math-breadcrumb\"><p><span class=\"last\">Strona g\u0142\u00f3wna<\/span><\/p><\/nav>\t\t\t\t<\/div>\n\t\t\t\t<\/div>\n\t\t\t\t<\/div>\n\t\t<div class=\"elementor-element elementor-element-4c833d2e e-flex e-con-boxed wpr-particle-no wpr-jarallax-no wpr-parallax-no wpr-sticky-section-no e-con e-parent\" data-id=\"4c833d2e\" data-element_type=\"container\" data-e-type=\"container\">\n\t\t\t\t\t<div class=\"e-con-inner\">\n\t\t\t\t<div class=\"elementor-element elementor-element-4f604cb6 elementor-widget-divider--view-line elementor-widget elementor-widget-divider\" data-id=\"4f604cb6\" data-element_type=\"widget\" data-e-type=\"widget\" data-widget_type=\"divider.default\">\n\t\t\t\t<div class=\"elementor-widget-container\">\n\t\t\t\t\t\t\t<div class=\"elementor-divider\">\n\t\t\t<span class=\"elementor-divider-separator\">\n\t\t\t\t\t\t<\/span>\n\t\t<\/div>\n\t\t\t\t\t\t<\/div>\n\t\t\t\t<\/div>\n\t\t\t\t\t<\/div>\n\t\t\t\t<\/div>\n\t\t<div class=\"elementor-element elementor-element-3279f48 e-flex e-con-boxed wpr-particle-no wpr-jarallax-no wpr-parallax-no wpr-sticky-section-no e-con e-parent\" data-id=\"3279f48\" data-element_type=\"container\" data-e-type=\"container\">\n\t\t\t\t\t<div class=\"e-con-inner\">\n\t\t<div class=\"elementor-element elementor-element-3072210 e-flex e-con-boxed wpr-particle-no wpr-jarallax-no wpr-parallax-no wpr-sticky-section-no e-con e-child\" data-id=\"3072210\" data-element_type=\"container\" data-e-type=\"container\" data-settings=\"{&quot;background_background&quot;:&quot;classic&quot;}\">\n\t\t\t\t\t<div class=\"e-con-inner\">\n\t\t\t\t\t<\/div>\n\t\t\t\t<\/div>\n\t\t<div class=\"elementor-element elementor-element-79ddf36 e-flex e-con-boxed wpr-particle-no wpr-jarallax-no wpr-parallax-no wpr-sticky-section-no e-con e-child\" data-id=\"79ddf36\" data-element_type=\"container\" data-e-type=\"container\" data-settings=\"{&quot;background_background&quot;:&quot;classic&quot;}\">\n\t\t\t\t\t<div class=\"e-con-inner\">\n\t\t\t\t<div class=\"elementor-element elementor-element-5f1a94a elementor-widget elementor-widget-text-editor\" data-id=\"5f1a94a\" data-element_type=\"widget\" data-e-type=\"widget\" data-widget_type=\"text-editor.default\">\n\t\t\t\t<div class=\"elementor-widget-container\">\n\t\t\t\t\t\t\t\t\t<p><strong>Szko\u0142a\u00a0Podstawowa nr 5 im. \u00a0Zjednoczonej Europy\u00a0w\u00a0Kwidzynie\u00a0mie\u015bci\u00a0si\u0119\u00a0w\u00a0dw\u00f3ch\u00a0 budynkach.<\/strong><\/p><p>W\u00a0budynku\u00a0przy\u00a0ulicy\u00a0Hallera 4\u00a0funkcjonuj\u0105\u00a0oddzia\u0142y edukacji\u00a0wczesnoszkolnej\u00a01-3\u00a0oraz\u00a0edukacji przedszkolnej \u201e0\u201d.\u00a0Budynek\u00a0stanowi\u00a0doskona\u0142\u0105 baz\u0119\u00a0dla\u00a0nauczania.\u00a0Opr\u00f3cz\u00a0sal\u00a0lekcyjnych\u00a0 wyposa\u017conych\u00a0w\u00a0urz\u0105dzenie multimedialne ze sta\u0142ym\u00a0dost\u0119pem do\u00a0internetu\u00a0naszym uczniom oferujemy\u00a0sal\u0119 gimnastyczn\u0105, aul\u0119,\u00a0bibliotek\u0119,\u00a0sto\u0142\u00f3wk\u0119, harc\u00f3wk\u0119,\u00a0pracowni\u0119 informatyczn\u0105, pracowni\u0119 j\u0119zykow\u0105,\u00a0plac\u00a0zabaw,\u00a0boiska\u00a0szkolne\u00a0typu \u201eORLIK\u201d\u00a0oraz gabinety\u00a0specjalistyczne.<\/p>\t\t\t\t\t\t\t\t<\/div>\n\t\t\t\t<\/div>\n\t\t\t\t\t<\/div>\n\t\t\t\t<\/div>\n\t\t\t\t\t<\/div>\n\t\t\t\t<\/div>\n\t\t<div class=\"elementor-element elementor-element-b2f54bf e-flex e-con-boxed wpr-particle-no wpr-jarallax-no wpr-parallax-no wpr-sticky-section-no e-con e-parent\" data-id=\"b2f54bf\" data-element_type=\"container\" data-e-type=\"container\">\n\t\t\t\t\t<div class=\"e-con-inner\">\n\t\t<div class=\"elementor-element elementor-element-f9d787e e-flex e-con-boxed wpr-particle-no wpr-jarallax-no wpr-parallax-no wpr-sticky-section-no e-con e-child\" data-id=\"f9d787e\" data-element_type=\"container\" data-e-type=\"container\" data-settings=\"{&quot;background_background&quot;:&quot;classic&quot;}\">\n\t\t\t\t\t<div class=\"e-con-inner\">\n\t\t\t\t\t<\/div>\n\t\t\t\t<\/div>\n\t\t<div class=\"elementor-element elementor-element-e328735 e-flex e-con-boxed wpr-particle-no wpr-jarallax-no wpr-parallax-no wpr-sticky-section-no e-con e-child\" data-id=\"e328735\" data-element_type=\"container\" data-e-type=\"container\" data-settings=\"{&quot;background_background&quot;:&quot;classic&quot;}\">\n\t\t\t\t\t<div class=\"e-con-inner\">\n\t\t\t\t<div class=\"elementor-element elementor-element-12bc401 elementor-widget elementor-widget-text-editor\" data-id=\"12bc401\" data-element_type=\"widget\" data-e-type=\"widget\" data-widget_type=\"text-editor.default\">\n\t\t\t\t<div class=\"elementor-widget-container\">\n\t\t\t\t\t\t\t\t\t<p>W budynku\u00a0przy ulicy\u00a0Kamiennej\u00a018\u00a0funkcjonuj\u0105\u00a0oddzia\u0142y\u00a04-8.\u00a0Wszystkie\u00a0sale\u00a0wyposa\u017cone s\u0105\u00a0w urz\u0105dzenia multimedialne z dost\u0119pem do internetu.\u00a0Uczniowie r\u00f3wnie\u017c\u00a0tutaj korzystaj\u0105 z sali gimnastycznej,\u00a0boisk sportowych typu \u201eORLIK\u201d,\u00a0biblioteki, sto\u0142\u00f3wki oraz gabinet\u00f3w specjalistycznych.\u00a0<\/p><p>Obydwa budynki\u00a0usytuowane s\u0105\u00a0w bezpiecznych miejscach\u00a0z dala od g\u0142\u00f3wnych\u00a0dr\u00f3g i ulic.\u00a0Nad uczniami\u00a0czuwa\u00a0wysoko wykwalifikowana kadra pedagogiczna.\u00a0<\/p>\t\t\t\t\t\t\t\t<\/div>\n\t\t\t\t<\/div>\n\t\t\t\t\t<\/div>\n\t\t\t\t<\/div>\n\t\t\t\t\t<\/div>\n\t\t\t\t<\/div>\n\t\t<div class=\"elementor-element elementor-element-f79ea0c e-flex e-con-boxed wpr-particle-no wpr-jarallax-no wpr-parallax-no wpr-sticky-section-no e-con e-parent\" data-id=\"f79ea0c\" data-element_type=\"container\" data-e-type=\"container\">\n\t\t\t\t\t<div class=\"e-con-inner\">\n\t\t\t\t<div class=\"elementor-element elementor-element-476a76e elementor-widget elementor-widget-text-editor\" data-id=\"476a76e\" data-element_type=\"widget\" data-e-type=\"widget\" data-widget_type=\"text-editor.default\">\n\t\t\t\t<div class=\"elementor-widget-container\">\n\t\t\t\t\t\t\t\t\t<p>Proces\u00a0dydaktyczno-opieku\u0144czo-wychowawczy\u00a0wspieraj\u0105\u00a0 specjali\u015bci: pedagog, psycholog, logopeda,\u00a0surdopedagog, tyflopedagog,\u00a0 socjoterapeuta oraz nauczyciele wspomagaj\u0105cy.<\/p>\t\t\t\t\t\t\t\t<\/div>\n\t\t\t\t<\/div>\n\t\t\t\t\t<\/div>\n\t\t\t\t<\/div>\n\t\t\t\t<\/div>\n\t\t","protected":false},"excerpt":{"rendered":"<p>Szko\u0142a\u00a0Podstawowa nr 5 im. \u00a0Zjednoczonej Europy\u00a0w\u00a0Kwidzynie\u00a0mie\u015bci\u00a0si\u0119\u00a0w\u00a0dw\u00f3ch\u00a0 budynkach. W\u00a0budynku\u00a0przy\u00a0ulicy\u00a0Hallera 4\u00a0funkcjonuj\u0105\u00a0oddzia\u0142y edukacji\u00a0wczesnoszkolnej\u00a01-3\u00a0oraz\u00a0edukacji przedszkolnej \u201e0\u201d.\u00a0Budynek\u00a0stanowi\u00a0doskona\u0142\u0105 baz\u0119\u00a0dla\u00a0nauczania.\u00a0Opr\u00f3cz\u00a0sal\u00a0lekcyjnych\u00a0 wyposa\u017conych\u00a0w\u00a0urz\u0105dzenie multimedialne ze sta\u0142ym\u00a0dost\u0119pem do\u00a0internetu\u00a0naszym uczniom oferujemy\u00a0sal\u0119 gimnastyczn\u0105, aul\u0119,\u00a0bibliotek\u0119,\u00a0sto\u0142\u00f3wk\u0119, harc\u00f3wk\u0119,\u00a0pracowni\u0119 informatyczn\u0105, pracowni\u0119 j\u0119zykow\u0105,\u00a0plac\u00a0zabaw,\u00a0boiska\u00a0szkolne\u00a0typu \u201eORLIK\u201d\u00a0oraz gabinety\u00a0specjalistyczne. W budynku\u00a0przy ulicy\u00a0Kamiennej\u00a018\u00a0funkcjonuj\u0105\u00a0oddzia\u0142y\u00a04-8.\u00a0Wszystkie\u00a0sale\u00a0wyposa\u017cone s\u0105\u00a0w urz\u0105dzenia multimedialne z dost\u0119pem do internetu.\u00a0Uczniowie r\u00f3wnie\u017c\u00a0tutaj korzystaj\u0105 z sali gimnastycznej,\u00a0boisk sportowych typu \u201eORLIK\u201d,\u00a0biblioteki, sto\u0142\u00f3wki oraz gabinet\u00f3w specjalistycznych.\u00a0 Obydwa budynki\u00a0usytuowane s\u0105\u00a0w bezpiecznych miejscach\u00a0z dala od g\u0142\u00f3wnych\u00a0dr\u00f3g i ulic.\u00a0Nad uczniami\u00a0czuwa\u00a0wysoko wykwalifikowana kadra pedagogiczna.\u00a0 Proces\u00a0dydaktyczno-opieku\u0144czo-wychowawczy\u00a0wspieraj\u0105\u00a0 specjali\u015bci: pedagog, psycholog, logopeda,\u00a0surdopedagog, tyflopedagog,\u00a0 socjoterapeuta oraz nauczyciele wspomagaj\u0105cy.<\/p>\n","protected":false},"author":1,"featured_media":0,"parent":0,"menu_order":0,"comment_status":"closed","ping_status":"closed","template":"","meta":{"footnotes":""},"class_list":["post-532","page","type-page","status-publish","hentry"],"acf":[],"_links":{"self":[{"href":"https:\/\/sp5.kwidzyn.pl\/index.php?rest_route=\/wp\/v2\/pages\/532","targetHints":{"allow":["GET"]}}],"collection":[{"href":"https:\/\/sp5.kwidzyn.pl\/index.php?rest_route=\/wp\/v2\/pages"}],"about":[{"href":"https:\/\/sp5.kwidzyn.pl\/index.php?rest_route=\/wp\/v2\/types\/page"}],"author":[{"embeddable":true,"href":"https:\/\/sp5.kwidzyn.pl\/index.php?rest_route=\/wp\/v2\/users\/1"}],"replies":[{"embeddable":true,"href":"https:\/\/sp5.kwidzyn.pl\/index.php?rest_route=%2Fwp%2Fv2%2Fcomments&post=532"}],"version-history":[{"count":37,"href":"https:\/\/sp5.kwidzyn.pl\/index.php?rest_route=\/wp\/v2\/pages\/532\/revisions"}],"predecessor-version":[{"id":2458,"href":"https:\/\/sp5.kwidzyn.pl\/index.php?rest_route=\/wp\/v2\/pages\/532\/revisions\/2458"}],"wp:attachment":[{"href":"https:\/\/sp5.kwidzyn.pl\/index.php?rest_route=%2Fwp%2Fv2%2Fmedia&parent=532"}],"curies":[{"name":"wp","href":"https:\/\/api.w.org\/{rel}","templated":true}]}}