{"id":1638,"date":"2023-09-27T13:06:28","date_gmt":"2023-09-27T11:06:28","guid":{"rendered":"http:\/\/sp52.betulait.pl\/?page_id=1638"},"modified":"2024-10-18T09:57:04","modified_gmt":"2024-10-18T07:57:04","slug":"galeria","status":"publish","type":"page","link":"https:\/\/sp5.kwidzyn.pl\/?page_id=1638","title":{"rendered":"Galeria"},"content":{"rendered":"\t\t<div data-elementor-type=\"wp-page\" data-elementor-id=\"1638\" class=\"elementor elementor-1638\" data-elementor-post-type=\"page\">\n\t\t\t\t<div class=\"elementor-element elementor-element-797c450f e-con-full e-flex wpr-particle-no wpr-jarallax-no wpr-parallax-no wpr-sticky-section-no wpr-equal-height-no e-con e-parent\" data-id=\"797c450f\" data-element_type=\"container\" data-e-type=\"container\" data-settings=\"{&quot;background_background&quot;:&quot;classic&quot;}\">\n\t\t\t\t<div class=\"elementor-element elementor-element-229d41dc elementor-widget elementor-widget-html\" data-id=\"229d41dc\" data-element_type=\"widget\" data-e-type=\"widget\" data-widget_type=\"html.default\">\n\t\t\t\t<div class=\"elementor-widget-container\">\n\t\t\t\t\t<nav aria-label=\"breadcrumbs\" class=\"rank-math-breadcrumb\"><p><span class=\"last\">Strona g\u0142\u00f3wna<\/span><\/p><\/nav>\t\t\t\t<\/div>\n\t\t\t\t<\/div>\n\t\t\t\t<\/div>\n\t\t<div class=\"elementor-element elementor-element-3f5ea249 e-flex e-con-boxed wpr-particle-no wpr-jarallax-no wpr-parallax-no wpr-sticky-section-no wpr-equal-height-no e-con e-parent\" data-id=\"3f5ea249\" data-element_type=\"container\" data-e-type=\"container\">\n\t\t\t\t\t<div class=\"e-con-inner\">\n\t\t\t\t<div class=\"elementor-element elementor-element-1689ee45 elementor-widget-divider--view-line elementor-widget elementor-widget-divider\" data-id=\"1689ee45\" data-element_type=\"widget\" data-e-type=\"widget\" data-widget_type=\"divider.default\">\n\t\t\t\t<div class=\"elementor-widget-container\">\n\t\t\t\t\t\t\t<div class=\"elementor-divider\">\n\t\t\t<span class=\"elementor-divider-separator\">\n\t\t\t\t\t\t<\/span>\n\t\t<\/div>\n\t\t\t\t\t\t<\/div>\n\t\t\t\t<\/div>\n\t\t\t\t\t<\/div>\n\t\t\t\t<\/div>\n\t\t<div class=\"elementor-element elementor-element-7f88493 e-flex e-con-boxed wpr-particle-no wpr-jarallax-no wpr-parallax-no wpr-sticky-section-no wpr-equal-height-no e-con e-parent\" data-id=\"7f88493\" data-element_type=\"container\" data-e-type=\"container\">\n\t\t\t\t\t<div class=\"e-con-inner\">\n\t\t\t\t<div class=\"elementor-element elementor-element-8425690 elementor-grid-3 elementor-grid-tablet-2 elementor-grid-mobile-1 elementor-posts--thumbnail-top elementor-card-shadow-yes elementor-posts__hover-gradient elementor-widget elementor-widget-posts\" data-id=\"8425690\" data-element_type=\"widget\" data-e-type=\"widget\" data-settings=\"{&quot;pagination_type&quot;:&quot;numbers&quot;,&quot;cards_columns&quot;:&quot;3&quot;,&quot;cards_columns_tablet&quot;:&quot;2&quot;,&quot;cards_columns_mobile&quot;:&quot;1&quot;,&quot;cards_row_gap&quot;:{&quot;unit&quot;:&quot;px&quot;,&quot;size&quot;:35,&quot;sizes&quot;:[]},&quot;cards_row_gap_tablet&quot;:{&quot;unit&quot;:&quot;px&quot;,&quot;size&quot;:&quot;&quot;,&quot;sizes&quot;:[]},&quot;cards_row_gap_mobile&quot;:{&quot;unit&quot;:&quot;px&quot;,&quot;size&quot;:&quot;&quot;,&quot;sizes&quot;:[]}}\" data-widget_type=\"posts.cards\">\n\t\t\t\t<div class=\"elementor-widget-container\">\n\t\t\t\t\t\t\t<div class=\"elementor-posts-container elementor-posts elementor-posts--skin-cards elementor-grid\" role=\"list\">\n\t\t\t\t<article class=\"elementor-post elementor-grid-item post-5104 galeria-post type-galeria-post status-publish has-post-thumbnail hentry\" role=\"listitem\">\n\t\t\t<div class=\"elementor-post__card\">\n\t\t\t\t<a class=\"elementor-post__thumbnail__link\" href=\"https:\/\/sp5.kwidzyn.pl\/?galeria-post=konczymy-prace-w-roku-szkolnym-2024-2025-wakacyjne-oczekiwania\" tabindex=\"-1\" ><div class=\"elementor-post__thumbnail\"><img fetchpriority=\"high\" decoding=\"async\" width=\"768\" height=\"1154\" src=\"https:\/\/sp5.kwidzyn.pl\/wp-content\/uploads\/2025\/06\/DSC01661-768x1154.jpg\" class=\"attachment-medium_large size-medium_large wp-image-5111\" alt=\"\" srcset=\"https:\/\/sp5.kwidzyn.pl\/wp-content\/uploads\/2025\/06\/DSC01661-768x1154.jpg 768w, https:\/\/sp5.kwidzyn.pl\/wp-content\/uploads\/2025\/06\/DSC01661-200x300.jpg 200w, https:\/\/sp5.kwidzyn.pl\/wp-content\/uploads\/2025\/06\/DSC01661-682x1024.jpg 682w, https:\/\/sp5.kwidzyn.pl\/wp-content\/uploads\/2025\/06\/DSC01661-1022x1536.jpg 1022w, https:\/\/sp5.kwidzyn.pl\/wp-content\/uploads\/2025\/06\/DSC01661-1363x2048.jpg 1363w, https:\/\/sp5.kwidzyn.pl\/wp-content\/uploads\/2025\/06\/DSC01661-scaled.jpg 1704w\" sizes=\"(max-width: 768px) 100vw, 768px\" \/><\/div><\/a>\n\t\t\t\t<div class=\"elementor-post__text\">\n\t\t\t\t<h3 class=\"elementor-post__title\">\n\t\t\t<a href=\"https:\/\/sp5.kwidzyn.pl\/?galeria-post=konczymy-prace-w-roku-szkolnym-2024-2025-wakacyjne-oczekiwania\" >\n\t\t\t\tKo\u0144czymy prac\u0119 w roku szkolnym 2024\/2025 &#8211; wakacyjne oczekiwania&#8230;\t\t\t<\/a>\n\t\t<\/h3>\n\t\t\n\t\t<a class=\"elementor-post__read-more\" href=\"https:\/\/sp5.kwidzyn.pl\/?galeria-post=konczymy-prace-w-roku-szkolnym-2024-2025-wakacyjne-oczekiwania\" aria-label=\"Read more about Ko\u0144czymy prac\u0119 w roku szkolnym 2024\/2025 &#8211; wakacyjne oczekiwania&#8230;\" tabindex=\"-1\" >\n\t\t\tzobacz wi\u0119cej zdj\u0119\u0107\t\t<\/a>\n\n\t\t\t\t<\/div>\n\t\t\t\t\t<\/div>\n\t\t<\/article>\n\t\t\t\t<article class=\"elementor-post elementor-grid-item post-5226 galeria-post type-galeria-post status-publish has-post-thumbnail hentry\" role=\"listitem\">\n\t\t\t<div class=\"elementor-post__card\">\n\t\t\t\t<a class=\"elementor-post__thumbnail__link\" href=\"https:\/\/sp5.kwidzyn.pl\/?galeria-post=tak-niedawno-zesmy-sie-poznali-pozegnanie-klas-osmych\" tabindex=\"-1\" ><div class=\"elementor-post__thumbnail\"><img decoding=\"async\" width=\"768\" height=\"511\" src=\"https:\/\/sp5.kwidzyn.pl\/wp-content\/uploads\/2025\/06\/DSC01614-768x511.jpg\" class=\"attachment-medium_large size-medium_large wp-image-5366\" alt=\"\" srcset=\"https:\/\/sp5.kwidzyn.pl\/wp-content\/uploads\/2025\/06\/DSC01614-768x511.jpg 768w, https:\/\/sp5.kwidzyn.pl\/wp-content\/uploads\/2025\/06\/DSC01614-300x200.jpg 300w, https:\/\/sp5.kwidzyn.pl\/wp-content\/uploads\/2025\/06\/DSC01614-1024x682.jpg 1024w, https:\/\/sp5.kwidzyn.pl\/wp-content\/uploads\/2025\/06\/DSC01614-1536x1022.jpg 1536w, https:\/\/sp5.kwidzyn.pl\/wp-content\/uploads\/2025\/06\/DSC01614-2048x1363.jpg 2048w\" sizes=\"(max-width: 768px) 100vw, 768px\" \/><\/div><\/a>\n\t\t\t\t<div class=\"elementor-post__text\">\n\t\t\t\t<h3 class=\"elementor-post__title\">\n\t\t\t<a href=\"https:\/\/sp5.kwidzyn.pl\/?galeria-post=tak-niedawno-zesmy-sie-poznali-pozegnanie-klas-osmych\" >\n\t\t\t\t&#8222;Tak niedawno \u017ce\u015bmy si\u0119 poznali&#8230;&#8221; &#8211; po\u017cegnanie klas \u00f3smych\t\t\t<\/a>\n\t\t<\/h3>\n\t\t\n\t\t<a class=\"elementor-post__read-more\" href=\"https:\/\/sp5.kwidzyn.pl\/?galeria-post=tak-niedawno-zesmy-sie-poznali-pozegnanie-klas-osmych\" aria-label=\"Read more about &#8222;Tak niedawno \u017ce\u015bmy si\u0119 poznali&#8230;&#8221; &#8211; po\u017cegnanie klas \u00f3smych\" tabindex=\"-1\" >\n\t\t\tzobacz wi\u0119cej zdj\u0119\u0107\t\t<\/a>\n\n\t\t\t\t<\/div>\n\t\t\t\t\t<\/div>\n\t\t<\/article>\n\t\t\t\t<article class=\"elementor-post elementor-grid-item post-5071 galeria-post type-galeria-post status-publish has-post-thumbnail hentry\" role=\"listitem\">\n\t\t\t<div class=\"elementor-post__card\">\n\t\t\t\t<a class=\"elementor-post__thumbnail__link\" href=\"https:\/\/sp5.kwidzyn.pl\/?galeria-post=szkola-bliska-pracy\" tabindex=\"-1\" ><div class=\"elementor-post__thumbnail\"><img decoding=\"async\" width=\"768\" height=\"512\" src=\"https:\/\/sp5.kwidzyn.pl\/wp-content\/uploads\/2025\/06\/IMG-20250618-WA0014-768x512.jpg\" class=\"attachment-medium_large size-medium_large wp-image-5066\" alt=\"\" srcset=\"https:\/\/sp5.kwidzyn.pl\/wp-content\/uploads\/2025\/06\/IMG-20250618-WA0014-768x512.jpg 768w, https:\/\/sp5.kwidzyn.pl\/wp-content\/uploads\/2025\/06\/IMG-20250618-WA0014-300x200.jpg 300w, https:\/\/sp5.kwidzyn.pl\/wp-content\/uploads\/2025\/06\/IMG-20250618-WA0014-1024x682.jpg 1024w, https:\/\/sp5.kwidzyn.pl\/wp-content\/uploads\/2025\/06\/IMG-20250618-WA0014-1536x1023.jpg 1536w, https:\/\/sp5.kwidzyn.pl\/wp-content\/uploads\/2025\/06\/IMG-20250618-WA0014.jpg 1600w\" sizes=\"(max-width: 768px) 100vw, 768px\" \/><\/div><\/a>\n\t\t\t\t<div class=\"elementor-post__text\">\n\t\t\t\t<h3 class=\"elementor-post__title\">\n\t\t\t<a href=\"https:\/\/sp5.kwidzyn.pl\/?galeria-post=szkola-bliska-pracy\" >\n\t\t\t\tSzko\u0142a Bliska Pracy\t\t\t<\/a>\n\t\t<\/h3>\n\t\t\n\t\t<a class=\"elementor-post__read-more\" href=\"https:\/\/sp5.kwidzyn.pl\/?galeria-post=szkola-bliska-pracy\" aria-label=\"Read more about Szko\u0142a Bliska Pracy\" tabindex=\"-1\" >\n\t\t\tzobacz wi\u0119cej zdj\u0119\u0107\t\t<\/a>\n\n\t\t\t\t<\/div>\n\t\t\t\t\t<\/div>\n\t\t<\/article>\n\t\t\t\t<article class=\"elementor-post elementor-grid-item post-4873 galeria-post type-galeria-post status-publish has-post-thumbnail hentry\" role=\"listitem\">\n\t\t\t<div class=\"elementor-post__card\">\n\t\t\t\t<a class=\"elementor-post__thumbnail__link\" href=\"https:\/\/sp5.kwidzyn.pl\/?galeria-post=zywa-lekcja-historii\" tabindex=\"-1\" ><div class=\"elementor-post__thumbnail\"><img loading=\"lazy\" decoding=\"async\" width=\"768\" height=\"576\" src=\"https:\/\/sp5.kwidzyn.pl\/wp-content\/uploads\/2025\/01\/IMG-20250119-WA0055-768x576.jpg\" class=\"attachment-medium_large size-medium_large wp-image-4871\" alt=\"\" srcset=\"https:\/\/sp5.kwidzyn.pl\/wp-content\/uploads\/2025\/01\/IMG-20250119-WA0055-768x576.jpg 768w, https:\/\/sp5.kwidzyn.pl\/wp-content\/uploads\/2025\/01\/IMG-20250119-WA0055-300x225.jpg 300w, https:\/\/sp5.kwidzyn.pl\/wp-content\/uploads\/2025\/01\/IMG-20250119-WA0055-1024x768.jpg 1024w, https:\/\/sp5.kwidzyn.pl\/wp-content\/uploads\/2025\/01\/IMG-20250119-WA0055-1536x1152.jpg 1536w, https:\/\/sp5.kwidzyn.pl\/wp-content\/uploads\/2025\/01\/IMG-20250119-WA0055.jpg 1600w\" sizes=\"(max-width: 768px) 100vw, 768px\" \/><\/div><\/a>\n\t\t\t\t<div class=\"elementor-post__text\">\n\t\t\t\t<h3 class=\"elementor-post__title\">\n\t\t\t<a href=\"https:\/\/sp5.kwidzyn.pl\/?galeria-post=zywa-lekcja-historii\" >\n\t\t\t\t\u017bywa lekcja historii\t\t\t<\/a>\n\t\t<\/h3>\n\t\t\n\t\t<a class=\"elementor-post__read-more\" href=\"https:\/\/sp5.kwidzyn.pl\/?galeria-post=zywa-lekcja-historii\" aria-label=\"Read more about \u017bywa lekcja historii\" tabindex=\"-1\" >\n\t\t\tzobacz wi\u0119cej zdj\u0119\u0107\t\t<\/a>\n\n\t\t\t\t<\/div>\n\t\t\t\t\t<\/div>\n\t\t<\/article>\n\t\t\t\t<article class=\"elementor-post elementor-grid-item post-4803 galeria-post type-galeria-post status-publish has-post-thumbnail hentry\" role=\"listitem\">\n\t\t\t<div class=\"elementor-post__card\">\n\t\t\t\t<a class=\"elementor-post__thumbnail__link\" href=\"https:\/\/sp5.kwidzyn.pl\/?galeria-post=hej-koleda-koleda\" tabindex=\"-1\" ><div class=\"elementor-post__thumbnail\"><img loading=\"lazy\" decoding=\"async\" width=\"768\" height=\"473\" src=\"https:\/\/sp5.kwidzyn.pl\/wp-content\/uploads\/2025\/01\/Schowek_01-02-2025_01-1-768x473.jpg\" class=\"attachment-medium_large size-medium_large wp-image-4800\" alt=\"\" srcset=\"https:\/\/sp5.kwidzyn.pl\/wp-content\/uploads\/2025\/01\/Schowek_01-02-2025_01-1-768x473.jpg 768w, https:\/\/sp5.kwidzyn.pl\/wp-content\/uploads\/2025\/01\/Schowek_01-02-2025_01-1-300x185.jpg 300w, https:\/\/sp5.kwidzyn.pl\/wp-content\/uploads\/2025\/01\/Schowek_01-02-2025_01-1-1024x631.jpg 1024w, https:\/\/sp5.kwidzyn.pl\/wp-content\/uploads\/2025\/01\/Schowek_01-02-2025_01-1-1536x946.jpg 1536w, https:\/\/sp5.kwidzyn.pl\/wp-content\/uploads\/2025\/01\/Schowek_01-02-2025_01-1-2048x1262.jpg 2048w\" sizes=\"(max-width: 768px) 100vw, 768px\" \/><\/div><\/a>\n\t\t\t\t<div class=\"elementor-post__text\">\n\t\t\t\t<h3 class=\"elementor-post__title\">\n\t\t\t<a href=\"https:\/\/sp5.kwidzyn.pl\/?galeria-post=hej-koleda-koleda\" >\n\t\t\t\t&#8222;Hej Kol\u0119da, kol\u0119da&#8230;&#8221;\t\t\t<\/a>\n\t\t<\/h3>\n\t\t\n\t\t<a class=\"elementor-post__read-more\" href=\"https:\/\/sp5.kwidzyn.pl\/?galeria-post=hej-koleda-koleda\" aria-label=\"Read more about &#8222;Hej Kol\u0119da, kol\u0119da&#8230;&#8221;\" tabindex=\"-1\" >\n\t\t\tzobacz wi\u0119cej zdj\u0119\u0107\t\t<\/a>\n\n\t\t\t\t<\/div>\n\t\t\t\t\t<\/div>\n\t\t<\/article>\n\t\t\t\t<article class=\"elementor-post elementor-grid-item post-4507 galeria-post type-galeria-post status-publish has-post-thumbnail hentry\" role=\"listitem\">\n\t\t\t<div class=\"elementor-post__card\">\n\t\t\t\t<a class=\"elementor-post__thumbnail__link\" href=\"https:\/\/sp5.kwidzyn.pl\/?galeria-post=swieto-dyni-na-kamiennej\" tabindex=\"-1\" ><div class=\"elementor-post__thumbnail\"><img loading=\"lazy\" decoding=\"async\" width=\"768\" height=\"1024\" src=\"https:\/\/sp5.kwidzyn.pl\/wp-content\/uploads\/2024\/11\/Zdjecie-WhatsApp-2024-11-05-o-09.17.14_4f1ed004-768x1024.jpg\" class=\"attachment-medium_large size-medium_large wp-image-4502\" alt=\"\" srcset=\"https:\/\/sp5.kwidzyn.pl\/wp-content\/uploads\/2024\/11\/Zdjecie-WhatsApp-2024-11-05-o-09.17.14_4f1ed004-768x1024.jpg 768w, https:\/\/sp5.kwidzyn.pl\/wp-content\/uploads\/2024\/11\/Zdjecie-WhatsApp-2024-11-05-o-09.17.14_4f1ed004-225x300.jpg 225w, https:\/\/sp5.kwidzyn.pl\/wp-content\/uploads\/2024\/11\/Zdjecie-WhatsApp-2024-11-05-o-09.17.14_4f1ed004-1152x1536.jpg 1152w, https:\/\/sp5.kwidzyn.pl\/wp-content\/uploads\/2024\/11\/Zdjecie-WhatsApp-2024-11-05-o-09.17.14_4f1ed004.jpg 1200w\" sizes=\"(max-width: 768px) 100vw, 768px\" \/><\/div><\/a>\n\t\t\t\t<div class=\"elementor-post__text\">\n\t\t\t\t<h3 class=\"elementor-post__title\">\n\t\t\t<a href=\"https:\/\/sp5.kwidzyn.pl\/?galeria-post=swieto-dyni-na-kamiennej\" >\n\t\t\t\t\u015aWI\u0118TO DYNI NA KAMIENNEJ.\t\t\t<\/a>\n\t\t<\/h3>\n\t\t\n\t\t<a class=\"elementor-post__read-more\" href=\"https:\/\/sp5.kwidzyn.pl\/?galeria-post=swieto-dyni-na-kamiennej\" aria-label=\"Read more about \u015aWI\u0118TO DYNI NA KAMIENNEJ.\" tabindex=\"-1\" >\n\t\t\tzobacz wi\u0119cej zdj\u0119\u0107\t\t<\/a>\n\n\t\t\t\t<\/div>\n\t\t\t\t\t<\/div>\n\t\t<\/article>\n\t\t\t\t<\/div>\n\t\t\n\t\t\t\t<div class=\"e-load-more-anchor\" data-page=\"1\" data-max-page=\"5\" data-next-page=\"https:\/\/sp5.kwidzyn.pl\/index.php?rest_route=%2Fwp%2Fv2%2Fpages%2F1638&#038;paged=2\"><\/div>\n\t\t\t\t<nav class=\"elementor-pagination\" aria-label=\"Pagination\">\n\t\t\t<span aria-current=\"page\" class=\"page-numbers current\"><span class=\"elementor-screen-only\">Page<\/span>1<\/span>\n<a class=\"page-numbers\" href=\"https:\/\/sp5.kwidzyn.pl\/index.php\/?paged=2\"><span class=\"elementor-screen-only\">Page<\/span>2<\/a>\n<a class=\"page-numbers\" href=\"https:\/\/sp5.kwidzyn.pl\/index.php\/?paged=3\"><span class=\"elementor-screen-only\">Page<\/span>3<\/a>\n<a class=\"page-numbers\" href=\"https:\/\/sp5.kwidzyn.pl\/index.php\/?paged=4\"><span class=\"elementor-screen-only\">Page<\/span>4<\/a>\n<a class=\"page-numbers\" href=\"https:\/\/sp5.kwidzyn.pl\/index.php\/?paged=5\"><span class=\"elementor-screen-only\">Page<\/span>5<\/a>\t\t<\/nav>\n\t\t\t\t\t\t<\/div>\n\t\t\t\t<\/div>\n\t\t\t\t\t<\/div>\n\t\t\t\t<\/div>\n\t\t\t\t<\/div>\n\t\t","protected":false},"excerpt":{"rendered":"","protected":false},"author":1,"featured_media":3293,"parent":0,"menu_order":0,"comment_status":"closed","ping_status":"closed","template":"","meta":{"footnotes":""},"class_list":["post-1638","page","type-page","status-publish","has-post-thumbnail","hentry"],"acf":[],"_links":{"self":[{"href":"https:\/\/sp5.kwidzyn.pl\/index.php?rest_route=\/wp\/v2\/pages\/1638","targetHints":{"allow":["GET"]}}],"collection":[{"href":"https:\/\/sp5.kwidzyn.pl\/index.php?rest_route=\/wp\/v2\/pages"}],"about":[{"href":"https:\/\/sp5.kwidzyn.pl\/index.php?rest_route=\/wp\/v2\/types\/page"}],"author":[{"embeddable":true,"href":"https:\/\/sp5.kwidzyn.pl\/index.php?rest_route=\/wp\/v2\/users\/1"}],"replies":[{"embeddable":true,"href":"https:\/\/sp5.kwidzyn.pl\/index.php?rest_route=%2Fwp%2Fv2%2Fcomments&post=1638"}],"version-history":[{"count":28,"href":"https:\/\/sp5.kwidzyn.pl\/index.php?rest_route=\/wp\/v2\/pages\/1638\/revisions"}],"predecessor-version":[{"id":4168,"href":"https:\/\/sp5.kwidzyn.pl\/index.php?rest_route=\/wp\/v2\/pages\/1638\/revisions\/4168"}],"wp:featuredmedia":[{"embeddable":true,"href":"https:\/\/sp5.kwidzyn.pl\/index.php?rest_route=\/wp\/v2\/media\/3293"}],"wp:attachment":[{"href":"https:\/\/sp5.kwidzyn.pl\/index.php?rest_route=%2Fwp%2Fv2%2Fmedia&parent=1638"}],"curies":[{"name":"wp","href":"https:\/\/api.w.org\/{rel}","templated":true}]}}