{"id":1300,"date":"2023-09-25T10:48:12","date_gmt":"2023-09-25T08:48:12","guid":{"rendered":"http:\/\/sp52.betulait.pl\/?page_id=1300"},"modified":"2023-11-29T13:24:44","modified_gmt":"2023-11-29T12:24:44","slug":"20-lecie-szkoly","status":"publish","type":"page","link":"https:\/\/sp5.kwidzyn.pl\/?page_id=1300","title":{"rendered":"20-lecie szko\u0142y"},"content":{"rendered":"\t\t<div data-elementor-type=\"wp-page\" data-elementor-id=\"1300\" class=\"elementor elementor-1300\" data-elementor-post-type=\"page\">\n\t\t\t\t<div class=\"elementor-element elementor-element-52ff6b23 e-con-full e-flex wpr-particle-no wpr-jarallax-no wpr-parallax-no wpr-sticky-section-no e-con e-parent\" data-id=\"52ff6b23\" data-element_type=\"container\" data-e-type=\"container\" data-settings=\"{&quot;background_background&quot;:&quot;classic&quot;}\">\n\t\t\t\t<div class=\"elementor-element elementor-element-160a8107 elementor-widget elementor-widget-html\" data-id=\"160a8107\" data-element_type=\"widget\" data-e-type=\"widget\" data-widget_type=\"html.default\">\n\t\t\t\t<div class=\"elementor-widget-container\">\n\t\t\t\t\t<nav aria-label=\"breadcrumbs\" class=\"rank-math-breadcrumb\"><p><span class=\"last\">Strona g\u0142\u00f3wna<\/span><\/p><\/nav>\t\t\t\t<\/div>\n\t\t\t\t<\/div>\n\t\t\t\t<\/div>\n\t\t<div class=\"elementor-element elementor-element-327c2bbd e-flex e-con-boxed wpr-particle-no wpr-jarallax-no wpr-parallax-no wpr-sticky-section-no e-con e-parent\" data-id=\"327c2bbd\" data-element_type=\"container\" data-e-type=\"container\">\n\t\t\t\t\t<div class=\"e-con-inner\">\n\t\t\t\t<div class=\"elementor-element elementor-element-15c2da1b elementor-widget-divider--view-line elementor-widget elementor-widget-divider\" data-id=\"15c2da1b\" data-element_type=\"widget\" data-e-type=\"widget\" data-widget_type=\"divider.default\">\n\t\t\t\t<div class=\"elementor-widget-container\">\n\t\t\t\t\t\t\t<div class=\"elementor-divider\">\n\t\t\t<span class=\"elementor-divider-separator\">\n\t\t\t\t\t\t<\/span>\n\t\t<\/div>\n\t\t\t\t\t\t<\/div>\n\t\t\t\t<\/div>\n\t\t\t\t\t<\/div>\n\t\t\t\t<\/div>\n\t\t<div class=\"elementor-element elementor-element-1533f3d e-flex e-con-boxed wpr-particle-no wpr-jarallax-no wpr-parallax-no wpr-sticky-section-no e-con e-parent\" data-id=\"1533f3d\" data-element_type=\"container\" data-e-type=\"container\">\n\t\t\t\t\t<div class=\"e-con-inner\">\n\t\t\t\t<div class=\"elementor-element elementor-element-44cc36b elementor-widget elementor-widget-text-editor\" data-id=\"44cc36b\" data-element_type=\"widget\" data-e-type=\"widget\" data-widget_type=\"text-editor.default\">\n\t\t\t\t<div class=\"elementor-widget-container\">\n\t\t\t\t\t\t\t\t\t<p><strong>21 maja 2004<\/strong>\u00a0obchodzili\u015bmy w naszej szkole \u015bwi\u0119to 20-lecia jej istnienia.<br \/>By\u0142a to \u015bwietna okazja do poznania historii swojej szko\u0142y przez uczni\u00f3w oraz do wzrusze\u0144 i wspomnie\u0144 dla nauczycieli i absolwent\u00f3w. Uroczysto\u015bci 20-lecia by\u0142y podzielone na dwie cz\u0119\u015bci:<\/p><p>1. Na cz\u0119\u015b\u0107 pierwsz\u0105 sk\u0142ada\u0142o si\u0119 uroczyste otwarcie k\u0105cika historii szko\u0142y, kt\u00f3ry przygotowali uczniowie z ko\u0142a historycznego pod opiek\u0105 pani Ewy Felczak przy wsp\u00f3\u0142pracy pani Bogdany Cyborowskiej-Moch oraz pokazu filmu o historii szko\u0142y i bie\u017c\u0105cej dzia\u0142alno\u015bci.<\/p><p>W tej cz\u0119\u015bci obchod\u00f3w bra\u0142a udzia\u0142 dyrekcja szko\u0142y, zaproszeni go\u015bcie, przyjaciele i nauczyciele kt\u00f3rzy kiedy\u015b pracowali. Zaszczyci\u0142 nas swoj\u0105 obecno\u015bci\u0105 pierwszy dyrektor szko\u0142y \u2013 pan Janusz Walor, kt\u00f3ry dokona\u0142 uroczystego otwarcia sali pami\u0119ci. Zebrani go\u015bcie obejrzeli w k\u0105ciku historii szko\u0142y udokumentowane \u201cwycinki\u201d z 20-letniego \u201c\u017cycia\u201d naszej szko\u0142y. Znajduje si\u0119 tam wiele fotografii, dyplom\u00f3w, medali zdobytych przez uczni\u00f3w oraz nagr\u00f3d, certyfikat\u00f3w, jakie zdoby\u0142a nasza szko\u0142a. Udokumentowane zosta\u0142y sukcesy szko\u0142y, dzia\u0142alno\u015b\u0107 organizacji, jakie istnia\u0142y na prze\u0142omie 20 lat, np. szczepu harcerskiego czy k\u00f3\u0142 zainteresowa\u0144 oraz losy niekt\u00f3rych absolwent\u00f3w. Ogl\u0105dany film dostarcza\u0142 wielu powod\u00f3w do u\u015bmiechu i wspomnie\u0144 zebranym go\u015bciom, ale nie obesz\u0142o si\u0119 bez chwili wzrusze\u0144.<\/p><p>Zobacz zdj\u0119cia [slideshow id=10]<\/p><p>2. Nast\u0119pnie zebrani go\u015bcie przeszli do sali gimnastycznej, gdzie wraz z ca\u0142\u0105 spo\u0142eczno\u015bci\u0105 szko\u0142y obejrzeli przygotowany przez uczni\u00f3w pod kierunkiem pani Doroty Duli\u0144skiej, program artystyczny.<\/p><p>By\u0142 to niezwykle zr\u00f3\u017cnicowany program, kt\u00f3ry mia\u0142 przedstawi\u0107 widzom bogat\u0105 tradycj\u0119 naszej szko\u0142y. Konfrontowa\u0142 on to co dzia\u0142o si\u0119 w naszej szkole dawniej, z jej wsp\u00f3\u0142czesnym obrazem, by u\u015bwiadomi\u0107 jak zmieni\u0142a si\u0119 szko\u0142a przez te 20 lat. Uroczysto\u015b\u0107 zosta\u0142a niezwykle entuzjastycznie przyj\u0119ta przez widz\u00f3w, a w jej trakcie mogli\u015bmy zobaczy\u0107 i wys\u0142ucha\u0107 mi\u0119dzy innymi:<\/p><p>Piosenk\u0119 \u201cDwudziestolatka\u201d, kt\u00f3ra rozpocz\u0119\u0142a apel i inne piosenki w trakcie jego trwania.<\/p><p>Obejrzeli\u015bmy kilka scenek i prezentacji: \u201cAsolwenci\u201d, \u201cM\u00f3zgowcy, sportowcy\u201d, \u201cStr\u00f3j uczniowski\u201d.<\/p><p>\u201cPlay bace show\u201d (kt\u00f3ry wsp\u00f3\u0142cze\u015bnie zast\u0119puje dawny festiwal piosenki).<\/p><p>Na koniec kabaretu, kt\u00f3ry rozbawi\u0142 widowni\u0119 do \u0142ez, wys\u0142uchali\u015bmy przem\u00f3wienia pani dyrektor oraz zosta\u0142y wr\u0119czone odznaczenia <strong>\u201cPrzyjaciel szko\u0142y\u201d<\/strong>.<\/p><p>Za cz\u0119\u015b\u0107 muzyczno-wokaln\u0105 odpowiedzialny by\u0142 zesp\u00f3\u0142 ARYA pod opiek\u0105 pana Jacka Strociaka.<\/p>\t\t\t\t\t\t\t\t<\/div>\n\t\t\t\t<\/div>\n\t\t\t\t\t<\/div>\n\t\t\t\t<\/div>\n\t\t\t\t<\/div>\n\t\t","protected":false},"excerpt":{"rendered":"<p>21 maja 2004\u00a0obchodzili\u015bmy w naszej szkole \u015bwi\u0119to 20-lecia jej istnienia.By\u0142a to \u015bwietna okazja do poznania historii swojej szko\u0142y przez uczni\u00f3w oraz do wzrusze\u0144 i wspomnie\u0144 dla nauczycieli i absolwent\u00f3w. Uroczysto\u015bci 20-lecia by\u0142y podzielone na dwie cz\u0119\u015bci: 1. Na cz\u0119\u015b\u0107 pierwsz\u0105 sk\u0142ada\u0142o si\u0119 uroczyste otwarcie k\u0105cika historii szko\u0142y, kt\u00f3ry przygotowali uczniowie z ko\u0142a historycznego pod opiek\u0105 pani Ewy Felczak przy wsp\u00f3\u0142pracy pani Bogdany Cyborowskiej-Moch oraz pokazu filmu o historii szko\u0142y i bie\u017c\u0105cej dzia\u0142alno\u015bci. W tej cz\u0119\u015bci obchod\u00f3w bra\u0142a udzia\u0142 dyrekcja szko\u0142y, zaproszeni go\u015bcie, przyjaciele i nauczyciele kt\u00f3rzy kiedy\u015b pracowali. Zaszczyci\u0142 nas swoj\u0105 obecno\u015bci\u0105 pierwszy dyrektor szko\u0142y \u2013 pan Janusz Walor, kt\u00f3ry dokona\u0142 uroczystego otwarcia sali pami\u0119ci. Zebrani go\u015bcie obejrzeli w k\u0105ciku historii szko\u0142y udokumentowane \u201cwycinki\u201d z 20-letniego \u201c\u017cycia\u201d naszej szko\u0142y. Znajduje si\u0119 tam wiele fotografii, dyplom\u00f3w, medali zdobytych przez uczni\u00f3w oraz nagr\u00f3d, certyfikat\u00f3w, jakie zdoby\u0142a nasza szko\u0142a. Udokumentowane zosta\u0142y sukcesy szko\u0142y, dzia\u0142alno\u015b\u0107 organizacji, jakie istnia\u0142y na prze\u0142omie 20 lat, np. szczepu harcerskiego czy k\u00f3\u0142 zainteresowa\u0144 oraz losy niekt\u00f3rych absolwent\u00f3w. Ogl\u0105dany film dostarcza\u0142 wielu powod\u00f3w do u\u015bmiechu i wspomnie\u0144 zebranym go\u015bciom, ale nie obesz\u0142o si\u0119 bez chwili wzrusze\u0144. Zobacz zdj\u0119cia [slideshow id=10] 2. Nast\u0119pnie zebrani go\u015bcie przeszli do sali gimnastycznej, gdzie wraz z ca\u0142\u0105 spo\u0142eczno\u015bci\u0105 szko\u0142y obejrzeli przygotowany przez uczni\u00f3w pod kierunkiem pani Doroty Duli\u0144skiej, program artystyczny. By\u0142 to niezwykle zr\u00f3\u017cnicowany program, kt\u00f3ry mia\u0142 przedstawi\u0107 widzom bogat\u0105 tradycj\u0119 naszej szko\u0142y. Konfrontowa\u0142 on to co dzia\u0142o si\u0119 w naszej szkole dawniej, z jej wsp\u00f3\u0142czesnym obrazem, by u\u015bwiadomi\u0107 jak zmieni\u0142a si\u0119 szko\u0142a przez te 20 lat. Uroczysto\u015b\u0107 zosta\u0142a niezwykle entuzjastycznie przyj\u0119ta przez widz\u00f3w, a w jej trakcie mogli\u015bmy zobaczy\u0107 i wys\u0142ucha\u0107 mi\u0119dzy innymi: Piosenk\u0119 \u201cDwudziestolatka\u201d, kt\u00f3ra rozpocz\u0119\u0142a apel i inne piosenki w trakcie jego trwania. Obejrzeli\u015bmy kilka scenek i prezentacji: \u201cAsolwenci\u201d, \u201cM\u00f3zgowcy, sportowcy\u201d, \u201cStr\u00f3j uczniowski\u201d. \u201cPlay bace show\u201d (kt\u00f3ry wsp\u00f3\u0142cze\u015bnie zast\u0119puje dawny festiwal piosenki). Na koniec kabaretu, kt\u00f3ry rozbawi\u0142 widowni\u0119 do \u0142ez, wys\u0142uchali\u015bmy przem\u00f3wienia pani dyrektor oraz zosta\u0142y wr\u0119czone odznaczenia \u201cPrzyjaciel szko\u0142y\u201d. Za cz\u0119\u015b\u0107 muzyczno-wokaln\u0105 odpowiedzialny by\u0142 zesp\u00f3\u0142 ARYA pod opiek\u0105 pana Jacka Strociaka.<\/p>\n","protected":false},"author":1,"featured_media":0,"parent":0,"menu_order":0,"comment_status":"closed","ping_status":"closed","template":"","meta":{"footnotes":""},"class_list":["post-1300","page","type-page","status-publish","hentry"],"acf":[],"_links":{"self":[{"href":"https:\/\/sp5.kwidzyn.pl\/index.php?rest_route=\/wp\/v2\/pages\/1300","targetHints":{"allow":["GET"]}}],"collection":[{"href":"https:\/\/sp5.kwidzyn.pl\/index.php?rest_route=\/wp\/v2\/pages"}],"about":[{"href":"https:\/\/sp5.kwidzyn.pl\/index.php?rest_route=\/wp\/v2\/types\/page"}],"author":[{"embeddable":true,"href":"https:\/\/sp5.kwidzyn.pl\/index.php?rest_route=\/wp\/v2\/users\/1"}],"replies":[{"embeddable":true,"href":"https:\/\/sp5.kwidzyn.pl\/index.php?rest_route=%2Fwp%2Fv2%2Fcomments&post=1300"}],"version-history":[{"count":16,"href":"https:\/\/sp5.kwidzyn.pl\/index.php?rest_route=\/wp\/v2\/pages\/1300\/revisions"}],"predecessor-version":[{"id":2558,"href":"https:\/\/sp5.kwidzyn.pl\/index.php?rest_route=\/wp\/v2\/pages\/1300\/revisions\/2558"}],"wp:attachment":[{"href":"https:\/\/sp5.kwidzyn.pl\/index.php?rest_route=%2Fwp%2Fv2%2Fmedia&parent=1300"}],"curies":[{"name":"wp","href":"https:\/\/api.w.org\/{rel}","templated":true}]}}