{"id":1298,"date":"2023-09-25T10:47:52","date_gmt":"2023-09-25T08:47:52","guid":{"rendered":"http:\/\/sp52.betulait.pl\/?page_id=1298"},"modified":"2023-11-29T13:24:34","modified_gmt":"2023-11-29T12:24:34","slug":"hymn-szkoly","status":"publish","type":"page","link":"https:\/\/sp5.kwidzyn.pl\/?page_id=1298","title":{"rendered":"Hymn szko\u0142y"},"content":{"rendered":"\t\t<div data-elementor-type=\"wp-page\" data-elementor-id=\"1298\" class=\"elementor elementor-1298\" data-elementor-post-type=\"page\">\n\t\t\t\t<div class=\"elementor-element elementor-element-51d5e9eb e-con-full e-flex wpr-particle-no wpr-jarallax-no wpr-parallax-no wpr-sticky-section-no e-con e-parent\" data-id=\"51d5e9eb\" data-element_type=\"container\" data-e-type=\"container\" data-settings=\"{&quot;background_background&quot;:&quot;classic&quot;}\">\n\t\t\t\t<div class=\"elementor-element elementor-element-2c7179f5 elementor-widget elementor-widget-html\" data-id=\"2c7179f5\" data-element_type=\"widget\" data-e-type=\"widget\" data-widget_type=\"html.default\">\n\t\t\t\t<div class=\"elementor-widget-container\">\n\t\t\t\t\t<nav aria-label=\"breadcrumbs\" class=\"rank-math-breadcrumb\"><p><span class=\"last\">Strona g\u0142\u00f3wna<\/span><\/p><\/nav>\t\t\t\t<\/div>\n\t\t\t\t<\/div>\n\t\t\t\t<\/div>\n\t\t<div class=\"elementor-element elementor-element-3cd9632a e-flex e-con-boxed wpr-particle-no wpr-jarallax-no wpr-parallax-no wpr-sticky-section-no e-con e-parent\" data-id=\"3cd9632a\" data-element_type=\"container\" data-e-type=\"container\">\n\t\t\t\t\t<div class=\"e-con-inner\">\n\t\t\t\t<div class=\"elementor-element elementor-element-2f196f94 elementor-widget-divider--view-line elementor-widget elementor-widget-divider\" data-id=\"2f196f94\" data-element_type=\"widget\" data-e-type=\"widget\" data-widget_type=\"divider.default\">\n\t\t\t\t<div class=\"elementor-widget-container\">\n\t\t\t\t\t\t\t<div class=\"elementor-divider\">\n\t\t\t<span class=\"elementor-divider-separator\">\n\t\t\t\t\t\t<\/span>\n\t\t<\/div>\n\t\t\t\t\t\t<\/div>\n\t\t\t\t<\/div>\n\t\t\t\t\t<\/div>\n\t\t\t\t<\/div>\n\t\t<div class=\"elementor-element elementor-element-ac0a963 e-flex e-con-boxed wpr-particle-no wpr-jarallax-no wpr-parallax-no wpr-sticky-section-no e-con e-parent\" data-id=\"ac0a963\" data-element_type=\"container\" data-e-type=\"container\">\n\t\t\t\t\t<div class=\"e-con-inner\">\n\t\t<div class=\"elementor-element elementor-element-2f24278 e-con-full e-flex wpr-particle-no wpr-jarallax-no wpr-parallax-no wpr-sticky-section-no e-con e-child\" data-id=\"2f24278\" data-element_type=\"container\" data-e-type=\"container\">\n\t\t\t\t<div class=\"elementor-element elementor-element-c7b9bb4 elementor-widget elementor-widget-text-editor\" data-id=\"c7b9bb4\" data-element_type=\"widget\" data-e-type=\"widget\" data-widget_type=\"text-editor.default\">\n\t\t\t\t<div class=\"elementor-widget-container\">\n\t\t\t\t\t\t\t\t\t<p>Melodia i opracowanie muzyczne hymnu szko\u0142y \u2013 Pani<strong>\u00a0Gabriela Skoczylas<\/strong>.<\/p><p>S\u0142owa do hymnu napisa\u0142a pani<strong>\u00a0El\u017cbieta Margulewicz<\/strong>.<\/p>\t\t\t\t\t\t\t\t<\/div>\n\t\t\t\t<\/div>\n\t\t\t\t<div class=\"elementor-element elementor-element-e022e0b elementor-widget elementor-widget-button\" data-id=\"e022e0b\" data-element_type=\"widget\" data-e-type=\"widget\" data-widget_type=\"button.default\">\n\t\t\t\t<div class=\"elementor-widget-container\">\n\t\t\t\t\t\t\t\t\t<div class=\"elementor-button-wrapper\">\n\t\t\t\t\t<a class=\"elementor-button elementor-button-link elementor-size-sm elementor-animation-grow\" href=\"http:\/\/sp52.betulait.pl\/wp-content\/uploads\/2023\/09\/Hymn-z-wokalem-d-m.mp3\" target=\"_blank\" rel=\"noopener\">\n\t\t\t\t\t\t<span class=\"elementor-button-content-wrapper\">\n\t\t\t\t\t\t<span class=\"elementor-button-icon\">\n\t\t\t\t<i aria-hidden=\"true\" class=\"fas fa-arrow-right\"><\/i>\t\t\t<\/span>\n\t\t\t\t\t\t\t\t\t<span class=\"elementor-button-text\">Kliknij, aby us\u0142ysze\u0107 hymn z wokalem <\/span>\n\t\t\t\t\t<\/span>\n\t\t\t\t\t<\/a>\n\t\t\t\t<\/div>\n\t\t\t\t\t\t\t\t<\/div>\n\t\t\t\t<\/div>\n\t\t\t\t<\/div>\n\t\t<div class=\"elementor-element elementor-element-99af46a e-con-full e-flex wpr-particle-no wpr-jarallax-no wpr-parallax-no wpr-sticky-section-no e-con e-child\" data-id=\"99af46a\" data-element_type=\"container\" data-e-type=\"container\">\n\t\t\t\t<div class=\"elementor-element elementor-element-c0c74b2 elementor-widget elementor-widget-image\" data-id=\"c0c74b2\" data-element_type=\"widget\" data-e-type=\"widget\" data-widget_type=\"image.default\">\n\t\t\t\t<div class=\"elementor-widget-container\">\n\t\t\t\t\t\t\t\t\t\t\t\t\t\t\t<img fetchpriority=\"high\" decoding=\"async\" width=\"300\" height=\"214\" src=\"https:\/\/sp5.kwidzyn.pl\/wp-content\/uploads\/2023\/09\/plakat-hymn1-300x214-1.jpg\" class=\"attachment-large size-large wp-image-1369\" alt=\"\" \/>\t\t\t\t\t\t\t\t\t\t\t\t\t\t\t<\/div>\n\t\t\t\t<\/div>\n\t\t\t\t<\/div>\n\t\t\t\t\t<\/div>\n\t\t\t\t<\/div>\n\t\t<div class=\"elementor-element elementor-element-1945c75 e-flex e-con-boxed wpr-particle-no wpr-jarallax-no wpr-parallax-no wpr-sticky-section-no e-con e-parent\" data-id=\"1945c75\" data-element_type=\"container\" data-e-type=\"container\">\n\t\t\t\t\t<div class=\"e-con-inner\">\n\t\t\t\t<div class=\"elementor-element elementor-element-c771341 elementor-widget elementor-widget-text-editor\" data-id=\"c771341\" data-element_type=\"widget\" data-e-type=\"widget\" data-widget_type=\"text-editor.default\">\n\t\t\t\t<div class=\"elementor-widget-container\">\n\t\t\t\t\t\t\t\t\t<p><strong>HYMN SZKO\u0141Y\u00a0\u2013 s\u0142owa<\/strong><\/p><p>Rod\u0142o \u2013 to brzmi antycznie,<\/p><p>dumnie i patetycznie.<\/p><p>Znak Rod\u0142a Polacy stworzyli,<\/p><p>gdy w obcej ziemi \u017cyli.<\/p><p>\u00a0<\/p><p>Jeste\u015bmy Polakami.<\/p><p>Polsko\u015bci symbol mamy.<\/p><p>\u0141\u0105czy on nas z macierz\u0105.<\/p><p>Nie rozerwiesz tych wi\u0119zi, o nie.<\/p><p>\u00a0<\/p><p>W Znaku Rod\u0142a jest si\u0142a.<\/p><p>Wiara ojc\u00f3w si\u0119 skry\u0142a.<\/p><p>Polska matk\u0105-szeptali.<\/p><p>B\u0105d\u017amy bra\u0107mi \u2013 wo\u0142ali,<\/p><p>Bra\u0107mi b\u0105d\u017amy dla siebie te\u017c my.<\/p>\t\t\t\t\t\t\t\t<\/div>\n\t\t\t\t<\/div>\n\t\t\t\t\t<\/div>\n\t\t\t\t<\/div>\n\t\t\t\t<\/div>\n\t\t","protected":false},"excerpt":{"rendered":"<p>Melodia i opracowanie muzyczne hymnu szko\u0142y \u2013 Pani\u00a0Gabriela Skoczylas. S\u0142owa do hymnu napisa\u0142a pani\u00a0El\u017cbieta Margulewicz. Kliknij, aby us\u0142ysze\u0107 hymn z wokalem HYMN SZKO\u0141Y\u00a0\u2013 s\u0142owa Rod\u0142o \u2013 to brzmi antycznie, dumnie i patetycznie. Znak Rod\u0142a Polacy stworzyli, gdy w obcej ziemi \u017cyli. \u00a0 Jeste\u015bmy Polakami. Polsko\u015bci symbol mamy. \u0141\u0105czy on nas z macierz\u0105. Nie rozerwiesz tych wi\u0119zi, o nie. \u00a0 W Znaku Rod\u0142a jest si\u0142a. Wiara ojc\u00f3w si\u0119 skry\u0142a. Polska matk\u0105-szeptali. B\u0105d\u017amy bra\u0107mi \u2013 wo\u0142ali, Bra\u0107mi b\u0105d\u017amy dla siebie te\u017c my.<\/p>\n","protected":false},"author":1,"featured_media":0,"parent":0,"menu_order":0,"comment_status":"closed","ping_status":"closed","template":"","meta":{"footnotes":""},"class_list":["post-1298","page","type-page","status-publish","hentry"],"acf":[],"_links":{"self":[{"href":"https:\/\/sp5.kwidzyn.pl\/index.php?rest_route=\/wp\/v2\/pages\/1298","targetHints":{"allow":["GET"]}}],"collection":[{"href":"https:\/\/sp5.kwidzyn.pl\/index.php?rest_route=\/wp\/v2\/pages"}],"about":[{"href":"https:\/\/sp5.kwidzyn.pl\/index.php?rest_route=\/wp\/v2\/types\/page"}],"author":[{"embeddable":true,"href":"https:\/\/sp5.kwidzyn.pl\/index.php?rest_route=\/wp\/v2\/users\/1"}],"replies":[{"embeddable":true,"href":"https:\/\/sp5.kwidzyn.pl\/index.php?rest_route=%2Fwp%2Fv2%2Fcomments&post=1298"}],"version-history":[{"count":13,"href":"https:\/\/sp5.kwidzyn.pl\/index.php?rest_route=\/wp\/v2\/pages\/1298\/revisions"}],"predecessor-version":[{"id":2555,"href":"https:\/\/sp5.kwidzyn.pl\/index.php?rest_route=\/wp\/v2\/pages\/1298\/revisions\/2555"}],"wp:attachment":[{"href":"https:\/\/sp5.kwidzyn.pl\/index.php?rest_route=%2Fwp%2Fv2%2Fmedia&parent=1298"}],"curies":[{"name":"wp","href":"https:\/\/api.w.org\/{rel}","templated":true}]}}