{"id":1296,"date":"2023-09-25T10:47:23","date_gmt":"2023-09-25T08:47:23","guid":{"rendered":"http:\/\/sp52.betulait.pl\/?page_id=1296"},"modified":"2023-11-29T13:22:30","modified_gmt":"2023-11-29T12:22:30","slug":"uroczystosc-nadania-imienia-gimnazjum","status":"publish","type":"page","link":"https:\/\/sp5.kwidzyn.pl\/?page_id=1296","title":{"rendered":"Uroczysto\u015b\u0107 nadania imienia Gimnazjum"},"content":{"rendered":"\t\t<div data-elementor-type=\"wp-page\" data-elementor-id=\"1296\" class=\"elementor elementor-1296\" data-elementor-post-type=\"page\">\n\t\t\t\t<div class=\"elementor-element elementor-element-79cba0c1 e-con-full e-flex wpr-particle-no wpr-jarallax-no wpr-parallax-no wpr-sticky-section-no e-con e-parent\" data-id=\"79cba0c1\" data-element_type=\"container\" data-e-type=\"container\" data-settings=\"{&quot;background_background&quot;:&quot;classic&quot;}\">\n\t\t\t\t<div class=\"elementor-element elementor-element-19998337 elementor-widget elementor-widget-html\" data-id=\"19998337\" data-element_type=\"widget\" data-e-type=\"widget\" data-widget_type=\"html.default\">\n\t\t\t\t<div class=\"elementor-widget-container\">\n\t\t\t\t\t<nav aria-label=\"breadcrumbs\" class=\"rank-math-breadcrumb\"><p><span class=\"last\">Strona g\u0142\u00f3wna<\/span><\/p><\/nav>\t\t\t\t<\/div>\n\t\t\t\t<\/div>\n\t\t\t\t<\/div>\n\t\t<div class=\"elementor-element elementor-element-175f485e e-flex e-con-boxed wpr-particle-no wpr-jarallax-no wpr-parallax-no wpr-sticky-section-no e-con e-parent\" data-id=\"175f485e\" data-element_type=\"container\" data-e-type=\"container\">\n\t\t\t\t\t<div class=\"e-con-inner\">\n\t\t\t\t<div class=\"elementor-element elementor-element-746b6d9a elementor-widget-divider--view-line elementor-widget elementor-widget-divider\" data-id=\"746b6d9a\" data-element_type=\"widget\" data-e-type=\"widget\" data-widget_type=\"divider.default\">\n\t\t\t\t<div class=\"elementor-widget-container\">\n\t\t\t\t\t\t\t<div class=\"elementor-divider\">\n\t\t\t<span class=\"elementor-divider-separator\">\n\t\t\t\t\t\t<\/span>\n\t\t<\/div>\n\t\t\t\t\t\t<\/div>\n\t\t\t\t<\/div>\n\t\t\t\t\t<\/div>\n\t\t\t\t<\/div>\n\t\t<div class=\"elementor-element elementor-element-0a6bc01 e-flex e-con-boxed wpr-particle-no wpr-jarallax-no wpr-parallax-no wpr-sticky-section-no e-con e-parent\" data-id=\"0a6bc01\" data-element_type=\"container\" data-e-type=\"container\">\n\t\t\t\t\t<div class=\"e-con-inner\">\n\t\t\t\t<div class=\"elementor-element elementor-element-eca3ebb elementor-widget elementor-widget-heading\" data-id=\"eca3ebb\" data-element_type=\"widget\" data-e-type=\"widget\" data-widget_type=\"heading.default\">\n\t\t\t\t<div class=\"elementor-widget-container\">\n\t\t\t\t\t<h2 class=\"elementor-heading-title elementor-size-default\">CZ\u0118\u015a\u0106 OFICJALNA<\/h2>\t\t\t\t<\/div>\n\t\t\t\t<\/div>\n\t\t\t\t<div class=\"elementor-element elementor-element-461b7d4 elementor-widget elementor-widget-text-editor\" data-id=\"461b7d4\" data-element_type=\"widget\" data-e-type=\"widget\" data-widget_type=\"text-editor.default\">\n\t\t\t\t<div class=\"elementor-widget-container\">\n\t\t\t\t\t\t\t\t\t<p>O godz. 13.00 w kinoteatrze rozpocz\u0119\u0142a si\u0119 cz\u0119\u015b\u0107 oficjalna uroczysto\u015bci nadania szkole imienia i przekazanie sztandaru.<\/p><p>Prowadz\u0105cy powitali zaproszonych go\u015bci. Poczty sztandarowe ustawione by\u0142y na scenie. Po od\u015bpiewaniu hymnu pa\u0144stwowego g\u0142os zabra\u0142 dyrektor szko\u0142y pan Miros\u0142aw Dudek. Nast\u0119pnie Chantalle Komorowska \u2013 uczennica naszego gimnazjum wyg\u0142osi\u0142a referat okoliczno\u015bciowy, w kt\u00f3rym\u00a0 przybli\u017cy\u0142a zebranym histori\u0119, symbolik\u0119 i znaczenie Znaku Rod\u0142a. Potem nast\u0105pi\u0142o odczytanie Aktu Fundacyjnego w obecno\u015bci rodzic\u00f3w \u2013 przewodnicz\u0105cego Rady Rodzic\u00f3w pana Wojciecha Berenta i pani Ma\u0142gorzaty Ku\u017amy.<\/p><p>Kolejnym punktem by\u0142o wbicie symbolicznych Gwo\u017adzi Honorowych.<\/p><p>Nast\u0119pnie mia\u0142a miejsce ceremonia przekazania sztandaru. Przewodnicz\u0105cy Rady Miasta Kwidzyna pan Kazimierz Gorlewicz odczyta\u0142 Akt Nadania szkole imienia i wr\u0119czy\u0142 go dyrektorowi naszego gimnazjum.<\/p><p>P\u00f3\u017aniej sztandar szko\u0142y rodzice przekazali dyrektorowi, a nast\u0119pnie trafi\u0142 on do uczni\u00f3w.<\/p><p>Gimnazjali\u015bci z\u0142o\u017cyli przyrzeczenie.<\/p><p>Nast\u0119pnie pani Kurator \u2013 Gabriela Albertin wr\u0119czy\u0142a odznaczenia nauczycielom naszej szko\u0142y.<\/p><p>Pan Piotr Ob\u00f3d z r\u0105k dyrektora odebra\u0142 nagrod\u0119 za zwyci\u0119stwo w konkursie na projekt sztandaru.<\/p><p>Kolejnym punktem by\u0142o podzi\u0119kowanie za szczeg\u00f3ln\u0105 pomoc okazan\u0105 szkole przy realizacji projektu \u201eNadania Imienia Szkole\u201d.<\/p><p>Nast\u0119pnie g\u0142os zabrali zaproszeni go\u015bcie.<\/p><p>Po od\u015bpiewaniu hymnu szko\u0142y i wyprowadzeniu sztandar\u00f3w uroczysto\u015b\u0107 u\u015bwietni\u0142o widowisko s\u0142owno-muzyczne \u201e<strong>Wi\u015blan\u0105 \u015bwietl\u0105c si\u0119 fal\u0105<\/strong>\u201d.<\/p>\t\t\t\t\t\t\t\t<\/div>\n\t\t\t\t<\/div>\n\t\t\t\t\t<\/div>\n\t\t\t\t<\/div>\n\t\t\t\t<\/div>\n\t\t","protected":false},"excerpt":{"rendered":"<p>CZ\u0118\u015a\u0106 OFICJALNA O godz. 13.00 w kinoteatrze rozpocz\u0119\u0142a si\u0119 cz\u0119\u015b\u0107 oficjalna uroczysto\u015bci nadania szkole imienia i przekazanie sztandaru. Prowadz\u0105cy powitali zaproszonych go\u015bci. Poczty sztandarowe ustawione by\u0142y na scenie. Po od\u015bpiewaniu hymnu pa\u0144stwowego g\u0142os zabra\u0142 dyrektor szko\u0142y pan Miros\u0142aw Dudek. Nast\u0119pnie Chantalle Komorowska \u2013 uczennica naszego gimnazjum wyg\u0142osi\u0142a referat okoliczno\u015bciowy, w kt\u00f3rym\u00a0 przybli\u017cy\u0142a zebranym histori\u0119, symbolik\u0119 i znaczenie Znaku Rod\u0142a. Potem nast\u0105pi\u0142o odczytanie Aktu Fundacyjnego w obecno\u015bci rodzic\u00f3w \u2013 przewodnicz\u0105cego Rady Rodzic\u00f3w pana Wojciecha Berenta i pani Ma\u0142gorzaty Ku\u017amy. Kolejnym punktem by\u0142o wbicie symbolicznych Gwo\u017adzi Honorowych. Nast\u0119pnie mia\u0142a miejsce ceremonia przekazania sztandaru. Przewodnicz\u0105cy Rady Miasta Kwidzyna pan Kazimierz Gorlewicz odczyta\u0142 Akt Nadania szkole imienia i wr\u0119czy\u0142 go dyrektorowi naszego gimnazjum. P\u00f3\u017aniej sztandar szko\u0142y rodzice przekazali dyrektorowi, a nast\u0119pnie trafi\u0142 on do uczni\u00f3w. Gimnazjali\u015bci z\u0142o\u017cyli przyrzeczenie. Nast\u0119pnie pani Kurator \u2013 Gabriela Albertin wr\u0119czy\u0142a odznaczenia nauczycielom naszej szko\u0142y. Pan Piotr Ob\u00f3d z r\u0105k dyrektora odebra\u0142 nagrod\u0119 za zwyci\u0119stwo w konkursie na projekt sztandaru. Kolejnym punktem by\u0142o podzi\u0119kowanie za szczeg\u00f3ln\u0105 pomoc okazan\u0105 szkole przy realizacji projektu \u201eNadania Imienia Szkole\u201d. Nast\u0119pnie g\u0142os zabrali zaproszeni go\u015bcie. Po od\u015bpiewaniu hymnu szko\u0142y i wyprowadzeniu sztandar\u00f3w uroczysto\u015b\u0107 u\u015bwietni\u0142o widowisko s\u0142owno-muzyczne \u201eWi\u015blan\u0105 \u015bwietl\u0105c si\u0119 fal\u0105\u201d.<\/p>\n","protected":false},"author":1,"featured_media":0,"parent":0,"menu_order":0,"comment_status":"closed","ping_status":"closed","template":"","meta":{"footnotes":""},"class_list":["post-1296","page","type-page","status-publish","hentry"],"acf":[],"_links":{"self":[{"href":"https:\/\/sp5.kwidzyn.pl\/index.php?rest_route=\/wp\/v2\/pages\/1296","targetHints":{"allow":["GET"]}}],"collection":[{"href":"https:\/\/sp5.kwidzyn.pl\/index.php?rest_route=\/wp\/v2\/pages"}],"about":[{"href":"https:\/\/sp5.kwidzyn.pl\/index.php?rest_route=\/wp\/v2\/types\/page"}],"author":[{"embeddable":true,"href":"https:\/\/sp5.kwidzyn.pl\/index.php?rest_route=\/wp\/v2\/users\/1"}],"replies":[{"embeddable":true,"href":"https:\/\/sp5.kwidzyn.pl\/index.php?rest_route=%2Fwp%2Fv2%2Fcomments&post=1296"}],"version-history":[{"count":10,"href":"https:\/\/sp5.kwidzyn.pl\/index.php?rest_route=\/wp\/v2\/pages\/1296\/revisions"}],"predecessor-version":[{"id":2552,"href":"https:\/\/sp5.kwidzyn.pl\/index.php?rest_route=\/wp\/v2\/pages\/1296\/revisions\/2552"}],"wp:attachment":[{"href":"https:\/\/sp5.kwidzyn.pl\/index.php?rest_route=%2Fwp%2Fv2%2Fmedia&parent=1296"}],"curies":[{"name":"wp","href":"https:\/\/api.w.org\/{rel}","templated":true}]}}