{"id":1292,"date":"2023-09-25T10:46:31","date_gmt":"2023-09-25T08:46:31","guid":{"rendered":"http:\/\/sp52.betulait.pl\/?page_id=1292"},"modified":"2023-11-29T13:21:20","modified_gmt":"2023-11-29T12:21:20","slug":"dyrektorzy-pierwsi-absolwenci","status":"publish","type":"page","link":"https:\/\/sp5.kwidzyn.pl\/?page_id=1292","title":{"rendered":"Dyrektorzy, pierwsi absolwenci"},"content":{"rendered":"\t\t<div data-elementor-type=\"wp-page\" data-elementor-id=\"1292\" class=\"elementor elementor-1292\" data-elementor-post-type=\"page\">\n\t\t\t\t<div class=\"elementor-element elementor-element-7a34d5b3 e-con-full e-flex wpr-particle-no wpr-jarallax-no wpr-parallax-no wpr-sticky-section-no e-con e-parent\" data-id=\"7a34d5b3\" data-element_type=\"container\" data-e-type=\"container\" data-settings=\"{&quot;background_background&quot;:&quot;classic&quot;}\">\n\t\t\t\t<div class=\"elementor-element elementor-element-669a22e3 elementor-widget elementor-widget-html\" data-id=\"669a22e3\" data-element_type=\"widget\" data-e-type=\"widget\" data-widget_type=\"html.default\">\n\t\t\t\t<div class=\"elementor-widget-container\">\n\t\t\t\t\t<nav aria-label=\"breadcrumbs\" class=\"rank-math-breadcrumb\"><p><span class=\"last\">Strona g\u0142\u00f3wna<\/span><\/p><\/nav>\t\t\t\t<\/div>\n\t\t\t\t<\/div>\n\t\t\t\t<\/div>\n\t\t<div class=\"elementor-element elementor-element-2f52c05b e-flex e-con-boxed wpr-particle-no wpr-jarallax-no wpr-parallax-no wpr-sticky-section-no e-con e-parent\" data-id=\"2f52c05b\" data-element_type=\"container\" data-e-type=\"container\">\n\t\t\t\t\t<div class=\"e-con-inner\">\n\t\t\t\t<div class=\"elementor-element elementor-element-6fb4dc12 elementor-widget-divider--view-line elementor-widget elementor-widget-divider\" data-id=\"6fb4dc12\" data-element_type=\"widget\" data-e-type=\"widget\" data-widget_type=\"divider.default\">\n\t\t\t\t<div class=\"elementor-widget-container\">\n\t\t\t\t\t\t\t<div class=\"elementor-divider\">\n\t\t\t<span class=\"elementor-divider-separator\">\n\t\t\t\t\t\t<\/span>\n\t\t<\/div>\n\t\t\t\t\t\t<\/div>\n\t\t\t\t<\/div>\n\t\t\t\t\t<\/div>\n\t\t\t\t<\/div>\n\t\t<div class=\"elementor-element elementor-element-aad23de e-flex e-con-boxed wpr-particle-no wpr-jarallax-no wpr-parallax-no wpr-sticky-section-no e-con e-parent\" data-id=\"aad23de\" data-element_type=\"container\" data-e-type=\"container\">\n\t\t\t\t\t<div class=\"e-con-inner\">\n\t\t\t\t<div class=\"elementor-element elementor-element-b42ccf5 elementor-widget elementor-widget-heading\" data-id=\"b42ccf5\" data-element_type=\"widget\" data-e-type=\"widget\" data-widget_type=\"heading.default\">\n\t\t\t\t<div class=\"elementor-widget-container\">\n\t\t\t\t\t<h2 class=\"elementor-heading-title elementor-size-default\">Dyrektorzy i ich zast\u0119pcy w historii szko\u0142y<\/h2>\t\t\t\t<\/div>\n\t\t\t\t<\/div>\n\t\t\t\t<div class=\"elementor-element elementor-element-8b6aa0b elementor-widget elementor-widget-text-editor\" data-id=\"8b6aa0b\" data-element_type=\"widget\" data-e-type=\"widget\" data-widget_type=\"text-editor.default\">\n\t\t\t\t<div class=\"elementor-widget-container\">\n\t\t\t\t\t\t\t\t\t<p>1. Pierwszym dyrektorem Szko\u0142y Podstawowej nr 8, kt\u00f3ra zosta\u0142a otwarta w budynku Gimnazjum nr 3 od&nbsp;<strong>1.09.1983&nbsp;<\/strong>roku by\u0142&nbsp;<strong>Pan&nbsp;Janusz Walor.&nbsp;<\/strong>Funkcj\u0119 t\u0119 pe\u0142ni\u0142 do ko\u0144ca roku szkolnego 1989\/90. Jego zast\u0119pcy:&nbsp;<strong>p. Janina Bebyn (Gorczyca), p. Czes\u0142aw Hryb<\/strong>&nbsp;(do roku 1989)<strong>, p. Roman Bera<\/strong>&nbsp;(od roku 1989)<\/p>\n<p>2. Kolejnym dyrektorem Szko\u0142y Podstawowej nr 8, kt\u00f3ry t\u0119 funkcj\u0119 pe\u0142ni\u0142 w latach 1990 \u2013 98, by\u0142:&nbsp;<strong>Pan&nbsp;Roman Bera.&nbsp;<\/strong>Jego zast\u0119pcy:&nbsp;<strong>p. Wojciech&nbsp;Margulewicz , p. Janina Bebyn<\/strong>&nbsp;(do roku 98)<strong>, p. Marek&nbsp;Luli\u0144ski<\/strong>&nbsp;(w roku szkolnym 1993- 94).<\/p>\n<p>3. W roku szkolnym 1998\/99: &nbsp;p.o. dyrektora by\u0142a&nbsp;<strong>Pani&nbsp;Janina Bebyn.&nbsp;<\/strong>Zast\u0119pcy:&nbsp;<strong>p. Ewa Machlik<\/strong>,&nbsp;<strong>p. Wojciech Margulewicz.<\/strong><\/p>\n<p>4. GIMNAZJUM NR 3 \u2013 od roku 1999 do roku 2007&nbsp;<strong>P<\/strong><strong>ani&nbsp;Ewa Machlik.&nbsp;<\/strong>Zast\u0119pcy:&nbsp;<strong>p. Wojciech Margulewicz&nbsp;<\/strong>(do roku 2003)<strong>, p. Wies\u0142aw Major&nbsp;<\/strong>(do roku 2003)<strong>, p. Miros\u0142aw Dudek&nbsp;<\/strong>(w latach 2003-7).<\/p>\n<p>5. Rok szkolny 2007\/8 \u2013 p.o dyrektora&nbsp;<strong>Pan&nbsp;Miros\u0142aw Dudek<\/strong>, zast\u0119pca&nbsp;<strong>p. Andrzej Hajdukiewicz.<\/strong><\/p>\n<p>6. Rok szkolny 2008\/9 \u2013&nbsp;<strong>Pan&nbsp;Jacek Strociak<\/strong>,&nbsp;zast\u0119pca:&nbsp;<strong>p. Ma\u0142gorzata Grz\u0119dzicka.<\/strong><\/p>\n<p>7. Od roku &nbsp;2009 \u2013&nbsp;<strong>Pan&nbsp;Miros\u0142aw Dudek<\/strong>, zast\u0119pca:&nbsp;<strong>p. Andrzej Hajdukiewicz&nbsp;<\/strong>(do roku 2014)<strong>&nbsp;<\/strong>i od roku 2011<strong>&nbsp;p. Bogdana Cyborowska-Moch<\/strong><\/p>\n<p>8. W roku szkolnym &nbsp;2017\/18 (na skutek reformy Systemu O\u015bwiaty zosta\u0142y po\u0142\u0105czone SP 5 i Gimnazjum nr 3) \u2013&nbsp;<strong>Pani&nbsp;Renata Dzikowska<\/strong>, zast\u0119pca:&nbsp;<strong>p. Miros\u0142aw Dudek, p. Bogdana Cyborowska-Moch i p. Jolanta Wa\u017cna.<\/strong><\/p>\n<p>10. W latach 2018-2023 \u2013&nbsp;<strong>Pan&nbsp;Miros\u0142aw Dudek<\/strong>, zast\u0119pca:&nbsp;<strong>p. Bogdana Cyborowska-Moch i p. Anna Arszy\u0144ska \u2013 budynek ul. Hallera 18.<\/strong><\/p>\t\t\t\t\t\t\t\t<\/div>\n\t\t\t\t<\/div>\n\t\t\t\t<div class=\"elementor-element elementor-element-9761a0b elementor-widget elementor-widget-heading\" data-id=\"9761a0b\" data-element_type=\"widget\" data-e-type=\"widget\" data-widget_type=\"heading.default\">\n\t\t\t\t<div class=\"elementor-widget-container\">\n\t\t\t\t\t<h2 class=\"elementor-heading-title elementor-size-default\">PIERWSI ABSOLWENCI szko\u0142y<\/h2>\t\t\t\t<\/div>\n\t\t\t\t<\/div>\n\t\t\t\t<div class=\"elementor-element elementor-element-3648f74 elementor-widget elementor-widget-text-editor\" data-id=\"3648f74\" data-element_type=\"widget\" data-e-type=\"widget\" data-widget_type=\"text-editor.default\">\n\t\t\t\t<div class=\"elementor-widget-container\">\n\t\t\t\t\t\t\t\t\t<p>W czerwcu<strong>\u00a01984<\/strong>\u00a0roku Szko\u0142\u0119 Podstawow\u0105 nr 8 uko\u0144czyli pierwsi absolwenci, a byli to:<\/p><ol><li style=\"list-style-type: none;\"><ol><li>Barejka Beata<\/li><li>Barejka Mariola<\/li><li>Bazmirowska Bo\u017cena<\/li><li>Bucior Dorota<\/li><li>Che\u0142miniacka Ma\u0142gorzata<\/li><li>Czabaj Izabella<\/li><li>Czajka Anna<\/li><li>Czajka Roman<\/li><li>Felkner Zbigniew<\/li><li>Gog\u00f3\u0142 Leszek<\/li><li>Gosz Dariusz<\/li><li>Jab\u0142onski Jacek<\/li><li>Kaczorowski Dariusz<\/li><li>Kalinowska Bogus\u0142awa<\/li><li>Kaszycki Tomasz<\/li><li>Kobylaniec Piotr<\/li><li>Kunicki Mariusz<\/li><li>Majewski Waldemar<\/li><li>Ma\u0142ecki Dariusz<\/li><li>Mas\u0142o\u0144 Tomasz<\/li><li>Mazur Ireneusz<\/li><li>Miko\u0142ajczyk Jacek<\/li><li>Nowak Pawe\u0142<\/li><li>Pachota Piotr<\/li><li>Paczkowski Marek<\/li><li>P\u0142o\u0144ski Dariusz<\/li><li>Rogalska Anna<\/li><li>Schamlewska Mariola<\/li><li>S\u0119pio\u0142 Andrzej<\/li><li>Sochacki Dariusz<\/li><li>Sterankowicz Miros\u0142aw<\/li><li>Strzelecki Robert<\/li><li>Styczy\u0144ska Maria<\/li><li>Szapa\u0144ski Leszek<\/li><li>Szarafi\u0144ski Piotr<\/li><li>Sztubi\u0144ski Wojciech<\/li><li>Tarcha\u0142a Zbigniew<\/li><li>Tubaj Jacek<\/li><li>Tupty\u0144ska Bo\u017cena<\/li><li>W\u00f3jcik Ireneusz<\/li><li>Wurster Roman.<\/li><\/ol><\/li><\/ol>\t\t\t\t\t\t\t\t<\/div>\n\t\t\t\t<\/div>\n\t\t\t\t\t<\/div>\n\t\t\t\t<\/div>\n\t\t\t\t<\/div>\n\t\t","protected":false},"excerpt":{"rendered":"<p>Dyrektorzy i ich zast\u0119pcy w historii szko\u0142y 1. Pierwszym dyrektorem Szko\u0142y Podstawowej nr 8, kt\u00f3ra zosta\u0142a otwarta w budynku Gimnazjum nr 3 od&nbsp;1.09.1983&nbsp;roku by\u0142&nbsp;Pan&nbsp;Janusz Walor.&nbsp;Funkcj\u0119 t\u0119 pe\u0142ni\u0142 do ko\u0144ca roku szkolnego 1989\/90. Jego zast\u0119pcy:&nbsp;p. Janina Bebyn (Gorczyca), p. Czes\u0142aw Hryb&nbsp;(do roku 1989), p. Roman Bera&nbsp;(od roku 1989) 2. Kolejnym dyrektorem Szko\u0142y Podstawowej nr 8, kt\u00f3ry t\u0119 funkcj\u0119 pe\u0142ni\u0142 w latach 1990 \u2013 98, by\u0142:&nbsp;Pan&nbsp;Roman Bera.&nbsp;Jego zast\u0119pcy:&nbsp;p. Wojciech&nbsp;Margulewicz , p. Janina Bebyn&nbsp;(do roku 98), p. Marek&nbsp;Luli\u0144ski&nbsp;(w roku szkolnym 1993- 94). 3. W roku szkolnym 1998\/99: &nbsp;p.o. dyrektora by\u0142a&nbsp;Pani&nbsp;Janina Bebyn.&nbsp;Zast\u0119pcy:&nbsp;p. Ewa Machlik,&nbsp;p. Wojciech Margulewicz. 4. GIMNAZJUM NR 3 \u2013 od roku 1999 do roku 2007&nbsp;Pani&nbsp;Ewa Machlik.&nbsp;Zast\u0119pcy:&nbsp;p. Wojciech Margulewicz&nbsp;(do roku 2003), p. Wies\u0142aw Major&nbsp;(do roku 2003), p. Miros\u0142aw Dudek&nbsp;(w latach 2003-7). 5. Rok szkolny 2007\/8 \u2013 p.o dyrektora&nbsp;Pan&nbsp;Miros\u0142aw Dudek, zast\u0119pca&nbsp;p. Andrzej Hajdukiewicz. 6. Rok szkolny 2008\/9 \u2013&nbsp;Pan&nbsp;Jacek Strociak,&nbsp;zast\u0119pca:&nbsp;p. Ma\u0142gorzata Grz\u0119dzicka. 7. Od roku &nbsp;2009 \u2013&nbsp;Pan&nbsp;Miros\u0142aw Dudek, zast\u0119pca:&nbsp;p. Andrzej Hajdukiewicz&nbsp;(do roku 2014)&nbsp;i od roku 2011&nbsp;p. Bogdana Cyborowska-Moch 8. W roku szkolnym &nbsp;2017\/18 (na skutek reformy Systemu O\u015bwiaty zosta\u0142y po\u0142\u0105czone SP 5 i Gimnazjum nr 3) \u2013&nbsp;Pani&nbsp;Renata Dzikowska, zast\u0119pca:&nbsp;p. Miros\u0142aw Dudek, p. Bogdana Cyborowska-Moch i p. Jolanta Wa\u017cna. 10. W latach 2018-2023 \u2013&nbsp;Pan&nbsp;Miros\u0142aw Dudek, zast\u0119pca:&nbsp;p. Bogdana Cyborowska-Moch i p. Anna Arszy\u0144ska \u2013 budynek ul. Hallera 18. PIERWSI ABSOLWENCI szko\u0142y W czerwcu\u00a01984\u00a0roku Szko\u0142\u0119 Podstawow\u0105 nr 8 uko\u0144czyli pierwsi absolwenci, a byli to: Barejka Beata Barejka Mariola Bazmirowska Bo\u017cena Bucior Dorota Che\u0142miniacka Ma\u0142gorzata Czabaj Izabella Czajka Anna Czajka Roman Felkner Zbigniew Gog\u00f3\u0142 Leszek Gosz Dariusz Jab\u0142onski Jacek Kaczorowski Dariusz Kalinowska Bogus\u0142awa Kaszycki Tomasz Kobylaniec Piotr Kunicki Mariusz Majewski Waldemar Ma\u0142ecki Dariusz Mas\u0142o\u0144 Tomasz Mazur Ireneusz Miko\u0142ajczyk Jacek Nowak Pawe\u0142 Pachota Piotr Paczkowski Marek P\u0142o\u0144ski Dariusz Rogalska Anna Schamlewska Mariola S\u0119pio\u0142 Andrzej Sochacki Dariusz Sterankowicz Miros\u0142aw Strzelecki Robert Styczy\u0144ska Maria Szapa\u0144ski Leszek Szarafi\u0144ski Piotr Sztubi\u0144ski Wojciech Tarcha\u0142a Zbigniew Tubaj Jacek Tupty\u0144ska Bo\u017cena W\u00f3jcik Ireneusz Wurster Roman.<\/p>\n","protected":false},"author":1,"featured_media":0,"parent":0,"menu_order":0,"comment_status":"closed","ping_status":"closed","template":"","meta":{"footnotes":""},"class_list":["post-1292","page","type-page","status-publish","hentry"],"acf":[],"_links":{"self":[{"href":"https:\/\/sp5.kwidzyn.pl\/index.php?rest_route=\/wp\/v2\/pages\/1292","targetHints":{"allow":["GET"]}}],"collection":[{"href":"https:\/\/sp5.kwidzyn.pl\/index.php?rest_route=\/wp\/v2\/pages"}],"about":[{"href":"https:\/\/sp5.kwidzyn.pl\/index.php?rest_route=\/wp\/v2\/types\/page"}],"author":[{"embeddable":true,"href":"https:\/\/sp5.kwidzyn.pl\/index.php?rest_route=\/wp\/v2\/users\/1"}],"replies":[{"embeddable":true,"href":"https:\/\/sp5.kwidzyn.pl\/index.php?rest_route=%2Fwp%2Fv2%2Fcomments&post=1292"}],"version-history":[{"count":13,"href":"https:\/\/sp5.kwidzyn.pl\/index.php?rest_route=\/wp\/v2\/pages\/1292\/revisions"}],"predecessor-version":[{"id":2549,"href":"https:\/\/sp5.kwidzyn.pl\/index.php?rest_route=\/wp\/v2\/pages\/1292\/revisions\/2549"}],"wp:attachment":[{"href":"https:\/\/sp5.kwidzyn.pl\/index.php?rest_route=%2Fwp%2Fv2%2Fmedia&parent=1292"}],"curies":[{"name":"wp","href":"https:\/\/api.w.org\/{rel}","templated":true}]}}