{"id":1288,"date":"2023-09-25T10:45:15","date_gmt":"2023-09-25T08:45:15","guid":{"rendered":"http:\/\/sp52.betulait.pl\/?page_id=1288"},"modified":"2023-11-29T13:16:23","modified_gmt":"2023-11-29T12:16:23","slug":"historia-budynek-ul-kamienna-18","status":"publish","type":"page","link":"https:\/\/sp5.kwidzyn.pl\/?page_id=1288","title":{"rendered":"Historia &#8211; budynek ul. Kamienna 18"},"content":{"rendered":"\t\t<div data-elementor-type=\"wp-page\" data-elementor-id=\"1288\" class=\"elementor elementor-1288\" data-elementor-post-type=\"page\">\n\t\t\t\t<div class=\"elementor-element elementor-element-d57e698 e-con-full e-flex wpr-particle-no wpr-jarallax-no wpr-parallax-no wpr-sticky-section-no e-con e-parent\" data-id=\"d57e698\" data-element_type=\"container\" data-e-type=\"container\" data-settings=\"{&quot;background_background&quot;:&quot;classic&quot;}\">\n\t\t\t\t<div class=\"elementor-element elementor-element-18083a29 elementor-widget elementor-widget-html\" data-id=\"18083a29\" data-element_type=\"widget\" data-e-type=\"widget\" data-widget_type=\"html.default\">\n\t\t\t\t<div class=\"elementor-widget-container\">\n\t\t\t\t\t<nav aria-label=\"breadcrumbs\" class=\"rank-math-breadcrumb\"><p><span class=\"last\">Strona g\u0142\u00f3wna<\/span><\/p><\/nav>\t\t\t\t<\/div>\n\t\t\t\t<\/div>\n\t\t\t\t<\/div>\n\t\t<div class=\"elementor-element elementor-element-7b3c6eee e-flex e-con-boxed wpr-particle-no wpr-jarallax-no wpr-parallax-no wpr-sticky-section-no e-con e-parent\" data-id=\"7b3c6eee\" data-element_type=\"container\" data-e-type=\"container\">\n\t\t\t\t\t<div class=\"e-con-inner\">\n\t\t\t\t<div class=\"elementor-element elementor-element-5b08ea7a elementor-widget-divider--view-line elementor-widget elementor-widget-divider\" data-id=\"5b08ea7a\" data-element_type=\"widget\" data-e-type=\"widget\" data-widget_type=\"divider.default\">\n\t\t\t\t<div class=\"elementor-widget-container\">\n\t\t\t\t\t\t\t<div class=\"elementor-divider\">\n\t\t\t<span class=\"elementor-divider-separator\">\n\t\t\t\t\t\t<\/span>\n\t\t<\/div>\n\t\t\t\t\t\t<\/div>\n\t\t\t\t<\/div>\n\t\t\t\t\t<\/div>\n\t\t\t\t<\/div>\n\t\t<div class=\"elementor-element elementor-element-c827f7e e-flex e-con-boxed wpr-particle-no wpr-jarallax-no wpr-parallax-no wpr-sticky-section-no e-con e-parent\" data-id=\"c827f7e\" data-element_type=\"container\" data-e-type=\"container\">\n\t\t\t\t\t<div class=\"e-con-inner\">\n\t\t\t\t<div class=\"elementor-element elementor-element-838da32 elementor-widget elementor-widget-heading\" data-id=\"838da32\" data-element_type=\"widget\" data-e-type=\"widget\" data-widget_type=\"heading.default\">\n\t\t\t\t<div class=\"elementor-widget-container\">\n\t\t\t\t\t<h2 class=\"elementor-heading-title elementor-size-default\">historia szko\u0142y<\/h2>\t\t\t\t<\/div>\n\t\t\t\t<\/div>\n\t\t\t\t<div class=\"elementor-element elementor-element-92fc34c elementor-widget elementor-widget-text-editor\" data-id=\"92fc34c\" data-element_type=\"widget\" data-e-type=\"widget\" data-widget_type=\"text-editor.default\">\n\t\t\t\t<div class=\"elementor-widget-container\">\n\t\t\t\t\t\t\t\t\t<ol><li>W latach 1983-1999 Szko\u0142a Podstawowa nr 8<\/li><li>W latach 1999 \u2013 2002 \u2013 Zesp\u00f3\u0142 Szk\u00f3\u0142 nr 3, w sk\u0142ad kt\u00f3rego wchodzi\u0142a Szko\u0142a Podstawowa nr 8 i Gimnazjum nr 3<\/li><li>Od roku 1999 \u2013 Gimnazjum \u00a0nr 3, a od roku 2013 Gimnazjum nr 3 im. Znaku Rod\u0142a<\/li><li>Od roku szkolnego 2016\/17 Szko\u0142a Podstawowa nr 5 im. Zjednoczonej Europy mie\u015bci si\u0119 w dw\u00f3ch budynkach:<ul><li>przy ul. Kamiennej 18<\/li><li>przy ul. Hallera 4<\/li><\/ul><\/li><\/ol>\t\t\t\t\t\t\t\t<\/div>\n\t\t\t\t<\/div>\n\t\t\t\t<div class=\"elementor-element elementor-element-5f90a5c elementor-widget elementor-widget-heading\" data-id=\"5f90a5c\" data-element_type=\"widget\" data-e-type=\"widget\" data-widget_type=\"heading.default\">\n\t\t\t\t<div class=\"elementor-widget-container\">\n\t\t\t\t\t<h2 class=\"elementor-heading-title elementor-size-default\">jak powstawa\u0142 budynek<\/h2>\t\t\t\t<\/div>\n\t\t\t\t<\/div>\n\t\t\t\t<div class=\"elementor-element elementor-element-f431dd2 elementor-widget elementor-widget-text-editor\" data-id=\"f431dd2\" data-element_type=\"widget\" data-e-type=\"widget\" data-widget_type=\"text-editor.default\">\n\t\t\t\t<div class=\"elementor-widget-container\">\n\t\t\t\t\t\t\t\t\t<ol><li>1975 \u2013 uko\u0144czenie dokumentacji technicznej dotycz\u0105cej budowy szko\u0142y.<\/li><li>1976- planowane rozpocz\u0119cie budowy (niewywi\u0105zanie si\u0119 z obowi\u0105zku elbl\u0105skiego kombinatu budowlanego zako\u0144czone przesuni\u0119ciem terminu).<\/li><li>29 maja 1978 \u2013 informacja z kuratorium o\u015bwiaty i wychowania do Edwarda Suczy\u0144skiego o podj\u0119ciu ostatecznych decyzji w zakresie zmian projektu szko\u0142y (powi\u0119kszenie powierzchni sali gimnastycznej).<\/li><li>16 listopada 1978 \u2013 w li\u015bcie wojewody elbl\u0105skiego pojawia si\u0119 wci\u0105\u017c ten sam termin oddania szko\u0142y do u\u017cytku \u2013 sierpie\u0144 1980 r.<\/li><li>26 lutego 1979 \u2013 wicepremier K. Sycomski przebywaj\u0105cy w Kwidzynie podj\u0105\u0142 decyzj\u0119 o przyznaniu bud\u017cetu w wysoko\u015bci 4 mln z\u0142 (deklaracja by\u0142a jednak nierealna).<\/li><li>28 stycznia 1980 \u2013 wicewojewoda A. Ziemkiewicz w wys\u0142anym pi\u015bmie do Edwarda Sucz\u0144skiego stwierdza, \u017ce rozpocz\u0119to prace melioracyjne na terenie budowy, okre\u015bla nowy termin jej zako\u0144czenia \u2013 II kwarta\u0142 1982.<\/li><li>Luty 1980 \u2013 zmiana wykonawcy rob\u00f3t budowlanych na Elbl\u0105skie Przedsi\u0119biorstwo Budownictwa Przemys\u0142owego, kt\u00f3re zadeklarowa\u0142o rozpocz\u0119cie budowy na marzec 1980 r.<\/li><li>15 pa\u017adziernika 1980 \u2013 E. Suczy\u0144ski wys\u0142a\u0142 list do wojewody I. Lorbickiego o braku post\u0119p\u00f3w na miejscu budowy. Odpowied\u017a wojewody wyjawi\u0142a natomiast, \u017ce za ten stan rzeczy odpowiedzialne jest EPBP, kt\u00f3re od 4 kwietnia przej\u0119\u0142o dokumentacj\u0119, a 3 czerwca plac budowy.<\/li><li>Pa\u017adziernik 1980 \u2013 marzec 1981- zamieszczenie baraku dla za\u0142ogi i wiaty na narz\u0119dzia<\/li><li>15 czerwca 1982 \u2013 narada urz\u0119du miejskiego w Kwidzynie, stwierdzaj\u0105ca niezadawalaj\u0105cy post\u0119p rob\u00f3t budowlanych. Podj\u0119cie tak\u017ce decyzji dotycz\u0105cych wyposa\u017cenia i urz\u0105dzenia szko\u0142y.<\/li><li>30 pa\u017adziernika 1982 \u2013 posuni\u0119cie w budowie pozwoli\u0142o na z\u0142o\u017cenie odpowiednich zam\u00f3wie\u0144 do wyposa\u017cenia szko\u0142y.<\/li><li>28 stycznia 1983- o\u015bwiadczenie in\u017c. M. O\u017cubko, \u017ce budynek zostanie przekazany do u\u017cytku najp\u00f3\u017cniej 22 lipca 83.\u00a0Budowa szko\u0142y osi\u0105gn\u0119\u0142a stan surowy.<\/li><li>1 kwietnia 1983 \u2013 powo\u0142anie dyrektora nowej szko\u0142y \u2013 Janusza Walora. Opracowanie rejonu szko\u0142y.<\/li><li>20 czerwca 1983- o\u015bwiadczenie Wydzia\u0142u O\u015bwiaty I Wych. o oficjalnym rozpocz\u0119ciu roku szkolnego w nowym budynku szkolnym.<\/li><li>1 wrze\u015bnia 1983- uroczysto\u015b\u0107 rozpocz\u0119cia roku szkolnego 83\/84 w nowo wybudowanej szkole.<\/li><\/ol>\t\t\t\t\t\t\t\t<\/div>\n\t\t\t\t<\/div>\n\t\t\t\t<div class=\"elementor-element elementor-element-1ce3169 elementor-widget elementor-widget-heading\" data-id=\"1ce3169\" data-element_type=\"widget\" data-e-type=\"widget\" data-widget_type=\"heading.default\">\n\t\t\t\t<div class=\"elementor-widget-container\">\n\t\t\t\t\t<h2 class=\"elementor-heading-title elementor-size-default\">RADA PEDAGOGICZNA ROK SZKOLNY \u2013 1983\/84<\/h2>\t\t\t\t<\/div>\n\t\t\t\t<\/div>\n\t\t\t\t<div class=\"elementor-element elementor-element-2d80272 elementor-widget elementor-widget-text-editor\" data-id=\"2d80272\" data-element_type=\"widget\" data-e-type=\"widget\" data-widget_type=\"text-editor.default\">\n\t\t\t\t<div class=\"elementor-widget-container\">\n\t\t\t\t\t\t\t\t\t<p><strong>DYREKCJA:<\/strong><\/p><ol><li>JANUSZ WALOR\u2013 dyrektor, nauczyciel wychowania fizycznego<\/li><li>JANINA GORCZYCA (BEBYN)\u00a0\u2013 zast\u0119pca \u00a0dyrektora, nauczycielka matematyki<\/li><li>CZES\u0141AW HRYB\u00a0\u2013 zast\u0119pca dyrektora, nauczyciel wychowania fizycznego<\/li><\/ol><div>\u00a0<\/div><p><strong>POZOSTA\u0141I CZ\u0141ONKOWIE RADY PEDAGOGICZNEJ:<\/strong><\/p><ul><li>Anna Adamczyk \u2013 I pedagog szkolny<\/li><li>Barbara Adamiak \u2013 nauczyciel nauczania pocz\u0105tkowego<\/li><li>Roman Bera \u2013 nauczyciel fizyki<\/li><li>Anna Domaradzka \u2013 nauczyciel nauczania pocz\u0105tkowego<\/li><li>Ewa Denega \u2013 nauczyciel j\u0119zyka rosyjskiego<\/li><li>Dorota Duli\u0144ska \u2013 nauczyciel chemii<\/li><li>Ewa Felczak \u2013 nauczyciel historii<\/li><li>Zdzis\u0142aw Hajdukiewicz \u2013 nauczyciel w-fu<\/li><li>Andrzej Hajdukiewicz \u2013 nauczyciel w-fu<\/li><li>El\u017cbieta Janowicz -wychowawczyni \u015bwietlicy, nauczycielka biologii i geografii<\/li><li>El\u017cbieta Jaroch \u2013 nauczyciel nauczania pocz\u0105tkowego<\/li><li>Barbara K\u0105pi\u0144ska \u2013 nauczyciel j\u0119zyka polskiego<\/li><li>Zofia Koroci\u0144ska \u2013 wychowawczyni \u015bwietlicy, nauczyciel techniki<\/li><li>Waldemar Kustosz \u2013 nauczyciel biologii<\/li><li>El\u017cbieta Margulewicz \u2013 nauczyciel j\u0119zyka polskiego<\/li><li>Wojciech Margulewicz \u2013 \u00a0nauczyciel w-fu<\/li><li>Lucyna Matkiewicz \u2013 kierownik \u015bwietlicy<\/li><li>Waldemar Muracki \u2013 nauczyciel w-fu<\/li><li>Ewa Napi\u00f3rkowska \u2013 nauczyciel nauczania pocz\u0105tkowego<\/li><li>Barbara Omelan \u2013 nauczyciel nauczania pocz\u0105tkowego<\/li><li>Irena Opacka-Morus \u2013 nauczyciel nauczania pocz\u0105tkowego<\/li><li>Danuta Owczarczyk \u2013 nauczyciel nauczania pocz\u0105tkoweg<\/li><li>Bronis\u0142awa Pasternak \u2013 nauczyciel techniki<\/li><li>Gra\u017cyna Piernicka \u2013 nauczyciel techniki<\/li><li>Alina Przyst\u0119pska \u2013 nauczyciel j\u0119zyka polskiego<\/li><li>Joanna Staszak \u2013 nauczyciel nauczania pocz\u0105tkowego<\/li><li>\u0141ucja Smolarek \u2013 nauczyciel chemii<\/li><li>Edward Suczy\u0144ski \u2013 nauczyciel matematyki<\/li><li>Eugeniusz Tomczak \u2013 nauczyciel historii<\/li><li>Stanis\u0142aw T\u0142ustochowicz \u2013 nauczyciel PO i matematyki w klasach wyr\u00f3wnawczych<\/li><li>Piotr Wi\u015bniewski \u2013 nauczyciel geografii<\/li><li>Jolanta Wojcieszek \u2013 nauczyciel nauczania pocz\u0105tkowego<\/li><li>El\u017cbieta Woroniecka \u2013 nauczycielka nauczania pocz\u0105tkowego<\/li><li>Romuald Wo\u017anicki \u2013 nauczyciel techniki (ch\u0142opcy)<\/li><li>Marta Zachorowska \u2013 nauczyciel plastyki<\/li><li>Wanda Borkowska \u2013 nauczyciel bibliotekarz<\/li><\/ul><div>\u00a0<\/div><p><strong>POZOSTALI PRACOWNICY SZKO\u0141Y:<\/strong><\/p><ul><li>Renata Drobi\u0144ska \u2013 Sekretarka szko\u0142y<\/li><\/ul><div>\u00a0<\/div><p><strong>OBS\u0141UGA:<\/strong><\/p><ul><li>Bo\u017cena Bardelska \u2013 intendentka w \u015bwietlicy szkolnej<\/li><li>Gizela Sieradzka \u2013 g\u0142\u00f3wna sprz\u0105taczka<\/li><li>Krystyna Szuba \u2013 sprz\u0105taczka<\/li><li>Jadwiga Bojanowska \u2013 sprz\u0105taczka<\/li><li>Teresa Wi\u015bniewska \u2013 sprz\u0105taczka<\/li><li>J\u00f3zefa Zalewska \u2013 sprz\u0105taczka<\/li><li>Ewa Polanowska \u2013 sprz\u0105taczka<\/li><\/ul><div>\u00a0<\/div><p><strong>KUCHNIA<\/strong><\/p><ul><li>Joanna B\u0105czkowska \u2013 kucharka<\/li><li>Jadwiga Klemi\u0144ska \u2013 kucharka<\/li><li>Anna Grabowska \u2013 kucharka<\/li><li>Aleksandra Urbanowicz \u2013 kucharka<\/li><li>Jadwiga Roszczynia\u0142a \u2013 szefowa kuchni<\/li><li>Danuta Sztyrbicka \u2013 kucharka<\/li><li>Danuta D\u0105browska \u2013 kucharka<\/li><\/ul>\t\t\t\t\t\t\t\t<\/div>\n\t\t\t\t<\/div>\n\t\t\t\t<div class=\"elementor-element elementor-element-e084576 elementor-widget elementor-widget-heading\" data-id=\"e084576\" data-element_type=\"widget\" data-e-type=\"widget\" data-widget_type=\"heading.default\">\n\t\t\t\t<div class=\"elementor-widget-container\">\n\t\t\t\t\t<h2 class=\"elementor-heading-title elementor-size-default\">Pierwsze posiedzenie Rady Pedagogicznej:<\/h2>\t\t\t\t<\/div>\n\t\t\t\t<\/div>\n\t\t\t\t<div class=\"elementor-element elementor-element-f5b80e5 elementor-widget elementor-widget-text-editor\" data-id=\"f5b80e5\" data-element_type=\"widget\" data-e-type=\"widget\" data-widget_type=\"text-editor.default\">\n\t\t\t\t<div class=\"elementor-widget-container\">\n\t\t\t\t\t\t\t\t\t<p>Pierwsze posiedzenie rady pedagogicznej odby\u0142o si\u0119 19 wrze\u015bnia 1983 roku. Uchwalono na nim, \u017ce w sk\u0142ad zespo\u0142u kierowniczego szko\u0142y wchodzi\u0107 b\u0119d\u0105 dyrektor, wicedyrektor, pedagog szkolny, przedstawiciel rady pedagogicznej, przedstawiciel Zwi\u0105zku Nauczycielstwa Polskiego, podstawowej organizacji partyjnej PZPR i Zwi\u0105zku Harcerstwa Polskiego.<\/p><p>Powo\u0142ano tak\u017ce zesp\u00f3l wychowawczy w sk\u0142adzie: zesp\u00f3\u0142 kierowniczy, opiekun Samorz\u0105du Uczniowskiego, Przedstawiciel Zak\u0142ad\u00f3w Ceulozowo- Papierniczych i jednostki wojskowej. Sytuacja kadrowa jeszcze w pierwszych miesi\u0105cach istnienia plac\u00f3wki by\u0142a do\u015b\u0107 p\u0142ynna. Zatrudnionych by\u0142o dziewi\u0119ciu m\u0119\u017cczyzn i trzydzie\u015bci dwie kobiety. W\u015br\u00f3d nich pi\u0119tnastu nauczycieli posiada\u0142o wykszta\u0142cenie wy\u017csze magisterskie, a jedenastu by\u0142o absolwentami Studium Nauczycielskiego.<\/p>\t\t\t\t\t\t\t\t<\/div>\n\t\t\t\t<\/div>\n\t\t\t\t<div class=\"elementor-element elementor-element-7e592d9 elementor-widget elementor-widget-heading\" data-id=\"7e592d9\" data-element_type=\"widget\" data-e-type=\"widget\" data-widget_type=\"heading.default\">\n\t\t\t\t<div class=\"elementor-widget-container\">\n\t\t\t\t\t<h2 class=\"elementor-heading-title elementor-size-default\">KO\u0141A ZAINTERESOWA\u0143<\/h2>\t\t\t\t<\/div>\n\t\t\t\t<\/div>\n\t\t\t\t<div class=\"elementor-element elementor-element-d78efe4 elementor-widget elementor-widget-text-editor\" data-id=\"d78efe4\" data-element_type=\"widget\" data-e-type=\"widget\" data-widget_type=\"text-editor.default\">\n\t\t\t\t<div class=\"elementor-widget-container\">\n\t\t\t\t\t\t\t\t\t<p>Pierwszy rok szkolny 1983\/84 otworzy\u0142 6 k\u00f3\u0142 zainteresowa\u0144:<\/p><ul><li>recytatorskie,<\/li><li>fotograficzne,<\/li><li>modelarskie,<\/li><li>kroju i szycia,<\/li><li>zesp\u00f3\u0142 taneczno-wokalny<\/li><li>zesp\u00f3\u0142 flet\u00f3w prostych.<\/li><\/ul>\t\t\t\t\t\t\t\t<\/div>\n\t\t\t\t<\/div>\n\t\t\t\t\t<\/div>\n\t\t\t\t<\/div>\n\t\t\t\t<\/div>\n\t\t","protected":false},"excerpt":{"rendered":"<p>historia szko\u0142y W latach 1983-1999 Szko\u0142a Podstawowa nr 8 W latach 1999 \u2013 2002 \u2013 Zesp\u00f3\u0142 Szk\u00f3\u0142 nr 3, w sk\u0142ad kt\u00f3rego wchodzi\u0142a Szko\u0142a Podstawowa nr 8 i Gimnazjum nr 3 Od roku 1999 \u2013 Gimnazjum \u00a0nr 3, a od roku 2013 Gimnazjum nr 3 im. Znaku Rod\u0142a Od roku szkolnego 2016\/17 Szko\u0142a Podstawowa nr 5 im. Zjednoczonej Europy mie\u015bci si\u0119 w dw\u00f3ch budynkach: przy ul. Kamiennej 18 przy ul. Hallera 4 jak powstawa\u0142 budynek 1975 \u2013 uko\u0144czenie dokumentacji technicznej dotycz\u0105cej budowy szko\u0142y. 1976- planowane rozpocz\u0119cie budowy (niewywi\u0105zanie si\u0119 z obowi\u0105zku elbl\u0105skiego kombinatu budowlanego zako\u0144czone przesuni\u0119ciem terminu). 29 maja 1978 \u2013 informacja z kuratorium o\u015bwiaty i wychowania do Edwarda Suczy\u0144skiego o podj\u0119ciu ostatecznych decyzji w zakresie zmian projektu szko\u0142y (powi\u0119kszenie powierzchni sali gimnastycznej). 16 listopada 1978 \u2013 w li\u015bcie wojewody elbl\u0105skiego pojawia si\u0119 wci\u0105\u017c ten sam termin oddania szko\u0142y do u\u017cytku \u2013 sierpie\u0144 1980 r. 26 lutego 1979 \u2013 wicepremier K. Sycomski przebywaj\u0105cy w Kwidzynie podj\u0105\u0142 decyzj\u0119 o przyznaniu bud\u017cetu w wysoko\u015bci 4 mln z\u0142 (deklaracja by\u0142a jednak nierealna). 28 stycznia 1980 \u2013 wicewojewoda A. Ziemkiewicz w wys\u0142anym pi\u015bmie do Edwarda Sucz\u0144skiego stwierdza, \u017ce rozpocz\u0119to prace melioracyjne na terenie budowy, okre\u015bla nowy termin jej zako\u0144czenia \u2013 II kwarta\u0142 1982. Luty 1980 \u2013 zmiana wykonawcy rob\u00f3t budowlanych na Elbl\u0105skie Przedsi\u0119biorstwo Budownictwa Przemys\u0142owego, kt\u00f3re zadeklarowa\u0142o rozpocz\u0119cie budowy na marzec 1980 r. 15 pa\u017adziernika 1980 \u2013 E. Suczy\u0144ski wys\u0142a\u0142 list do wojewody I. Lorbickiego o braku post\u0119p\u00f3w na miejscu budowy. Odpowied\u017a wojewody wyjawi\u0142a natomiast, \u017ce za ten stan rzeczy odpowiedzialne jest EPBP, kt\u00f3re od 4 kwietnia przej\u0119\u0142o dokumentacj\u0119, a 3 czerwca plac budowy. Pa\u017adziernik 1980 \u2013 marzec 1981- zamieszczenie baraku dla za\u0142ogi i wiaty na narz\u0119dzia 15 czerwca 1982 \u2013 narada urz\u0119du miejskiego w Kwidzynie, stwierdzaj\u0105ca niezadawalaj\u0105cy post\u0119p rob\u00f3t budowlanych. Podj\u0119cie tak\u017ce decyzji dotycz\u0105cych wyposa\u017cenia i urz\u0105dzenia szko\u0142y. 30 pa\u017adziernika 1982 \u2013 posuni\u0119cie w budowie pozwoli\u0142o na z\u0142o\u017cenie odpowiednich zam\u00f3wie\u0144 do wyposa\u017cenia szko\u0142y. 28 stycznia 1983- o\u015bwiadczenie in\u017c. M. O\u017cubko, \u017ce budynek zostanie przekazany do u\u017cytku najp\u00f3\u017cniej 22 lipca 83.\u00a0Budowa szko\u0142y osi\u0105gn\u0119\u0142a stan surowy. 1 kwietnia 1983 \u2013 powo\u0142anie dyrektora nowej szko\u0142y \u2013 Janusza Walora. Opracowanie rejonu szko\u0142y. 20 czerwca 1983- o\u015bwiadczenie Wydzia\u0142u O\u015bwiaty I Wych. o oficjalnym rozpocz\u0119ciu roku szkolnego w nowym budynku szkolnym. 1 wrze\u015bnia 1983- uroczysto\u015b\u0107 rozpocz\u0119cia roku szkolnego 83\/84 w nowo wybudowanej szkole. RADA PEDAGOGICZNA ROK SZKOLNY \u2013 1983\/84 DYREKCJA: JANUSZ WALOR\u2013 dyrektor, nauczyciel wychowania fizycznego JANINA GORCZYCA (BEBYN)\u00a0\u2013 zast\u0119pca \u00a0dyrektora, nauczycielka matematyki CZES\u0141AW HRYB\u00a0\u2013 zast\u0119pca dyrektora, nauczyciel wychowania fizycznego \u00a0 POZOSTA\u0141I CZ\u0141ONKOWIE RADY PEDAGOGICZNEJ: Anna Adamczyk \u2013 I pedagog szkolny Barbara Adamiak \u2013 nauczyciel nauczania pocz\u0105tkowego Roman Bera \u2013 nauczyciel fizyki Anna Domaradzka \u2013 nauczyciel nauczania pocz\u0105tkowego Ewa Denega \u2013 nauczyciel j\u0119zyka rosyjskiego Dorota Duli\u0144ska \u2013 nauczyciel chemii Ewa Felczak \u2013 nauczyciel historii Zdzis\u0142aw Hajdukiewicz \u2013 nauczyciel w-fu Andrzej Hajdukiewicz \u2013 nauczyciel w-fu El\u017cbieta Janowicz -wychowawczyni \u015bwietlicy, nauczycielka biologii i geografii El\u017cbieta Jaroch \u2013 nauczyciel nauczania pocz\u0105tkowego Barbara K\u0105pi\u0144ska \u2013 nauczyciel j\u0119zyka polskiego Zofia Koroci\u0144ska \u2013 wychowawczyni \u015bwietlicy, nauczyciel techniki Waldemar Kustosz \u2013 nauczyciel biologii El\u017cbieta Margulewicz \u2013 nauczyciel j\u0119zyka polskiego Wojciech Margulewicz \u2013 \u00a0nauczyciel w-fu Lucyna Matkiewicz \u2013 kierownik \u015bwietlicy Waldemar Muracki \u2013 nauczyciel w-fu Ewa Napi\u00f3rkowska \u2013 nauczyciel nauczania pocz\u0105tkowego Barbara Omelan \u2013 nauczyciel nauczania pocz\u0105tkowego Irena Opacka-Morus \u2013 nauczyciel nauczania pocz\u0105tkowego Danuta Owczarczyk \u2013 nauczyciel nauczania pocz\u0105tkoweg Bronis\u0142awa Pasternak \u2013 nauczyciel techniki Gra\u017cyna Piernicka \u2013 nauczyciel techniki Alina Przyst\u0119pska \u2013 nauczyciel j\u0119zyka polskiego Joanna Staszak \u2013 nauczyciel nauczania pocz\u0105tkowego \u0141ucja Smolarek \u2013 nauczyciel chemii Edward Suczy\u0144ski \u2013 nauczyciel matematyki Eugeniusz Tomczak \u2013 nauczyciel historii Stanis\u0142aw T\u0142ustochowicz \u2013 nauczyciel PO i matematyki w klasach wyr\u00f3wnawczych Piotr Wi\u015bniewski \u2013 nauczyciel geografii Jolanta Wojcieszek \u2013 nauczyciel nauczania pocz\u0105tkowego El\u017cbieta Woroniecka \u2013 nauczycielka nauczania pocz\u0105tkowego Romuald Wo\u017anicki \u2013 nauczyciel techniki (ch\u0142opcy) Marta Zachorowska \u2013 nauczyciel plastyki Wanda Borkowska \u2013 nauczyciel bibliotekarz \u00a0 POZOSTALI PRACOWNICY SZKO\u0141Y: Renata Drobi\u0144ska \u2013 Sekretarka szko\u0142y \u00a0 OBS\u0141UGA: Bo\u017cena Bardelska \u2013 intendentka w \u015bwietlicy szkolnej Gizela Sieradzka \u2013 g\u0142\u00f3wna sprz\u0105taczka Krystyna Szuba \u2013 sprz\u0105taczka Jadwiga Bojanowska \u2013 sprz\u0105taczka Teresa Wi\u015bniewska \u2013 sprz\u0105taczka J\u00f3zefa Zalewska \u2013 sprz\u0105taczka Ewa Polanowska \u2013 sprz\u0105taczka \u00a0 KUCHNIA Joanna B\u0105czkowska \u2013 kucharka Jadwiga Klemi\u0144ska \u2013 kucharka Anna Grabowska \u2013 kucharka Aleksandra Urbanowicz \u2013 kucharka Jadwiga Roszczynia\u0142a \u2013 szefowa kuchni Danuta Sztyrbicka \u2013 kucharka Danuta D\u0105browska \u2013 kucharka Pierwsze posiedzenie Rady Pedagogicznej: Pierwsze posiedzenie rady pedagogicznej odby\u0142o si\u0119 19 wrze\u015bnia 1983 roku. Uchwalono na nim, \u017ce w sk\u0142ad zespo\u0142u kierowniczego szko\u0142y wchodzi\u0107 b\u0119d\u0105 dyrektor, wicedyrektor, pedagog szkolny, przedstawiciel rady pedagogicznej, przedstawiciel Zwi\u0105zku Nauczycielstwa Polskiego, podstawowej organizacji partyjnej PZPR i Zwi\u0105zku Harcerstwa Polskiego. Powo\u0142ano tak\u017ce zesp\u00f3l wychowawczy w sk\u0142adzie: zesp\u00f3\u0142 kierowniczy, opiekun Samorz\u0105du Uczniowskiego, Przedstawiciel Zak\u0142ad\u00f3w Ceulozowo- Papierniczych i jednostki wojskowej. Sytuacja kadrowa jeszcze w pierwszych miesi\u0105cach istnienia plac\u00f3wki by\u0142a do\u015b\u0107 p\u0142ynna. Zatrudnionych by\u0142o dziewi\u0119ciu m\u0119\u017cczyzn i trzydzie\u015bci dwie kobiety. W\u015br\u00f3d nich pi\u0119tnastu nauczycieli posiada\u0142o wykszta\u0142cenie wy\u017csze magisterskie, a jedenastu by\u0142o absolwentami Studium Nauczycielskiego. KO\u0141A ZAINTERESOWA\u0143 Pierwszy rok szkolny 1983\/84 otworzy\u0142 6 k\u00f3\u0142 zainteresowa\u0144: recytatorskie, fotograficzne, modelarskie, kroju i szycia, zesp\u00f3\u0142 taneczno-wokalny zesp\u00f3\u0142 flet\u00f3w prostych.<\/p>\n","protected":false},"author":1,"featured_media":0,"parent":0,"menu_order":0,"comment_status":"closed","ping_status":"closed","template":"","meta":{"footnotes":""},"class_list":["post-1288","page","type-page","status-publish","hentry"],"acf":[],"_links":{"self":[{"href":"https:\/\/sp5.kwidzyn.pl\/index.php?rest_route=\/wp\/v2\/pages\/1288","targetHints":{"allow":["GET"]}}],"collection":[{"href":"https:\/\/sp5.kwidzyn.pl\/index.php?rest_route=\/wp\/v2\/pages"}],"about":[{"href":"https:\/\/sp5.kwidzyn.pl\/index.php?rest_route=\/wp\/v2\/types\/page"}],"author":[{"embeddable":true,"href":"https:\/\/sp5.kwidzyn.pl\/index.php?rest_route=\/wp\/v2\/users\/1"}],"replies":[{"embeddable":true,"href":"https:\/\/sp5.kwidzyn.pl\/index.php?rest_route=%2Fwp%2Fv2%2Fcomments&post=1288"}],"version-history":[{"count":16,"href":"https:\/\/sp5.kwidzyn.pl\/index.php?rest_route=\/wp\/v2\/pages\/1288\/revisions"}],"predecessor-version":[{"id":2543,"href":"https:\/\/sp5.kwidzyn.pl\/index.php?rest_route=\/wp\/v2\/pages\/1288\/revisions\/2543"}],"wp:attachment":[{"href":"https:\/\/sp5.kwidzyn.pl\/index.php?rest_route=%2Fwp%2Fv2%2Fmedia&parent=1288"}],"curies":[{"name":"wp","href":"https:\/\/api.w.org\/{rel}","templated":true}]}}