{"id":1073,"date":"2023-09-21T13:58:59","date_gmt":"2023-09-21T11:58:59","guid":{"rendered":"http:\/\/sp52.betulait.pl\/?page_id=1073"},"modified":"2023-11-29T13:29:46","modified_gmt":"2023-11-29T12:29:46","slug":"zajecia-programowe","status":"publish","type":"page","link":"https:\/\/sp5.kwidzyn.pl\/?page_id=1073","title":{"rendered":"Zaj\u0119cia programowe"},"content":{"rendered":"\t\t<div data-elementor-type=\"wp-page\" data-elementor-id=\"1073\" class=\"elementor elementor-1073\" data-elementor-post-type=\"page\">\n\t\t\t\t<div class=\"elementor-element elementor-element-5a0a3991 e-con-full e-flex wpr-particle-no wpr-jarallax-no wpr-parallax-no wpr-sticky-section-no e-con e-parent\" data-id=\"5a0a3991\" data-element_type=\"container\" data-e-type=\"container\" data-settings=\"{&quot;background_background&quot;:&quot;classic&quot;}\">\n\t\t\t\t<div class=\"elementor-element elementor-element-6d7f9eff elementor-widget elementor-widget-html\" data-id=\"6d7f9eff\" data-element_type=\"widget\" data-e-type=\"widget\" data-widget_type=\"html.default\">\n\t\t\t\t<div class=\"elementor-widget-container\">\n\t\t\t\t\t<nav aria-label=\"breadcrumbs\" class=\"rank-math-breadcrumb\"><p><span class=\"last\">Strona g\u0142\u00f3wna<\/span><\/p><\/nav>\t\t\t\t<\/div>\n\t\t\t\t<\/div>\n\t\t\t\t<\/div>\n\t\t<div class=\"elementor-element elementor-element-2b8925a3 e-flex e-con-boxed wpr-particle-no wpr-jarallax-no wpr-parallax-no wpr-sticky-section-no e-con e-parent\" data-id=\"2b8925a3\" data-element_type=\"container\" data-e-type=\"container\">\n\t\t\t\t\t<div class=\"e-con-inner\">\n\t\t\t\t<div class=\"elementor-element elementor-element-526e9c5e elementor-widget-divider--view-line elementor-widget elementor-widget-divider\" data-id=\"526e9c5e\" data-element_type=\"widget\" data-e-type=\"widget\" data-widget_type=\"divider.default\">\n\t\t\t\t<div class=\"elementor-widget-container\">\n\t\t\t\t\t\t\t<div class=\"elementor-divider\">\n\t\t\t<span class=\"elementor-divider-separator\">\n\t\t\t\t\t\t<\/span>\n\t\t<\/div>\n\t\t\t\t\t\t<\/div>\n\t\t\t\t<\/div>\n\t\t\t\t\t<\/div>\n\t\t\t\t<\/div>\n\t\t<div class=\"elementor-element elementor-element-478a28b e-flex e-con-boxed wpr-particle-no wpr-jarallax-no wpr-parallax-no wpr-sticky-section-no e-con e-parent\" data-id=\"478a28b\" data-element_type=\"container\" data-e-type=\"container\">\n\t\t\t\t\t<div class=\"e-con-inner\">\n\t\t<div class=\"elementor-element elementor-element-7b1ad06 e-con-full e-flex wpr-particle-no wpr-jarallax-no wpr-parallax-no wpr-sticky-section-no e-con e-child\" data-id=\"7b1ad06\" data-element_type=\"container\" data-e-type=\"container\">\n\t\t\t\t<div class=\"elementor-element elementor-element-77aada9 elementor-widget elementor-widget-heading\" data-id=\"77aada9\" data-element_type=\"widget\" data-e-type=\"widget\" data-widget_type=\"heading.default\">\n\t\t\t\t<div class=\"elementor-widget-container\">\n\t\t\t\t\t<h2 class=\"elementor-heading-title elementor-size-default\">Dzie\u0144 na Opak czyli powitanie wiosny<\/h2>\t\t\t\t<\/div>\n\t\t\t\t<\/div>\n\t\t\t\t<div class=\"elementor-element elementor-element-0b34c9b elementor-widget elementor-widget-text-editor\" data-id=\"0b34c9b\" data-element_type=\"widget\" data-e-type=\"widget\" data-widget_type=\"text-editor.default\">\n\t\t\t\t<div class=\"elementor-widget-container\">\n\t\t\t\t\t\t\t\t\t<p><strong>19 marca\u00a0<\/strong>odby\u0142 si\u0119 w Pi\u0105tce Szkolny Dzie\u0144 na Opak czyli Powitanie Wiosny na weso\u0142o. Przebra\u0142y si\u0119 dzieci oraz panie. By\u0142o \u201cinaczej\u201d ni\u017c zwykle i bardzo weso\u0142o. Mamy zdj\u0119cia uczni\u00f3w tych klas, kt\u00f3re jeszcze dzisiaj mia\u0142y lekcje stacjonarne w klasach. Na pomys\u0142y \u201cna opak\u201d uczni\u00f3w z pozosta\u0142ych klas, tych \u201czdalnych\u201d czekamy do wtorku 23 marca. Oni r\u00f3wnie\u017c si\u0119 przebior\u0105, poprosz\u0105 rodzic\u00f3w o zrobienie zdj\u0119cia i je nam prze\u015bl\u0105. Dzi\u0119kujemy za humor i zabaw\u0119. Na przek\u00f3r pogodzie!<br \/>Organizatork\u0105 wiosennego zamieszania by\u0142a pani Ma\u0142gorzata Cymuta przy wsparciu p.Jolanty Jastrz\u0119bskiej i wychowawc\u00f3w.<\/p>\t\t\t\t\t\t\t\t<\/div>\n\t\t\t\t<\/div>\n\t\t\t\t<\/div>\n\t\t<div class=\"elementor-element elementor-element-292510d e-con-full e-flex wpr-particle-no wpr-jarallax-no wpr-parallax-no wpr-sticky-section-no e-con e-child\" data-id=\"292510d\" data-element_type=\"container\" data-e-type=\"container\" data-settings=\"{&quot;background_background&quot;:&quot;classic&quot;}\">\n\t\t\t\t<div class=\"elementor-element elementor-element-d5906b7 elementor-widget elementor-widget-image\" data-id=\"d5906b7\" data-element_type=\"widget\" data-e-type=\"widget\" data-widget_type=\"image.default\">\n\t\t\t\t<div class=\"elementor-widget-container\">\n\t\t\t\t\t\t\t\t\t\t\t\t\t\t\t<img fetchpriority=\"high\" decoding=\"async\" width=\"408\" height=\"230\" src=\"https:\/\/sp5.kwidzyn.pl\/wp-content\/uploads\/2023\/09\/G_naopak019.jpg\" class=\"attachment-large size-large wp-image-1075\" alt=\"\" srcset=\"https:\/\/sp5.kwidzyn.pl\/wp-content\/uploads\/2023\/09\/G_naopak019.jpg 408w, https:\/\/sp5.kwidzyn.pl\/wp-content\/uploads\/2023\/09\/G_naopak019-300x169.jpg 300w\" sizes=\"(max-width: 408px) 100vw, 408px\" \/>\t\t\t\t\t\t\t\t\t\t\t\t\t\t\t<\/div>\n\t\t\t\t<\/div>\n\t\t\t\t<\/div>\n\t\t\t\t\t<\/div>\n\t\t\t\t<\/div>\n\t\t<div class=\"elementor-element elementor-element-7d1bc43 e-flex e-con-boxed wpr-particle-no wpr-jarallax-no wpr-parallax-no wpr-sticky-section-no e-con e-parent\" data-id=\"7d1bc43\" data-element_type=\"container\" data-e-type=\"container\">\n\t\t\t\t\t<div class=\"e-con-inner\">\n\t\t<div class=\"elementor-element elementor-element-3b23fdf e-con-full e-flex wpr-particle-no wpr-jarallax-no wpr-parallax-no wpr-sticky-section-no e-con e-child\" data-id=\"3b23fdf\" data-element_type=\"container\" data-e-type=\"container\">\n\t\t\t\t<div class=\"elementor-element elementor-element-c81ed28 elementor-widget elementor-widget-heading\" data-id=\"c81ed28\" data-element_type=\"widget\" data-e-type=\"widget\" data-widget_type=\"heading.default\">\n\t\t\t\t<div class=\"elementor-widget-container\">\n\t\t\t\t\t<h2 class=\"elementor-heading-title elementor-size-default\">Pomponiki na Dzie\u0144 Kobiet<\/h2>\t\t\t\t<\/div>\n\t\t\t\t<\/div>\n\t\t\t\t<div class=\"elementor-element elementor-element-c880ef1 elementor-widget elementor-widget-text-editor\" data-id=\"c880ef1\" data-element_type=\"widget\" data-e-type=\"widget\" data-widget_type=\"text-editor.default\">\n\t\t\t\t<div class=\"elementor-widget-container\">\n\t\t\t\t\t\t\t\t\t<p>W poniedzia\u0142ek<strong>\u00a08 marca<\/strong>\u00a0\u201cDolina Rado\u015bci\u201d zrobi\u0142a si\u0119 kolorowa za spraw\u0105 warsztat\u00f3w pomponikowych z okazji Dnia Kobiet. Na pocz\u0105tek by\u0142y \u017cyczenia i s\u0142odycze dla dziewczynek, a potem zacz\u0119\u0142a si\u0119 zabawa z kolorow\u0105 we\u0142n\u0105. Ch\u0142opcom te\u017c spodoba\u0142y si\u0119 pomponiki i do\u0142\u0105czyli do pracy we wtorkowe popo\u0142udnie. Dzi\u0119kujemy rodzicom za materia\u0142 do rob\u00f3tek r\u0119cznych.<br \/>info.M.Cymuta<\/p>\t\t\t\t\t\t\t\t<\/div>\n\t\t\t\t<\/div>\n\t\t\t\t<\/div>\n\t\t<div class=\"elementor-element elementor-element-af73775 e-con-full e-flex wpr-particle-no wpr-jarallax-no wpr-parallax-no wpr-sticky-section-no e-con e-child\" data-id=\"af73775\" data-element_type=\"container\" data-e-type=\"container\" data-settings=\"{&quot;background_background&quot;:&quot;classic&quot;}\">\n\t\t\t\t<div class=\"elementor-element elementor-element-4c8d7c5 elementor-widget elementor-widget-image\" data-id=\"4c8d7c5\" data-element_type=\"widget\" data-e-type=\"widget\" data-widget_type=\"image.default\">\n\t\t\t\t<div class=\"elementor-widget-container\">\n\t\t\t\t\t\t\t\t\t\t\t\t\t\t\t<img decoding=\"async\" width=\"300\" height=\"169\" src=\"https:\/\/sp5.kwidzyn.pl\/wp-content\/uploads\/2023\/09\/pomps1-300x169-1.jpg\" class=\"attachment-large size-large wp-image-1076\" alt=\"\" \/>\t\t\t\t\t\t\t\t\t\t\t\t\t\t\t<\/div>\n\t\t\t\t<\/div>\n\t\t\t\t<\/div>\n\t\t\t\t\t<\/div>\n\t\t\t\t<\/div>\n\t\t<div class=\"elementor-element elementor-element-2005114 e-flex e-con-boxed wpr-particle-no wpr-jarallax-no wpr-parallax-no wpr-sticky-section-no e-con e-parent\" data-id=\"2005114\" data-element_type=\"container\" data-e-type=\"container\">\n\t\t\t\t\t<div class=\"e-con-inner\">\n\t\t<div class=\"elementor-element elementor-element-a18d5ea e-con-full e-flex wpr-particle-no wpr-jarallax-no wpr-parallax-no wpr-sticky-section-no e-con e-child\" data-id=\"a18d5ea\" data-element_type=\"container\" data-e-type=\"container\">\n\t\t\t\t<div class=\"elementor-element elementor-element-05857d0 elementor-widget elementor-widget-heading\" data-id=\"05857d0\" data-element_type=\"widget\" data-e-type=\"widget\" data-widget_type=\"heading.default\">\n\t\t\t\t<div class=\"elementor-widget-container\">\n\t\t\t\t\t<h2 class=\"elementor-heading-title elementor-size-default\">8 marca i U\u015bmieszki<\/h2>\t\t\t\t<\/div>\n\t\t\t\t<\/div>\n\t\t\t\t<div class=\"elementor-element elementor-element-5bfb21f elementor-widget elementor-widget-text-editor\" data-id=\"5bfb21f\" data-element_type=\"widget\" data-e-type=\"widget\" data-widget_type=\"text-editor.default\">\n\t\t\t\t<div class=\"elementor-widget-container\">\n\t\t\t\t\t\t\t\t\t<p>Dzie\u0144 Kobiet w krainie U\u015bmieszk\u00f3w w szkolnej \u015bwietlicy. Panowie przygotowali paniom mile niespodzianki. I za\u015bpiewali pi\u0119knie 100 lat!<br \/>info.J.Jastrz\u0119bska<\/p>\t\t\t\t\t\t\t\t<\/div>\n\t\t\t\t<\/div>\n\t\t\t\t<\/div>\n\t\t<div class=\"elementor-element elementor-element-4608823 e-con-full e-flex wpr-particle-no wpr-jarallax-no wpr-parallax-no wpr-sticky-section-no e-con e-child\" data-id=\"4608823\" data-element_type=\"container\" data-e-type=\"container\" data-settings=\"{&quot;background_background&quot;:&quot;classic&quot;}\">\n\t\t\t\t<div class=\"elementor-element elementor-element-9c11d50 elementor-widget elementor-widget-image\" data-id=\"9c11d50\" data-element_type=\"widget\" data-e-type=\"widget\" data-widget_type=\"image.default\">\n\t\t\t\t<div class=\"elementor-widget-container\">\n\t\t\t\t\t\t\t\t\t\t\t\t\t\t\t<img decoding=\"async\" width=\"480\" height=\"360\" src=\"https:\/\/sp5.kwidzyn.pl\/wp-content\/uploads\/2023\/09\/dzk_8.03.jpg\" class=\"attachment-large size-large wp-image-1077\" alt=\"\" srcset=\"https:\/\/sp5.kwidzyn.pl\/wp-content\/uploads\/2023\/09\/dzk_8.03.jpg 480w, https:\/\/sp5.kwidzyn.pl\/wp-content\/uploads\/2023\/09\/dzk_8.03-300x225.jpg 300w\" sizes=\"(max-width: 480px) 100vw, 480px\" \/>\t\t\t\t\t\t\t\t\t\t\t\t\t\t\t<\/div>\n\t\t\t\t<\/div>\n\t\t\t\t<\/div>\n\t\t\t\t\t<\/div>\n\t\t\t\t<\/div>\n\t\t<div class=\"elementor-element elementor-element-828aed2 e-flex e-con-boxed wpr-particle-no wpr-jarallax-no wpr-parallax-no wpr-sticky-section-no e-con e-parent\" data-id=\"828aed2\" data-element_type=\"container\" data-e-type=\"container\">\n\t\t\t\t\t<div class=\"e-con-inner\">\n\t\t<div class=\"elementor-element elementor-element-3d6b0e8 e-con-full e-flex wpr-particle-no wpr-jarallax-no wpr-parallax-no wpr-sticky-section-no e-con e-child\" data-id=\"3d6b0e8\" data-element_type=\"container\" data-e-type=\"container\">\n\t\t\t\t<div class=\"elementor-element elementor-element-e336f0b elementor-widget elementor-widget-heading\" data-id=\"e336f0b\" data-element_type=\"widget\" data-e-type=\"widget\" data-widget_type=\"heading.default\">\n\t\t\t\t<div class=\"elementor-widget-container\">\n\t\t\t\t\t<h2 class=\"elementor-heading-title elementor-size-default\">Nasza szko\u0142a w zimowej szacie<\/h2>\t\t\t\t<\/div>\n\t\t\t\t<\/div>\n\t\t\t\t<div class=\"elementor-element elementor-element-e1e4b87 elementor-widget elementor-widget-text-editor\" data-id=\"e1e4b87\" data-element_type=\"widget\" data-e-type=\"widget\" data-widget_type=\"text-editor.default\">\n\t\t\t\t<div class=\"elementor-widget-container\">\n\t\t\t\t\t\t\t\t\t<p>Lubimy malowa\u0107.\u00a0<strong>4 lutego<\/strong>\u00a0w grupie U\u015bmieszk\u00f3w temat :\u201dNasza szko\u0142a w zimowej szacie\u201d. Przed malowaniem zwiad wok\u00f3\u0142 szko\u0142y. Ale napada\u0142o! Jak bia\u0142o!<br \/>fot.i info. J.Jastrz\u0119bska<\/p>\t\t\t\t\t\t\t\t<\/div>\n\t\t\t\t<\/div>\n\t\t\t\t<\/div>\n\t\t<div class=\"elementor-element elementor-element-674b1ec e-con-full e-flex wpr-particle-no wpr-jarallax-no wpr-parallax-no wpr-sticky-section-no e-con e-child\" data-id=\"674b1ec\" data-element_type=\"container\" data-e-type=\"container\" data-settings=\"{&quot;background_background&quot;:&quot;classic&quot;}\">\n\t\t\t\t<div class=\"elementor-element elementor-element-dd1ec6b elementor-widget elementor-widget-image\" data-id=\"dd1ec6b\" data-element_type=\"widget\" data-e-type=\"widget\" data-widget_type=\"image.default\">\n\t\t\t\t<div class=\"elementor-widget-container\">\n\t\t\t\t\t\t\t\t\t\t\t\t\t\t\t<img loading=\"lazy\" decoding=\"async\" width=\"480\" height=\"228\" src=\"https:\/\/sp5.kwidzyn.pl\/wp-content\/uploads\/2023\/09\/r11.jpg\" class=\"attachment-large size-large wp-image-1078\" alt=\"\" srcset=\"https:\/\/sp5.kwidzyn.pl\/wp-content\/uploads\/2023\/09\/r11.jpg 480w, https:\/\/sp5.kwidzyn.pl\/wp-content\/uploads\/2023\/09\/r11-300x143.jpg 300w\" sizes=\"(max-width: 480px) 100vw, 480px\" \/>\t\t\t\t\t\t\t\t\t\t\t\t\t\t\t<\/div>\n\t\t\t\t<\/div>\n\t\t\t\t<\/div>\n\t\t\t\t\t<\/div>\n\t\t\t\t<\/div>\n\t\t<div class=\"elementor-element elementor-element-b63e3ed e-flex e-con-boxed wpr-particle-no wpr-jarallax-no wpr-parallax-no wpr-sticky-section-no e-con e-parent\" data-id=\"b63e3ed\" data-element_type=\"container\" data-e-type=\"container\">\n\t\t\t\t\t<div class=\"e-con-inner\">\n\t\t\t\t<div class=\"elementor-element elementor-element-97a8811 elementor-widget elementor-widget-heading\" data-id=\"97a8811\" data-element_type=\"widget\" data-e-type=\"widget\" data-widget_type=\"heading.default\">\n\t\t\t\t<div class=\"elementor-widget-container\">\n\t\t\t\t\t<h2 class=\"elementor-heading-title elementor-size-default\">Zaj\u0119cia programowe<\/h2>\t\t\t\t<\/div>\n\t\t\t\t<\/div>\n\t\t\t\t<div class=\"elementor-element elementor-element-a101869 elementor-widget elementor-widget-text-editor\" data-id=\"a101869\" data-element_type=\"widget\" data-e-type=\"widget\" data-widget_type=\"text-editor.default\">\n\t\t\t\t<div class=\"elementor-widget-container\">\n\t\t\t\t\t\t\t\t\t<p><strong>Rozrywki umys\u0142owe<\/strong>\u00a0zajmuj\u0105 du\u017c\u0105 cz\u0119\u015b\u0107 zaj\u0119\u0107 \u015bwietlicowych. W \u015bwietlicy dzia\u0142a k\u00f3\u0142ko \u0142amig\u0142\u00f3wek \u201eRusz g\u0142ow\u0105\u201d. Na zaj\u0119ciach tych, zach\u0119ca si\u0119 uczni\u00f3w do rozwi\u0105zywania w wolnym czasie licznych krzy\u017c\u00f3wek, rebus\u00f3w i gier logicznych. W ten spos\u00f3b pokazuje si\u0119 uczniom, jak \u015bwietn\u0105 zabaw\u0105,<br \/>a jednocze\u015bnie nauk\u0105 mo\u017ce by\u0107 sp\u0119dzanie wolnego czasu na tzw. \u201e\u0142amaniu g\u0142owy\u201d czyli rozwi\u0105zywaniu wszelkiego rodzaju \u0142amig\u0142\u00f3wek i zagadek logicznych.<br \/><strong>Zabawy konstrukcyjne<\/strong>\u00a0zajmuj\u0105 du\u017c\u0105 cz\u0119\u015b\u0107 zaj\u0119\u0107 \u015bwietlicowych. W \u015bwietlicy posiadamy wiele komplet\u00f3w klock\u00f3w drewnianych, plastr\u00f3w, lego.<br \/><strong>Zaj\u0119cia plastyczno \u2013 techniczne<\/strong><br \/>W roku szkolny 2014\/2015 powsta\u0142a tzw. \u201cGaleria Malucha\u201d, kt\u00f3ra jest kontynuowana do dzisiaj. Swoje prace dzieci ze \u015bwietlicy prezentuj\u0105 na tablicach w sali oraz gazetkach szkolnych na korytarzu. Zbieramy prace w teczki ma\u0142ego artysty, kt\u00f3re potem zamienimy na Albumy i pochwalimy si\u0119 nimi przed rodzicami i nauczycielami. Ka\u017cdy uczestnik tych zaj\u0119\u0107 walczy o tytu\u0142 \u201cMa\u0142ego Plastyka\u201d, \u201cWielkiego Malarza\u201d, \u201cSuper Sobieradzika\u201d.<br \/><strong>Zaj\u0119cia origami<\/strong>\u00a0\u2013 s\u0105 nieocenion\u0105 form\u0105 zaj\u0119\u0107.<br \/>Ta metoda wykorzystywana jest przez wychowawc\u00f3w do przygotowania uczni\u00f3w do wykonania prac na liczne og\u00f3lnopolskie, wojew\u00f3dzkie, miejskie konkursy plastyczne. Wykorzystywanie tej techniki przyczyni\u0142o si\u0119 do stworzenia przez uczni\u00f3w wielu ciekawych prac, kt\u00f3re zdobi\u0105 pomieszczenia \u015bwietlicy, jak i s\u0105 podstaw\u0105 do tworzenia wielu wystaw szkolnych. Najaktywniejsi otrzymuj\u0105 miano \u201cZ\u0142otego \u015awietlika\u201d.<br \/>Uczniowie przebywaj\u0105cy w \u015bwietlicy maj\u0105 mo\u017cliwo\u015b\u0107 uczestnictwa r\u00f3wnie\u017c w zaj\u0119ciach podejmuj\u0105cych tematyk\u0119 dobrego wychowania.<br \/>Ka\u017cdego roku przeprowadzany jest konkurs na najlepszego koleg\u0119, kole\u017cank\u0119 oraz obchodzony jest w \u015bwietlicy Dzie\u0144 Dobrych Uczynk\u00f3w oraz urodziny dziecka (wg kalendarza).<\/p>\t\t\t\t\t\t\t\t<\/div>\n\t\t\t\t<\/div>\n\t\t\t\t\t<\/div>\n\t\t\t\t<\/div>\n\t\t\t\t<\/div>\n\t\t","protected":false},"excerpt":{"rendered":"<p>Dzie\u0144 na Opak czyli powitanie wiosny 19 marca\u00a0odby\u0142 si\u0119 w Pi\u0105tce Szkolny Dzie\u0144 na Opak czyli Powitanie Wiosny na weso\u0142o. Przebra\u0142y si\u0119 dzieci oraz panie. By\u0142o \u201cinaczej\u201d ni\u017c zwykle i bardzo weso\u0142o. Mamy zdj\u0119cia uczni\u00f3w tych klas, kt\u00f3re jeszcze dzisiaj mia\u0142y lekcje stacjonarne w klasach. Na pomys\u0142y \u201cna opak\u201d uczni\u00f3w z pozosta\u0142ych klas, tych \u201czdalnych\u201d czekamy do wtorku 23 marca. Oni r\u00f3wnie\u017c si\u0119 przebior\u0105, poprosz\u0105 rodzic\u00f3w o zrobienie zdj\u0119cia i je nam prze\u015bl\u0105. Dzi\u0119kujemy za humor i zabaw\u0119. Na przek\u00f3r pogodzie!Organizatork\u0105 wiosennego zamieszania by\u0142a pani Ma\u0142gorzata Cymuta przy wsparciu p.Jolanty Jastrz\u0119bskiej i wychowawc\u00f3w. Pomponiki na Dzie\u0144 Kobiet W poniedzia\u0142ek\u00a08 marca\u00a0\u201cDolina Rado\u015bci\u201d zrobi\u0142a si\u0119 kolorowa za spraw\u0105 warsztat\u00f3w pomponikowych z okazji Dnia Kobiet. Na pocz\u0105tek by\u0142y \u017cyczenia i s\u0142odycze dla dziewczynek, a potem zacz\u0119\u0142a si\u0119 zabawa z kolorow\u0105 we\u0142n\u0105. Ch\u0142opcom te\u017c spodoba\u0142y si\u0119 pomponiki i do\u0142\u0105czyli do pracy we wtorkowe popo\u0142udnie. Dzi\u0119kujemy rodzicom za materia\u0142 do rob\u00f3tek r\u0119cznych.info.M.Cymuta 8 marca i U\u015bmieszki Dzie\u0144 Kobiet w krainie U\u015bmieszk\u00f3w w szkolnej \u015bwietlicy. Panowie przygotowali paniom mile niespodzianki. I za\u015bpiewali pi\u0119knie 100 lat!info.J.Jastrz\u0119bska Nasza szko\u0142a w zimowej szacie Lubimy malowa\u0107.\u00a04 lutego\u00a0w grupie U\u015bmieszk\u00f3w temat :\u201dNasza szko\u0142a w zimowej szacie\u201d. Przed malowaniem zwiad wok\u00f3\u0142 szko\u0142y. Ale napada\u0142o! Jak bia\u0142o!fot.i info. J.Jastrz\u0119bska Zaj\u0119cia programowe Rozrywki umys\u0142owe\u00a0zajmuj\u0105 du\u017c\u0105 cz\u0119\u015b\u0107 zaj\u0119\u0107 \u015bwietlicowych. W \u015bwietlicy dzia\u0142a k\u00f3\u0142ko \u0142amig\u0142\u00f3wek \u201eRusz g\u0142ow\u0105\u201d. Na zaj\u0119ciach tych, zach\u0119ca si\u0119 uczni\u00f3w do rozwi\u0105zywania w wolnym czasie licznych krzy\u017c\u00f3wek, rebus\u00f3w i gier logicznych. W ten spos\u00f3b pokazuje si\u0119 uczniom, jak \u015bwietn\u0105 zabaw\u0105,a jednocze\u015bnie nauk\u0105 mo\u017ce by\u0107 sp\u0119dzanie wolnego czasu na tzw. \u201e\u0142amaniu g\u0142owy\u201d czyli rozwi\u0105zywaniu wszelkiego rodzaju \u0142amig\u0142\u00f3wek i zagadek logicznych.Zabawy konstrukcyjne\u00a0zajmuj\u0105 du\u017c\u0105 cz\u0119\u015b\u0107 zaj\u0119\u0107 \u015bwietlicowych. W \u015bwietlicy posiadamy wiele komplet\u00f3w klock\u00f3w drewnianych, plastr\u00f3w, lego.Zaj\u0119cia plastyczno \u2013 techniczneW roku szkolny 2014\/2015 powsta\u0142a tzw. \u201cGaleria Malucha\u201d, kt\u00f3ra jest kontynuowana do dzisiaj. Swoje prace dzieci ze \u015bwietlicy prezentuj\u0105 na tablicach w sali oraz gazetkach szkolnych na korytarzu. Zbieramy prace w teczki ma\u0142ego artysty, kt\u00f3re potem zamienimy na Albumy i pochwalimy si\u0119 nimi przed rodzicami i nauczycielami. Ka\u017cdy uczestnik tych zaj\u0119\u0107 walczy o tytu\u0142 \u201cMa\u0142ego Plastyka\u201d, \u201cWielkiego Malarza\u201d, \u201cSuper Sobieradzika\u201d.Zaj\u0119cia origami\u00a0\u2013 s\u0105 nieocenion\u0105 form\u0105 zaj\u0119\u0107.Ta metoda wykorzystywana jest przez wychowawc\u00f3w do przygotowania uczni\u00f3w do wykonania prac na liczne og\u00f3lnopolskie, wojew\u00f3dzkie, miejskie konkursy plastyczne. Wykorzystywanie tej techniki przyczyni\u0142o si\u0119 do stworzenia przez uczni\u00f3w wielu ciekawych prac, kt\u00f3re zdobi\u0105 pomieszczenia \u015bwietlicy, jak i s\u0105 podstaw\u0105 do tworzenia wielu wystaw szkolnych. Najaktywniejsi otrzymuj\u0105 miano \u201cZ\u0142otego \u015awietlika\u201d.Uczniowie przebywaj\u0105cy w \u015bwietlicy maj\u0105 mo\u017cliwo\u015b\u0107 uczestnictwa r\u00f3wnie\u017c w zaj\u0119ciach podejmuj\u0105cych tematyk\u0119 dobrego wychowania.Ka\u017cdego roku przeprowadzany jest konkurs na najlepszego koleg\u0119, kole\u017cank\u0119 oraz obchodzony jest w \u015bwietlicy Dzie\u0144 Dobrych Uczynk\u00f3w oraz urodziny dziecka (wg kalendarza).<\/p>\n","protected":false},"author":1,"featured_media":0,"parent":0,"menu_order":0,"comment_status":"closed","ping_status":"closed","template":"","meta":{"footnotes":""},"class_list":["post-1073","page","type-page","status-publish","hentry"],"acf":[],"_links":{"self":[{"href":"https:\/\/sp5.kwidzyn.pl\/index.php?rest_route=\/wp\/v2\/pages\/1073","targetHints":{"allow":["GET"]}}],"collection":[{"href":"https:\/\/sp5.kwidzyn.pl\/index.php?rest_route=\/wp\/v2\/pages"}],"about":[{"href":"https:\/\/sp5.kwidzyn.pl\/index.php?rest_route=\/wp\/v2\/types\/page"}],"author":[{"embeddable":true,"href":"https:\/\/sp5.kwidzyn.pl\/index.php?rest_route=\/wp\/v2\/users\/1"}],"replies":[{"embeddable":true,"href":"https:\/\/sp5.kwidzyn.pl\/index.php?rest_route=%2Fwp%2Fv2%2Fcomments&post=1073"}],"version-history":[{"count":16,"href":"https:\/\/sp5.kwidzyn.pl\/index.php?rest_route=\/wp\/v2\/pages\/1073\/revisions"}],"predecessor-version":[{"id":2579,"href":"https:\/\/sp5.kwidzyn.pl\/index.php?rest_route=\/wp\/v2\/pages\/1073\/revisions\/2579"}],"wp:attachment":[{"href":"https:\/\/sp5.kwidzyn.pl\/index.php?rest_route=%2Fwp%2Fv2%2Fmedia&parent=1073"}],"curies":[{"name":"wp","href":"https:\/\/api.w.org\/{rel}","templated":true}]}}