{"id":1065,"date":"2023-09-21T13:44:52","date_gmt":"2023-09-21T11:44:52","guid":{"rendered":"http:\/\/sp52.betulait.pl\/?page_id=1065"},"modified":"2023-11-29T13:14:45","modified_gmt":"2023-11-29T12:14:45","slug":"baza-szkoly","status":"publish","type":"page","link":"https:\/\/sp5.kwidzyn.pl\/?page_id=1065","title":{"rendered":"Baza szko\u0142y"},"content":{"rendered":"\t\t<div data-elementor-type=\"wp-page\" data-elementor-id=\"1065\" class=\"elementor elementor-1065\" data-elementor-post-type=\"page\">\n\t\t\t\t<div class=\"elementor-element elementor-element-127b3fcc e-con-full e-flex wpr-particle-no wpr-jarallax-no wpr-parallax-no wpr-sticky-section-no e-con e-parent\" data-id=\"127b3fcc\" data-element_type=\"container\" data-e-type=\"container\" data-settings=\"{&quot;background_background&quot;:&quot;classic&quot;}\">\n\t\t\t\t<div class=\"elementor-element elementor-element-32235152 elementor-widget elementor-widget-html\" data-id=\"32235152\" data-element_type=\"widget\" data-e-type=\"widget\" data-widget_type=\"html.default\">\n\t\t\t\t<div class=\"elementor-widget-container\">\n\t\t\t\t\t<nav aria-label=\"breadcrumbs\" class=\"rank-math-breadcrumb\"><p><span class=\"last\">Strona g\u0142\u00f3wna<\/span><\/p><\/nav>\t\t\t\t<\/div>\n\t\t\t\t<\/div>\n\t\t\t\t<\/div>\n\t\t<div class=\"elementor-element elementor-element-2eb6d150 e-flex e-con-boxed wpr-particle-no wpr-jarallax-no wpr-parallax-no wpr-sticky-section-no e-con e-parent\" data-id=\"2eb6d150\" data-element_type=\"container\" data-e-type=\"container\">\n\t\t\t\t\t<div class=\"e-con-inner\">\n\t\t\t\t<div class=\"elementor-element elementor-element-227d0ba7 elementor-widget-divider--view-line elementor-widget elementor-widget-divider\" data-id=\"227d0ba7\" data-element_type=\"widget\" data-e-type=\"widget\" data-widget_type=\"divider.default\">\n\t\t\t\t<div class=\"elementor-widget-container\">\n\t\t\t\t\t\t\t<div class=\"elementor-divider\">\n\t\t\t<span class=\"elementor-divider-separator\">\n\t\t\t\t\t\t<\/span>\n\t\t<\/div>\n\t\t\t\t\t\t<\/div>\n\t\t\t\t<\/div>\n\t\t\t\t\t<\/div>\n\t\t\t\t<\/div>\n\t\t<div class=\"elementor-element elementor-element-a9a6ad9 e-flex e-con-boxed wpr-particle-no wpr-jarallax-no wpr-parallax-no wpr-sticky-section-no e-con e-parent\" data-id=\"a9a6ad9\" data-element_type=\"container\" data-e-type=\"container\">\n\t\t\t\t\t<div class=\"e-con-inner\">\n\t\t\t\t<div class=\"elementor-element elementor-element-3e480c6 elementor-widget elementor-widget-heading\" data-id=\"3e480c6\" data-element_type=\"widget\" data-e-type=\"widget\" data-widget_type=\"heading.default\">\n\t\t\t\t<div class=\"elementor-widget-container\">\n\t\t\t\t\t<h2 class=\"elementor-heading-title elementor-size-default\">szko\u0142a mie\u015bci si\u0119 w dw\u00f3ch budynkach<br>\n<br>\nW BUDYNKU PRZY UL. Kamiennej 18 SZKO\u0141A POSIADA NAST\u0118PUJ\u0104CE WYPOSA\u017bENIE:<\/h2>\t\t\t\t<\/div>\n\t\t\t\t<\/div>\n\t\t\t\t<div class=\"elementor-element elementor-element-87ca783 elementor-widget elementor-widget-text-editor\" data-id=\"87ca783\" data-element_type=\"widget\" data-e-type=\"widget\" data-widget_type=\"text-editor.default\">\n\t\t\t\t<div class=\"elementor-widget-container\">\n\t\t\t\t\t\t\t\t\t<p>LOKALOWE:<\/p>\n<ul>\n<li>4 gabinety j\u0119zyka&nbsp; polskiego<\/li>\n<li>4 gabinety matematyki<\/li>\n<li>4 gabinety j\u0119zyk\u00f3w obcych<\/li>\n<li>2 gabinety historii\/wos<\/li>\n<li>2 pracownie komputerowe\/j\u0119zykowe<\/li>\n<li>1 klasopracownia fizyczna<\/li>\n<li>1 gabinet chemiczny<\/li>\n<li>1 gabinet biologiczny<\/li>\n<li>1 gabinet geograficzny<\/li>\n<li>1 gabinet plastyczny<\/li>\n<li>1 klasa do nauki religii<\/li>\n<li>1 gabinet muzyczny\/j\u0119zykowy<\/li>\n<li>1 do zaj\u0119\u0107 indywidualnych<\/li>\n<li>1 do zaj\u0119\u0107 terapeutycznych<\/li>\n<li>Sala gimnastyczna<\/li>\n<li>Biblioteka<\/li>\n<li>Sto\u0142\u00f3wka<\/li>\n<\/ul>\n<p>DWA BOISKA \u201cORLIK\u201d:<\/p>\n<ul>\n<li>1 do pi\u0142ki no\u017cnej<\/li>\n<li>1 do pi\u0142ki koszykowej<\/li>\n<\/ul>\n<p>TERENY ZIELONE WOK\u00d3\u0141 SZKO\u0141Y \u2013 880 M<sup>2<\/sup><\/p>\t\t\t\t\t\t\t\t<\/div>\n\t\t\t\t<\/div>\n\t\t\t\t<div class=\"elementor-element elementor-element-36e014a elementor-widget elementor-widget-text-editor\" data-id=\"36e014a\" data-element_type=\"widget\" data-e-type=\"widget\" data-widget_type=\"text-editor.default\">\n\t\t\t\t<div class=\"elementor-widget-container\">\n\t\t\t\t\t\t\t\t\t<p>W szkole\u00a0<strong>wszystkie<\/strong>\u00a0pomieszczenia maj\u0105 na wyposa\u017ceniu komputer z pod\u0142\u0105czeniem do internetu. W budynku znajduje si\u0119 winda.<\/p>\t\t\t\t\t\t\t\t<\/div>\n\t\t\t\t<\/div>\n\t\t\t\t<div class=\"elementor-element elementor-element-db4e16c elementor-widget elementor-widget-heading\" data-id=\"db4e16c\" data-element_type=\"widget\" data-e-type=\"widget\" data-widget_type=\"heading.default\">\n\t\t\t\t<div class=\"elementor-widget-container\">\n\t\t\t\t\t<h2 class=\"elementor-heading-title elementor-size-default\">W BUDYNKU PRZY UL. Hallera 4 SZKO\u0141A POSIADA NAST\u0118PUJ\u0104CE WYPOSA\u017bENIE:<\/h2>\t\t\t\t<\/div>\n\t\t\t\t<\/div>\n\t\t\t\t<div class=\"elementor-element elementor-element-c8bfab2 elementor-widget elementor-widget-text-editor\" data-id=\"c8bfab2\" data-element_type=\"widget\" data-e-type=\"widget\" data-widget_type=\"text-editor.default\">\n\t\t\t\t<div class=\"elementor-widget-container\">\n\t\t\t\t\t\t\t\t\t<p>LOKALOWE:<\/p><ul><li>Sale lekcyjne<\/li><li>\u015awietlica<\/li><li>Aula<\/li><li>Sala gimnastyczna<\/li><li>Biblioteka<\/li><li>Sto\u0142\u00f3wka<\/li><\/ul><p>\u00a0<\/p><p>DWA BOISKA \u201cORLIK\u201d:<\/p><ul><li style=\"list-style-type: none;\"><ul><li>1 do pi\u0142ki no\u017cnej<\/li><li>1 do pi\u0142ki koszykowej<\/li><\/ul><\/li><\/ul>\t\t\t\t\t\t\t\t<\/div>\n\t\t\t\t<\/div>\n\t\t\t\t\t<\/div>\n\t\t\t\t<\/div>\n\t\t\t\t<\/div>\n\t\t","protected":false},"excerpt":{"rendered":"<p>szko\u0142a mie\u015bci si\u0119 w dw\u00f3ch budynkach W BUDYNKU PRZY UL. Kamiennej 18 SZKO\u0141A POSIADA NAST\u0118PUJ\u0104CE WYPOSA\u017bENIE: LOKALOWE: 4 gabinety j\u0119zyka&nbsp; polskiego 4 gabinety matematyki 4 gabinety j\u0119zyk\u00f3w obcych 2 gabinety historii\/wos 2 pracownie komputerowe\/j\u0119zykowe 1 klasopracownia fizyczna 1 gabinet chemiczny 1 gabinet biologiczny 1 gabinet geograficzny 1 gabinet plastyczny 1 klasa do nauki religii 1 gabinet muzyczny\/j\u0119zykowy 1 do zaj\u0119\u0107 indywidualnych 1 do zaj\u0119\u0107 terapeutycznych Sala gimnastyczna Biblioteka Sto\u0142\u00f3wka DWA BOISKA \u201cORLIK\u201d: 1 do pi\u0142ki no\u017cnej 1 do pi\u0142ki koszykowej TERENY ZIELONE WOK\u00d3\u0141 SZKO\u0141Y \u2013 880 M2 W szkole\u00a0wszystkie\u00a0pomieszczenia maj\u0105 na wyposa\u017ceniu komputer z pod\u0142\u0105czeniem do internetu. W budynku znajduje si\u0119 winda. W BUDYNKU PRZY UL. Hallera 4 SZKO\u0141A POSIADA NAST\u0118PUJ\u0104CE WYPOSA\u017bENIE: LOKALOWE: Sale lekcyjne \u015awietlica Aula Sala gimnastyczna Biblioteka Sto\u0142\u00f3wka \u00a0 DWA BOISKA \u201cORLIK\u201d: 1 do pi\u0142ki no\u017cnej 1 do pi\u0142ki koszykowej<\/p>\n","protected":false},"author":1,"featured_media":0,"parent":0,"menu_order":0,"comment_status":"closed","ping_status":"closed","template":"","meta":{"footnotes":""},"class_list":["post-1065","page","type-page","status-publish","hentry"],"acf":[],"_links":{"self":[{"href":"https:\/\/sp5.kwidzyn.pl\/index.php?rest_route=\/wp\/v2\/pages\/1065","targetHints":{"allow":["GET"]}}],"collection":[{"href":"https:\/\/sp5.kwidzyn.pl\/index.php?rest_route=\/wp\/v2\/pages"}],"about":[{"href":"https:\/\/sp5.kwidzyn.pl\/index.php?rest_route=\/wp\/v2\/types\/page"}],"author":[{"embeddable":true,"href":"https:\/\/sp5.kwidzyn.pl\/index.php?rest_route=\/wp\/v2\/users\/1"}],"replies":[{"embeddable":true,"href":"https:\/\/sp5.kwidzyn.pl\/index.php?rest_route=%2Fwp%2Fv2%2Fcomments&post=1065"}],"version-history":[{"count":16,"href":"https:\/\/sp5.kwidzyn.pl\/index.php?rest_route=\/wp\/v2\/pages\/1065\/revisions"}],"predecessor-version":[{"id":2537,"href":"https:\/\/sp5.kwidzyn.pl\/index.php?rest_route=\/wp\/v2\/pages\/1065\/revisions\/2537"}],"wp:attachment":[{"href":"https:\/\/sp5.kwidzyn.pl\/index.php?rest_route=%2Fwp%2Fv2%2Fmedia&parent=1065"}],"curies":[{"name":"wp","href":"https:\/\/api.w.org\/{rel}","templated":true}]}}