{"id":1059,"date":"2023-09-21T13:38:26","date_gmt":"2023-09-21T11:38:26","guid":{"rendered":"http:\/\/sp52.betulait.pl\/?page_id=1059"},"modified":"2023-11-26T10:10:28","modified_gmt":"2023-11-26T09:10:28","slug":"historia-sp5","status":"publish","type":"page","link":"https:\/\/sp5.kwidzyn.pl\/?page_id=1059","title":{"rendered":"Historia SP5"},"content":{"rendered":"\t\t<div data-elementor-type=\"wp-page\" data-elementor-id=\"1059\" class=\"elementor elementor-1059\" data-elementor-post-type=\"page\">\n\t\t\t\t<div class=\"elementor-element elementor-element-483aad29 e-con-full e-flex wpr-particle-no wpr-jarallax-no wpr-parallax-no wpr-sticky-section-no e-con e-parent\" data-id=\"483aad29\" data-element_type=\"container\" data-e-type=\"container\" data-settings=\"{&quot;background_background&quot;:&quot;classic&quot;}\">\n\t\t\t\t<div class=\"elementor-element elementor-element-22eecb9a elementor-widget elementor-widget-html\" data-id=\"22eecb9a\" data-element_type=\"widget\" data-e-type=\"widget\" data-widget_type=\"html.default\">\n\t\t\t\t<div class=\"elementor-widget-container\">\n\t\t\t\t\t<nav aria-label=\"breadcrumbs\" class=\"rank-math-breadcrumb\"><p><span class=\"last\">Strona g\u0142\u00f3wna<\/span><\/p><\/nav>\t\t\t\t<\/div>\n\t\t\t\t<\/div>\n\t\t\t\t<\/div>\n\t\t<div class=\"elementor-element elementor-element-54cdba02 e-flex e-con-boxed wpr-particle-no wpr-jarallax-no wpr-parallax-no wpr-sticky-section-no e-con e-parent\" data-id=\"54cdba02\" data-element_type=\"container\" data-e-type=\"container\">\n\t\t\t\t\t<div class=\"e-con-inner\">\n\t\t\t\t<div class=\"elementor-element elementor-element-5584490b elementor-widget-divider--view-line elementor-widget elementor-widget-divider\" data-id=\"5584490b\" data-element_type=\"widget\" data-e-type=\"widget\" data-widget_type=\"divider.default\">\n\t\t\t\t<div class=\"elementor-widget-container\">\n\t\t\t\t\t\t\t<div class=\"elementor-divider\">\n\t\t\t<span class=\"elementor-divider-separator\">\n\t\t\t\t\t\t<\/span>\n\t\t<\/div>\n\t\t\t\t\t\t<\/div>\n\t\t\t\t<\/div>\n\t\t\t\t\t<\/div>\n\t\t\t\t<\/div>\n\t\t<div class=\"elementor-element elementor-element-3873f37 e-flex e-con-boxed wpr-particle-no wpr-jarallax-no wpr-parallax-no wpr-sticky-section-no e-con e-parent\" data-id=\"3873f37\" data-element_type=\"container\" data-e-type=\"container\">\n\t\t\t\t\t<div class=\"e-con-inner\">\n\t\t<div class=\"elementor-element elementor-element-b406086 e-con-full e-flex wpr-particle-no wpr-jarallax-no wpr-parallax-no wpr-sticky-section-no e-con e-child\" data-id=\"b406086\" data-element_type=\"container\" data-e-type=\"container\">\n\t\t\t\t<div class=\"elementor-element elementor-element-bbfcbc6 elementor-widget elementor-widget-text-editor\" data-id=\"bbfcbc6\" data-element_type=\"widget\" data-e-type=\"widget\" data-widget_type=\"text-editor.default\">\n\t\t\t\t<div class=\"elementor-widget-container\">\n\t\t\t\t\t\t\t\t\t<p>Po zako\u0144czeniu dzia\u0142a\u0144 wojennych Kwidzyn zn\u00f3w znalaz\u0142 si\u0119 w granicach Polski. Od wiosny 1945 roku zacz\u0119li przybywa\u0107 do miasta polscy osadnicy z r\u00f3\u017cnych teren\u00f3w kraju, zza Buga, i z Niemiec. Powi\u0119kszaj\u0105ca si\u0119 liczba dzieci stworzy\u0142a konieczno\u015b\u0107 zorganizowania kolejnej szko\u0142y podstawowej. Aby przyj\u015b\u0107 z pomoc\u0105 dzieciom pozbawionym mo\u017cliwo\u015bci nauki w czasie wojny i okupacji, zorganizowano i uruchomiono dnia 1 grudnia 1946 roku Podstawow\u0105 Szko\u0142\u0119 Semestraln\u0105, kt\u00f3rej nadano numer 5. Przygotowania do dzia\u0142alno\u015bci tej plac\u00f3wki o\u015bwiatowej rozpocz\u0119to 27 listopada od zbi\u00f3rki sprz\u0119tu szkolnego.<\/p>\t\t\t\t\t\t\t\t<\/div>\n\t\t\t\t<\/div>\n\t\t\t\t<\/div>\n\t\t<div class=\"elementor-element elementor-element-c82c5f8 e-con-full e-flex wpr-particle-no wpr-jarallax-no wpr-parallax-no wpr-sticky-section-no e-con e-child\" data-id=\"c82c5f8\" data-element_type=\"container\" data-e-type=\"container\" data-settings=\"{&quot;background_background&quot;:&quot;classic&quot;}\">\n\t\t\t\t<div class=\"elementor-element elementor-element-648fcfa elementor-widget elementor-widget-image\" data-id=\"648fcfa\" data-element_type=\"widget\" data-e-type=\"widget\" data-widget_type=\"image.default\">\n\t\t\t\t<div class=\"elementor-widget-container\">\n\t\t\t\t\t\t\t\t\t\t\t\t\t\t\t<img fetchpriority=\"high\" decoding=\"async\" width=\"300\" height=\"225\" src=\"https:\/\/sp5.kwidzyn.pl\/wp-content\/uploads\/2023\/09\/hstoria-300x225-1.jpg\" class=\"attachment-large size-large wp-image-1061\" alt=\"\" \/>\t\t\t\t\t\t\t\t\t\t\t\t\t\t\t<\/div>\n\t\t\t\t<\/div>\n\t\t\t\t<\/div>\n\t\t\t\t\t<\/div>\n\t\t\t\t<\/div>\n\t\t<div class=\"elementor-element elementor-element-fea4215 e-flex e-con-boxed wpr-particle-no wpr-jarallax-no wpr-parallax-no wpr-sticky-section-no e-con e-parent\" data-id=\"fea4215\" data-element_type=\"container\" data-e-type=\"container\">\n\t\t\t\t\t<div class=\"e-con-inner\">\n\t\t\t\t<div class=\"elementor-element elementor-element-f40d51d elementor-widget elementor-widget-text-editor\" data-id=\"f40d51d\" data-element_type=\"widget\" data-e-type=\"widget\" data-widget_type=\"text-editor.default\">\n\t\t\t\t<div class=\"elementor-widget-container\">\n\t\t\t\t\t\t\t\t\t<p>Zaj\u0119cia lekcyjne rozpocz\u0119\u0142y si\u0119\u00a0<strong>2 grudnia 1946 roku<\/strong>\u00a0w budynku obecnej Szko\u0142y Muzycznej przy ulicy Batalion\u00f3w Ch\u0142opskich 18 (w\u00f3wczas ul. \u015arodkowej). Kierownictwo szko\u0142y powierzono nauczycielowi Janowi M\u00f3wi\u0144skiemu. W tym budynku Szko\u0142a pracowa\u0142a do roku szkolnego 1952. Nast\u0119pnie zosta\u0142a przeniesiona do budynku po zlikwidowanym Gimnazjum Gospodarczo \u2013 Krawieckim przy ul. Mazurskiej, gdzie mie\u015bci si\u0119 w chwili obecnej. W 1952 roku po feriach zimowych przemianowano plac\u00f3wk\u0119 na Szko\u0142\u0119 Towarzystwa Przyjaci\u00f3\u0142 Dzieci. 15 wrze\u015bnia tego roku uruchomiono \u015bwietlic\u0119 szkoln\u0105 ze sto\u0142\u00f3wk\u0105.<br \/>Powsta\u0142a dru\u017cyna harcerska. W 6 maja 1989r. Szczep ZHP otrzyma\u0142 sztandar i imi\u0119 Szarych Szereg\u00f3w.<\/p>\t\t\t\t\t\t\t\t<\/div>\n\t\t\t\t<\/div>\n\t\t\t\t<div class=\"elementor-element elementor-element-48b48ab elementor-widget elementor-widget-heading\" data-id=\"48b48ab\" data-element_type=\"widget\" data-e-type=\"widget\" data-widget_type=\"heading.default\">\n\t\t\t\t<div class=\"elementor-widget-container\">\n\t\t\t\t\t<h2 class=\"elementor-heading-title elementor-size-default\">Kalendarium szko\u0142y po roku 1990:<\/h2>\t\t\t\t<\/div>\n\t\t\t\t<\/div>\n\t\t\t\t<div class=\"elementor-element elementor-element-fde9f71 elementor-widget elementor-widget-text-editor\" data-id=\"fde9f71\" data-element_type=\"widget\" data-e-type=\"widget\" data-widget_type=\"text-editor.default\">\n\t\t\t\t<div class=\"elementor-widget-container\">\n\t\t\t\t\t\t\t\t\t<ul><li><strong>1991<\/strong>\u00a0\u2013 przywr\u00f3cenie nazwy szko\u0142y: Szko\u0142a Podstawowa nr 5,<\/li><li><strong>1992<\/strong>\u00a0\u2013 powstanie zespo\u0142u teatralnego \u201cBajdurki\u201d,<\/li><li><strong>1996<\/strong>\u00a0\u2013 uroczyste obchody 55-lecia powstania Szko\u0142y,<\/li><li><strong>1998<\/strong>\u00a0\u2013 przekszta\u0142cenie o\u015bmioletniej szko\u0142y podstawowej w sze\u015bcioletni\u0105 szko\u0142\u0119 podstawow\u0105, powstanie zespo\u0142u muzyki dawnej Con Grazia,<\/li><li><strong>1999<\/strong>\u00a0\u2013 po\u017cegnanie pierwszych absolwent\u00f3w sze\u015bcioletniej szko\u0142y podstawowej<\/li><li>Rok\u00a0<strong>2000-tysi\u0119czny<\/strong>\u00a0\u2013 wej\u015bcie do Og\u00f3lnopolskiej Sieci Szk\u00f3\u0142 Promuj\u0105cych Zdrowie, po\u017cegnanie ostatniego rocznika uczni\u00f3w klas VIII,<\/li><li><strong>2001<\/strong>\u00a0\u2013 powstanie szkolnego ch\u00f3ru \u201eGama\u201d,<\/li><li><strong>2003<\/strong>\u00a0\u2013 kapitalny remont szko\u0142y,<\/li><li><strong>2004<\/strong>\u00a0\u2013 otrzymanie Certyfikatu Szko\u0142y Promuj\u0105cej Zdrowie i Szko\u0142y z Klas\u0105, powstanie Zespo\u0142u teatralnego \u201eLawi\u201d, remont kapitalny auli,<\/li><li><strong>2005<\/strong>\u00a0\u2013 otrzymanie dw\u00f3ch certyfikat\u00f3w w ramach realizacji Pomorskich Certyfikat\u00f3w Jako\u015bci Edukacyjnej, oddanie do u\u017cytku pracowni komputerowej,<\/li><li><strong>2006<\/strong>\u00a0\u2013 otrzymanie kolejnych dw\u00f3ch certyfikat\u00f3w w ramach realizacji Pomorskich Certyfikat\u00f3w Jako\u015bci Edukacyjnej,<\/li><li><strong>2007<\/strong>\u00a0\u2013 kapitalny remont sali gimnastycznej,<\/li><li><strong>2008<\/strong>\u00a0\u2013 uroczyste obchody nadania Szkole imienia Zjednoczonej Europy i przekazanie sztandaru, XXX Festiwalu Ma\u0142ych Form Artystycznych i XX Turnieju kl.VI o Puchar Dyrektora Szko\u0142y,<\/li><li><strong>2009<\/strong>\u00a0\u2013 zapisy dzieci sze\u015bcioletnich do klasy pierwszej, otwarcie kompleksu boisk w ramach Og\u00f3lnopolskiego Programu \u201eOrlik 2012\u201d,<br \/><strong>2010<\/strong>\u00a0\u2013 obchody XX-lecia powstania szkolnego zespo\u0142u teatralnego \u201eBajdurki\u201d.<\/li><li><strong>2016-2017<\/strong>\u00a0\u2013 uroczyste obchody 70-lecia Szko\u0142y, wmurowanie pami\u0105tkowej tablicy, przemarsz ulicami miasta Kwidzyna,<\/li><li><strong>20<\/strong><strong>17<\/strong>\u00a0\u2013 przekszta\u0142cenie sze\u015bcioletniej szko\u0142y podstawowej w o\u015bmioletni\u0105.<\/li><li>od\u00a0<strong>1 wrze\u015bnia 2017r.<\/strong>\u00a0mie\u015bci si\u0119 w dw\u00f3ch budynkach: ul. Gen. J. Hallera 4 i ul. Kamienna 18.<\/li><\/ul>\t\t\t\t\t\t\t\t<\/div>\n\t\t\t\t<\/div>\n\t\t\t\t<div class=\"elementor-element elementor-element-4e30a28 elementor-widget elementor-widget-heading\" data-id=\"4e30a28\" data-element_type=\"widget\" data-e-type=\"widget\" data-widget_type=\"heading.default\">\n\t\t\t\t<div class=\"elementor-widget-container\">\n\t\t\t\t\t<h2 class=\"elementor-heading-title elementor-size-default\">DYREKTORZY SZKO\u0141Y<\/h2>\t\t\t\t<\/div>\n\t\t\t\t<\/div>\n\t\t\t\t<div class=\"elementor-element elementor-element-e92bdbd elementor-widget elementor-widget-text-editor\" data-id=\"e92bdbd\" data-element_type=\"widget\" data-e-type=\"widget\" data-widget_type=\"text-editor.default\">\n\t\t\t\t<div class=\"elementor-widget-container\">\n\t\t\t\t\t\t\t\t\t<ul>\n<li><strong>1946 \u2013 1952&nbsp;<\/strong>Jan M\u00f3wi\u0144ski<\/li>\n<li><strong>1952 \u2013 1956<\/strong>&nbsp;Marian Oberland<\/li>\n<li><strong>1956 \u2013 1963<\/strong>&nbsp;Wiktor Sienkiewicz<\/li>\n<li><strong>1963 \u2013 1975<\/strong>&nbsp;Helena Karolewska<\/li>\n<li><strong>1975 \u2013 1981<\/strong>&nbsp;Bogdan Duber<\/li>\n<li><strong>1981 \u2013 1989<\/strong>&nbsp;Wies\u0142aw Mosakowski<\/li>\n<li><strong>1989<\/strong>&nbsp;\u2013 Irena Orepiuk<\/li>\n<li><strong>1989 \u2013 1991<\/strong>&nbsp;Zofia Dutko<\/li>\n<li><strong>1991 \u2013 2001<\/strong>&nbsp;Urszula Macutkewicz<\/li>\n<li><strong>2001 \u2013 2017<\/strong>&nbsp;Renata Dzikowska,<\/li>\n<li><strong>2017 \u2013 2023&nbsp;<\/strong>Miros\u0142aw Dudek.<\/li>\n<\/ul>\t\t\t\t\t\t\t\t<\/div>\n\t\t\t\t<\/div>\n\t\t\t\t\t<\/div>\n\t\t\t\t<\/div>\n\t\t\t\t<\/div>\n\t\t","protected":false},"excerpt":{"rendered":"<p>Po zako\u0144czeniu dzia\u0142a\u0144 wojennych Kwidzyn zn\u00f3w znalaz\u0142 si\u0119 w granicach Polski. Od wiosny 1945 roku zacz\u0119li przybywa\u0107 do miasta polscy osadnicy z r\u00f3\u017cnych teren\u00f3w kraju, zza Buga, i z Niemiec. Powi\u0119kszaj\u0105ca si\u0119 liczba dzieci stworzy\u0142a konieczno\u015b\u0107 zorganizowania kolejnej szko\u0142y podstawowej. Aby przyj\u015b\u0107 z pomoc\u0105 dzieciom pozbawionym mo\u017cliwo\u015bci nauki w czasie wojny i okupacji, zorganizowano i uruchomiono dnia 1 grudnia 1946 roku Podstawow\u0105 Szko\u0142\u0119 Semestraln\u0105, kt\u00f3rej nadano numer 5. Przygotowania do dzia\u0142alno\u015bci tej plac\u00f3wki o\u015bwiatowej rozpocz\u0119to 27 listopada od zbi\u00f3rki sprz\u0119tu szkolnego. Zaj\u0119cia lekcyjne rozpocz\u0119\u0142y si\u0119\u00a02 grudnia 1946 roku\u00a0w budynku obecnej Szko\u0142y Muzycznej przy ulicy Batalion\u00f3w Ch\u0142opskich 18 (w\u00f3wczas ul. \u015arodkowej). Kierownictwo szko\u0142y powierzono nauczycielowi Janowi M\u00f3wi\u0144skiemu. W tym budynku Szko\u0142a pracowa\u0142a do roku szkolnego 1952. Nast\u0119pnie zosta\u0142a przeniesiona do budynku po zlikwidowanym Gimnazjum Gospodarczo \u2013 Krawieckim przy ul. Mazurskiej, gdzie mie\u015bci si\u0119 w chwili obecnej. W 1952 roku po feriach zimowych przemianowano plac\u00f3wk\u0119 na Szko\u0142\u0119 Towarzystwa Przyjaci\u00f3\u0142 Dzieci. 15 wrze\u015bnia tego roku uruchomiono \u015bwietlic\u0119 szkoln\u0105 ze sto\u0142\u00f3wk\u0105.Powsta\u0142a dru\u017cyna harcerska. W 6 maja 1989r. Szczep ZHP otrzyma\u0142 sztandar i imi\u0119 Szarych Szereg\u00f3w. Kalendarium szko\u0142y po roku 1990: 1991\u00a0\u2013 przywr\u00f3cenie nazwy szko\u0142y: Szko\u0142a Podstawowa nr 5, 1992\u00a0\u2013 powstanie zespo\u0142u teatralnego \u201cBajdurki\u201d, 1996\u00a0\u2013 uroczyste obchody 55-lecia powstania Szko\u0142y, 1998\u00a0\u2013 przekszta\u0142cenie o\u015bmioletniej szko\u0142y podstawowej w sze\u015bcioletni\u0105 szko\u0142\u0119 podstawow\u0105, powstanie zespo\u0142u muzyki dawnej Con Grazia, 1999\u00a0\u2013 po\u017cegnanie pierwszych absolwent\u00f3w sze\u015bcioletniej szko\u0142y podstawowej Rok\u00a02000-tysi\u0119czny\u00a0\u2013 wej\u015bcie do Og\u00f3lnopolskiej Sieci Szk\u00f3\u0142 Promuj\u0105cych Zdrowie, po\u017cegnanie ostatniego rocznika uczni\u00f3w klas VIII, 2001\u00a0\u2013 powstanie szkolnego ch\u00f3ru \u201eGama\u201d, 2003\u00a0\u2013 kapitalny remont szko\u0142y, 2004\u00a0\u2013 otrzymanie Certyfikatu Szko\u0142y Promuj\u0105cej Zdrowie i Szko\u0142y z Klas\u0105, powstanie Zespo\u0142u teatralnego \u201eLawi\u201d, remont kapitalny auli, 2005\u00a0\u2013 otrzymanie dw\u00f3ch certyfikat\u00f3w w ramach realizacji Pomorskich Certyfikat\u00f3w Jako\u015bci Edukacyjnej, oddanie do u\u017cytku pracowni komputerowej, 2006\u00a0\u2013 otrzymanie kolejnych dw\u00f3ch certyfikat\u00f3w w ramach realizacji Pomorskich Certyfikat\u00f3w Jako\u015bci Edukacyjnej, 2007\u00a0\u2013 kapitalny remont sali gimnastycznej, 2008\u00a0\u2013 uroczyste obchody nadania Szkole imienia Zjednoczonej Europy i przekazanie sztandaru, XXX Festiwalu Ma\u0142ych Form Artystycznych i XX Turnieju kl.VI o Puchar Dyrektora Szko\u0142y, 2009\u00a0\u2013 zapisy dzieci sze\u015bcioletnich do klasy pierwszej, otwarcie kompleksu boisk w ramach Og\u00f3lnopolskiego Programu \u201eOrlik 2012\u201d,2010\u00a0\u2013 obchody XX-lecia powstania szkolnego zespo\u0142u teatralnego \u201eBajdurki\u201d. 2016-2017\u00a0\u2013 uroczyste obchody 70-lecia Szko\u0142y, wmurowanie pami\u0105tkowej tablicy, przemarsz ulicami miasta Kwidzyna, 2017\u00a0\u2013 przekszta\u0142cenie sze\u015bcioletniej szko\u0142y podstawowej w o\u015bmioletni\u0105. od\u00a01 wrze\u015bnia 2017r.\u00a0mie\u015bci si\u0119 w dw\u00f3ch budynkach: ul. Gen. J. Hallera 4 i ul. Kamienna 18. DYREKTORZY SZKO\u0141Y 1946 \u2013 1952&nbsp;Jan M\u00f3wi\u0144ski 1952 \u2013 1956&nbsp;Marian Oberland 1956 \u2013 1963&nbsp;Wiktor Sienkiewicz 1963 \u2013 1975&nbsp;Helena Karolewska 1975 \u2013 1981&nbsp;Bogdan Duber 1981 \u2013 1989&nbsp;Wies\u0142aw Mosakowski 1989&nbsp;\u2013 Irena Orepiuk 1989 \u2013 1991&nbsp;Zofia Dutko 1991 \u2013 2001&nbsp;Urszula Macutkewicz 2001 \u2013 2017&nbsp;Renata Dzikowska, 2017 \u2013 2023&nbsp;Miros\u0142aw Dudek.<\/p>\n","protected":false},"author":1,"featured_media":0,"parent":0,"menu_order":0,"comment_status":"closed","ping_status":"closed","template":"","meta":{"footnotes":""},"class_list":["post-1059","page","type-page","status-publish","hentry"],"acf":[],"_links":{"self":[{"href":"https:\/\/sp5.kwidzyn.pl\/index.php?rest_route=\/wp\/v2\/pages\/1059","targetHints":{"allow":["GET"]}}],"collection":[{"href":"https:\/\/sp5.kwidzyn.pl\/index.php?rest_route=\/wp\/v2\/pages"}],"about":[{"href":"https:\/\/sp5.kwidzyn.pl\/index.php?rest_route=\/wp\/v2\/types\/page"}],"author":[{"embeddable":true,"href":"https:\/\/sp5.kwidzyn.pl\/index.php?rest_route=\/wp\/v2\/users\/1"}],"replies":[{"embeddable":true,"href":"https:\/\/sp5.kwidzyn.pl\/index.php?rest_route=%2Fwp%2Fv2%2Fcomments&post=1059"}],"version-history":[{"count":22,"href":"https:\/\/sp5.kwidzyn.pl\/index.php?rest_route=\/wp\/v2\/pages\/1059\/revisions"}],"predecessor-version":[{"id":2464,"href":"https:\/\/sp5.kwidzyn.pl\/index.php?rest_route=\/wp\/v2\/pages\/1059\/revisions\/2464"}],"wp:attachment":[{"href":"https:\/\/sp5.kwidzyn.pl\/index.php?rest_route=%2Fwp%2Fv2%2Fmedia&parent=1059"}],"curies":[{"name":"wp","href":"https:\/\/api.w.org\/{rel}","templated":true}]}}